{"id":1226,"date":"2025-07-28T02:19:33","date_gmt":"2025-07-28T02:19:33","guid":{"rendered":"https:\/\/www.heveagenius.com\/politique-de-confidentialite\/"},"modified":"2025-08-22T01:05:32","modified_gmt":"2025-08-22T01:05:32","slug":"politique-de-confidentialite","status":"publish","type":"page","link":"https:\/\/www.heveagenius.com\/fr\/politique-de-confidentialite\/","title":{"rendered":"Politique de confidentialit\u00e9"},"content":{"rendered":"\t\t<div data-elementor-type=\"wp-page\" data-elementor-id=\"1226\" class=\"elementor elementor-1226 elementor-3\" data-elementor-post-type=\"page\">\n\t\t\t\t\t\t<section class=\"elementor-section elementor-top-section elementor-element elementor-element-56806525 elementor-section-height-min-height elementor-section-boxed elementor-section-height-default elementor-section-items-middle\" data-id=\"56806525\" data-element_type=\"section\" data-settings=\"{&quot;background_background&quot;:&quot;classic&quot;}\">\n\t\t\t\t\t\t\t<div class=\"elementor-background-overlay\"><\/div>\n\t\t\t\t\t\t\t<div class=\"elementor-container elementor-column-gap-default\">\n\t\t\t\t\t<div class=\"elementor-column elementor-col-100 elementor-top-column elementor-element elementor-element-51cbfb96\" data-id=\"51cbfb96\" data-element_type=\"column\">\n\t\t\t<div class=\"elementor-widget-wrap elementor-element-populated\">\n\t\t\t\t\t\t<div class=\"elementor-element elementor-element-33b405ba elementor-widget elementor-widget-heading\" data-id=\"33b405ba\" data-element_type=\"widget\" data-widget_type=\"heading.default\">\n\t\t\t\t\t<h2 class=\"elementor-heading-title elementor-size-default\">Politique de <br><b>Confidentialit\u00e9<\/b><\/h2>\t\t\t\t<\/div>\n\t\t\t\t\t<\/div>\n\t\t<\/div>\n\t\t\t\t\t<\/div>\n\t\t<\/section>\n\t\t\t\t<section class=\"elementor-section elementor-top-section elementor-element elementor-element-7adbf40 elementor-section-boxed elementor-section-height-default elementor-section-height-default\" data-id=\"7adbf40\" data-element_type=\"section\" data-settings=\"{&quot;background_background&quot;:&quot;classic&quot;}\">\n\t\t\t\t\t\t\t<div class=\"elementor-background-overlay\"><\/div>\n\t\t\t\t\t\t\t<div class=\"elementor-container elementor-column-gap-default\">\n\t\t\t\t\t<div class=\"elementor-column elementor-col-100 elementor-top-column elementor-element elementor-element-fbaa461\" data-id=\"fbaa461\" data-element_type=\"column\">\n\t\t\t<div class=\"elementor-widget-wrap elementor-element-populated\">\n\t\t\t\t\t\t<div class=\"elementor-element elementor-element-f3e3fa3 elementor-widget elementor-widget-text-editor\" data-id=\"f3e3fa3\" data-element_type=\"widget\" data-widget_type=\"text-editor.default\">\n\t\t\t\t\t\t\t\t\t<h2>Qui nous sommes<\/h2><p data-start=\"194\" data-end=\"392\">HEVEA Genius est un fonds d\u2019investissement alternatif priv\u00e9. Nous nous engageons \u00e0 prot\u00e9ger votre vie priv\u00e9e et \u00e0 traiter les donn\u00e9es personnelles avec le plus haut niveau d\u2019int\u00e9grit\u00e9, de transparence et de conformit\u00e9. <\/p>\t\t\t\t\t\t\t\t<\/div>\n\t\t\t\t<div class=\"elementor-element elementor-element-3d61ff8 elementor-widget elementor-widget-spacer\" data-id=\"3d61ff8\" data-element_type=\"widget\" data-widget_type=\"spacer.default\">\n\t\t\t\t\t\t\t<div class=\"elementor-spacer\">\n\t\t\t<div class=\"elementor-spacer-inner\"><\/div>\n\t\t<\/div>\n\t\t\t\t\t\t<\/div>\n\t\t\t\t<div class=\"elementor-element elementor-element-288a716 elementor-widget elementor-widget-text-editor\" data-id=\"288a716\" data-element_type=\"widget\" data-widget_type=\"text-editor.default\">\n\t\t\t\t\t\t\t\t\t<h2 data-start=\"291\" data-end=\"517\">Informations que nous collectons<\/h2><p data-start=\"551\" data-end=\"965\">Nous collectons les informations personnelles que vous nous fournissez directement, telles que votre nom, votre adresse e-mail, votre num\u00e9ro de t\u00e9l\u00e9phone, vos informations professionnelles et toute information que vous choisissez de partager lorsque vous nous contactez. De plus, nous pouvons collecter automatiquement certaines informations techniques, y compris votre adresse IP, le type de navigateur, les identifiants de l\u2019appareil, le syst\u00e8me d\u2019exploitation et le comportement de navigation via des cookies ou des technologies similaires. <\/p>\t\t\t\t\t\t\t\t<\/div>\n\t\t\t\t<div class=\"elementor-element elementor-element-3736a8c elementor-widget elementor-widget-spacer\" data-id=\"3736a8c\" data-element_type=\"widget\" data-widget_type=\"spacer.default\">\n\t\t\t\t\t\t\t<div class=\"elementor-spacer\">\n\t\t\t<div class=\"elementor-spacer-inner\"><\/div>\n\t\t<\/div>\n\t\t\t\t\t\t<\/div>\n\t\t\t\t<div class=\"elementor-element elementor-element-7ccb50b elementor-widget elementor-widget-text-editor\" data-id=\"7ccb50b\" data-element_type=\"widget\" data-widget_type=\"text-editor.default\">\n\t\t\t\t\t\t\t\t\t<h2 data-start=\"967\" data-end=\"1003\">Comment nous utilisons vos informations<\/h2><p data-start=\"1004\" data-end=\"1464\">Nous utilisons les informations que nous collectons pour faire fonctionner notre site web et fournir nos services. Cela inclut r\u00e9pondre aux demandes, communiquer avec les investisseurs et fournir des mises \u00e0 jour pertinentes. Nous utilisons \u00e9galement les donn\u00e9es pour respecter les obligations l\u00e9gales et r\u00e9glementaires, telles que celles li\u00e9es au KYC, \u00e0 la LBC et au CRS. De plus, les donn\u00e9es personnelles sont utilis\u00e9es pour renforcer la s\u00e9curit\u00e9, pr\u00e9venir la fraude, am\u00e9liorer la fonctionnalit\u00e9 de nos services et offrir une exp\u00e9rience utilisateur efficace et personnalis\u00e9e.   <\/p>\t\t\t\t\t\t\t\t<\/div>\n\t\t\t\t<div class=\"elementor-element elementor-element-189bbaa elementor-widget elementor-widget-spacer\" data-id=\"189bbaa\" data-element_type=\"widget\" data-widget_type=\"spacer.default\">\n\t\t\t\t\t\t\t<div class=\"elementor-spacer\">\n\t\t\t<div class=\"elementor-spacer-inner\"><\/div>\n\t\t<\/div>\n\t\t\t\t\t\t<\/div>\n\t\t\t\t<div class=\"elementor-element elementor-element-9e8c80d elementor-widget elementor-widget-text-editor\" data-id=\"9e8c80d\" data-element_type=\"widget\" data-widget_type=\"text-editor.default\">\n\t\t\t\t\t\t\t\t\t<h2 data-start=\"1466\" data-end=\"1500\">Divulgation des informations<\/h2><p data-start=\"1501\" data-end=\"1973\">Nous pouvons partager vos informations avec des prestataires de services tiers de confiance qui nous assistent dans des domaines tels que l\u2019h\u00e9bergement, l\u2019analyse, le conseil juridique, l\u2019audit et la conformit\u00e9. Lorsque la loi ou la r\u00e9glementation l\u2019exige, nous pouvons divulguer des donn\u00e9es aux autorit\u00e9s de r\u00e9gulation ou aux organismes charg\u00e9s de l\u2019application de la loi. Nous pouvons \u00e9galement partager des informations avec les affili\u00e9s du fonds et des partenaires professionnels lorsque cela est strictement n\u00e9cessaire \u00e0 la prestation des services. Nous ne vendons ni ne louons en aucun cas des informations personnelles.   <\/p>\t\t\t\t\t\t\t\t<\/div>\n\t\t\t\t<div class=\"elementor-element elementor-element-13ceb80 elementor-widget elementor-widget-spacer\" data-id=\"13ceb80\" data-element_type=\"widget\" data-widget_type=\"spacer.default\">\n\t\t\t\t\t\t\t<div class=\"elementor-spacer\">\n\t\t\t<div class=\"elementor-spacer-inner\"><\/div>\n\t\t<\/div>\n\t\t\t\t\t\t<\/div>\n\t\t\t\t<div class=\"elementor-element elementor-element-717612f elementor-widget elementor-widget-text-editor\" data-id=\"717612f\" data-element_type=\"widget\" data-widget_type=\"text-editor.default\">\n\t\t\t\t\t\t\t\t\t<h2 data-start=\"1975\" data-end=\"1997\">S\u00e9curit\u00e9 des donn\u00e9es<\/h2><p data-start=\"1998\" data-end=\"2335\">Nous mettons en \u0153uvre des mesures administratives, techniques et physiques pour prot\u00e9ger les informations personnelles contre tout acc\u00e8s non autoris\u00e9, toute utilisation abusive ou toute divulgation. L\u2019acc\u00e8s aux donn\u00e9es personnelles est strictement limit\u00e9 aux personnes autoris\u00e9es qui en ont besoin \u00e0 des fins professionnelles, et nos syst\u00e8mes sont r\u00e9guli\u00e8rement examin\u00e9s afin de garantir leur r\u00e9silience et leur conformit\u00e9. <\/p>\t\t\t\t\t\t\t\t<\/div>\n\t\t\t\t<div class=\"elementor-element elementor-element-524d6dd elementor-widget elementor-widget-spacer\" data-id=\"524d6dd\" data-element_type=\"widget\" data-widget_type=\"spacer.default\">\n\t\t\t\t\t\t\t<div class=\"elementor-spacer\">\n\t\t\t<div class=\"elementor-spacer-inner\"><\/div>\n\t\t<\/div>\n\t\t\t\t\t\t<\/div>\n\t\t\t\t<div class=\"elementor-element elementor-element-b1cf545 elementor-widget elementor-widget-text-editor\" data-id=\"b1cf545\" data-element_type=\"widget\" data-widget_type=\"text-editor.default\">\n\t\t\t\t\t\t\t\t\t<h2 data-start=\"2337\" data-end=\"2379\">Cookies et technologies de suivi<\/h2><p data-start=\"2380\" data-end=\"2643\">Notre site web peut utiliser des cookies et des technologies de suivi similaires afin d\u2019am\u00e9liorer les performances, d\u2019analyser le trafic et de renforcer la s\u00e9curit\u00e9. Vous pouvez g\u00e9rer ou d\u00e9sactiver les cookies via les param\u00e8tres de votre navigateur, mais cela peut affecter la fonctionnalit\u00e9 de certaines parties du site. <\/p>\t\t\t\t\t\t\t\t<\/div>\n\t\t\t\t<div class=\"elementor-element elementor-element-6285dfb elementor-widget elementor-widget-spacer\" data-id=\"6285dfb\" data-element_type=\"widget\" data-widget_type=\"spacer.default\">\n\t\t\t\t\t\t\t<div class=\"elementor-spacer\">\n\t\t\t<div class=\"elementor-spacer-inner\"><\/div>\n\t\t<\/div>\n\t\t\t\t\t\t<\/div>\n\t\t\t\t<div class=\"elementor-element elementor-element-5ee8328 elementor-widget elementor-widget-text-editor\" data-id=\"5ee8328\" data-element_type=\"widget\" data-widget_type=\"text-editor.default\">\n\t\t\t\t\t\t\t\t\t<h2 data-start=\"2645\" data-end=\"2665\">Vos droits<\/h2><p data-start=\"2666\" data-end=\"3034\">Selon la l\u00e9gislation applicable, vous pouvez disposer de droits concernant vos donn\u00e9es personnelles. Ceux-ci peuvent inclure le droit d\u2019acc\u00e9der \u00e0 vos donn\u00e9es, de les mettre \u00e0 jour ou de les corriger, le droit d\u2019en demander la suppression, ainsi que le droit de limiter ou de vous opposer \u00e0 certaines activit\u00e9s de traitement. Lorsque le consentement est requis, vous pouvez le retirer \u00e0 tout moment. Pour exercer vos droits, veuillez nous contacter directement.   <\/p>\t\t\t\t\t\t\t\t<\/div>\n\t\t\t\t<div class=\"elementor-element elementor-element-19864bd elementor-widget elementor-widget-spacer\" data-id=\"19864bd\" data-element_type=\"widget\" data-widget_type=\"spacer.default\">\n\t\t\t\t\t\t\t<div class=\"elementor-spacer\">\n\t\t\t<div class=\"elementor-spacer-inner\"><\/div>\n\t\t<\/div>\n\t\t\t\t\t\t<\/div>\n\t\t\t\t<div class=\"elementor-element elementor-element-c7aad3e elementor-widget elementor-widget-text-editor\" data-id=\"c7aad3e\" data-element_type=\"widget\" data-widget_type=\"text-editor.default\">\n\t\t\t\t\t\t\t\t\t<h2 data-start=\"3036\" data-end=\"3073\">Transferts internationaux de donn\u00e9es<\/h2><p data-start=\"3074\" data-end=\"3346\">\u00c9tant donn\u00e9 que HEVEA Genius op\u00e8re \u00e0 l\u2019international, vos donn\u00e9es personnelles peuvent \u00eatre transf\u00e9r\u00e9es et trait\u00e9es dans des juridictions situ\u00e9es en dehors de votre pays de r\u00e9sidence. Tout transfert de ce type est effectu\u00e9 conform\u00e9ment aux lois applicables en mati\u00e8re de protection des donn\u00e9es et inclut des garanties appropri\u00e9es. <\/p>\t\t\t\t\t\t\t\t<\/div>\n\t\t\t\t<div class=\"elementor-element elementor-element-0480afa elementor-widget elementor-widget-spacer\" data-id=\"0480afa\" data-element_type=\"widget\" data-widget_type=\"spacer.default\">\n\t\t\t\t\t\t\t<div class=\"elementor-spacer\">\n\t\t\t<div class=\"elementor-spacer-inner\"><\/div>\n\t\t<\/div>\n\t\t\t\t\t\t<\/div>\n\t\t\t\t<div class=\"elementor-element elementor-element-45552b3 elementor-widget elementor-widget-text-editor\" data-id=\"45552b3\" data-element_type=\"widget\" data-widget_type=\"text-editor.default\">\n\t\t\t\t\t\t\t\t\t<h2 data-start=\"3348\" data-end=\"3371\">Conservation des donn\u00e9es<\/h2><p data-start=\"3372\" data-end=\"3652\">Nous conservons les donn\u00e9es personnelles uniquement pendant la dur\u00e9e n\u00e9cessaire pour atteindre les objectifs d\u00e9crits dans la pr\u00e9sente Politique de confidentialit\u00e9, pour respecter les obligations l\u00e9gales et r\u00e9glementaires, et pour r\u00e9soudre d\u2019\u00e9ventuels litiges. Une fois la conservation devenue inutile, les donn\u00e9es seront supprim\u00e9es de mani\u00e8re s\u00e9curis\u00e9e ou rendues anonymes. <\/p>\t\t\t\t\t\t\t\t<\/div>\n\t\t\t\t<div class=\"elementor-element elementor-element-9a6ebfc elementor-widget elementor-widget-spacer\" data-id=\"9a6ebfc\" data-element_type=\"widget\" data-widget_type=\"spacer.default\">\n\t\t\t\t\t\t\t<div class=\"elementor-spacer\">\n\t\t\t<div class=\"elementor-spacer-inner\"><\/div>\n\t\t<\/div>\n\t\t\t\t\t\t<\/div>\n\t\t\t\t<div class=\"elementor-element elementor-element-722bdc0 elementor-widget elementor-widget-text-editor\" data-id=\"722bdc0\" data-element_type=\"widget\" data-widget_type=\"text-editor.default\">\n\t\t\t\t\t\t\t\t\t<h2 data-start=\"3654\" data-end=\"3686\">Modifications de la pr\u00e9sente politique<\/h2><p data-start=\"3687\" data-end=\"3919\">La pr\u00e9sente Politique de confidentialit\u00e9 peut \u00eatre mise \u00e0 jour de temps \u00e0 autre afin de refl\u00e9ter les changements dans nos pratiques ou les exigences r\u00e9glementaires. Toute mise \u00e0 jour sera publi\u00e9e sur cette page et, dans certains cas, nous pourrons vous informer directement des changements importants. <\/p>\t\t\t\t\t\t\t\t<\/div>\n\t\t\t\t<div class=\"elementor-element elementor-element-e008c7a elementor-widget elementor-widget-spacer\" data-id=\"e008c7a\" data-element_type=\"widget\" data-widget_type=\"spacer.default\">\n\t\t\t\t\t\t\t<div class=\"elementor-spacer\">\n\t\t\t<div class=\"elementor-spacer-inner\"><\/div>\n\t\t<\/div>\n\t\t\t\t\t\t<\/div>\n\t\t\t\t<div class=\"elementor-element elementor-element-2343ba5 elementor-widget elementor-widget-text-editor\" data-id=\"2343ba5\" data-element_type=\"widget\" data-widget_type=\"text-editor.default\">\n\t\t\t\t\t\t\t\t\t<h2 data-start=\"3921\" data-end=\"3941\">Contactez-nous<\/h2><p data-start=\"3942\" data-end=\"4075\">Si vous avez des questions concernant cette Politique de confidentialit\u00e9, ou si vous souhaitez exercer vos droits en mati\u00e8re de protection des donn\u00e9es, vous pouvez nous contacter \u00e0 l\u2019adresse suivante :<\/p><p data-start=\"4077\" data-end=\"4170\"><strong data-start=\"4077\" data-end=\"4096\">Privacy Officer<\/strong><br data-start=\"4096\" data-end=\"4099\">Hevea Genius<br data-start=\"4131\" data-end=\"4134\">Email: <strong>contact<a class=\"cursor-pointer\" rel=\"noopener\" data-start=\"4143\" data-end=\"4166\">@heveagenius.com<\/a><\/strong><\/p>\t\t\t\t\t\t\t\t<\/div>\n\t\t\t\t\t<\/div>\n\t\t<\/div>\n\t\t\t\t\t<\/div>\n\t\t<\/section>\n\t\t\t\t<section class=\"elementor-section elementor-top-section elementor-element elementor-element-f40371f elementor-section-boxed elementor-section-height-default elementor-section-height-default\" data-id=\"f40371f\" data-element_type=\"section\">\n\t\t\t\t\t\t<div class=\"elementor-container elementor-column-gap-default\">\n\t\t\t\t\t<div class=\"elementor-column elementor-col-100 elementor-top-column elementor-element elementor-element-11b2d37\" data-id=\"11b2d37\" data-element_type=\"column\">\n\t\t\t<div class=\"elementor-widget-wrap\">\n\t\t\t\t\t\t\t<\/div>\n\t\t<\/div>\n\t\t\t\t\t<\/div>\n\t\t<\/section>\n\t\t\t\t<section class=\"elementor-section elementor-top-section elementor-element elementor-element-26babd5 elementor-section-boxed elementor-section-height-default elementor-section-height-default\" data-id=\"26babd5\" data-element_type=\"section\">\n\t\t\t\t\t\t<div class=\"elementor-container elementor-column-gap-default\">\n\t\t\t\t\t<div class=\"elementor-column elementor-col-100 elementor-top-column elementor-element elementor-element-228b5a7\" data-id=\"228b5a7\" data-element_type=\"column\">\n\t\t\t<div class=\"elementor-widget-wrap\">\n\t\t\t\t\t\t\t<\/div>\n\t\t<\/div>\n\t\t\t\t\t<\/div>\n\t\t<\/section>\n\t\t\t\t<\/div>\n\t\t","protected":false},"excerpt":{"rendered":"<p>Politique de Confidentialit\u00e9 Qui nous sommes HEVEA Genius est un fonds d\u2019investissement alternatif priv\u00e9. Nous nous engageons \u00e0 prot\u00e9ger votre vie priv\u00e9e et \u00e0 traiter les donn\u00e9es personnelles avec le plus haut niveau d\u2019int\u00e9grit\u00e9, de transparence et de conformit\u00e9. Informations que nous collectons Nous collectons les informations personnelles que vous nous fournissez directement, telles que [&hellip;]<\/p>\n","protected":false},"author":1,"featured_media":0,"parent":0,"menu_order":0,"comment_status":"closed","ping_status":"closed","template":"","meta":{"footnotes":""},"class_list":["post-1226","page","type-page","status-publish","hentry"],"yoast_head":"<!-- This site is optimized with the Yoast SEO plugin v26.2 - https:\/\/yoast.com\/wordpress\/plugins\/seo\/ -->\n<title>Politique de confidentialit\u00e9 \u2013 HEVEA Genius<\/title>\n<meta name=\"description\" content=\"D\u00e9couvrez comment HEVEA Genius collecte, stocke et prot\u00e8ge vos donn\u00e9es. Consultez notre politique de confidentialit\u00e9 concernant les cookies, les informations des utilisateurs et les services tiers.\" \/>\n<meta name=\"robots\" content=\"index, follow, max-snippet:-1, max-image-preview:large, max-video-preview:-1\" \/>\n<link rel=\"canonical\" href=\"https:\/\/www.heveagenius.com\/fr\/politique-de-confidentialite\/\" \/>\n<meta property=\"og:locale\" content=\"fr_FR\" \/>\n<meta property=\"og:type\" content=\"article\" \/>\n<meta property=\"og:title\" content=\"Politique de confidentialit\u00e9 \u2013 HEVEA Genius\" \/>\n<meta property=\"og:description\" content=\"D\u00e9couvrez comment HEVEA Genius collecte, stocke et prot\u00e8ge vos donn\u00e9es. Consultez notre politique de confidentialit\u00e9 concernant les cookies, les informations des utilisateurs et les services tiers.\" \/>\n<meta property=\"og:url\" content=\"https:\/\/www.heveagenius.com\/fr\/politique-de-confidentialite\/\" \/>\n<meta property=\"og:site_name\" content=\"Heveagenius\" \/>\n<meta property=\"article:modified_time\" content=\"2025-08-22T01:05:32+00:00\" \/>\n<meta name=\"twitter:card\" content=\"summary_large_image\" \/>\n<meta name=\"twitter:site\" content=\"@Heveagenius\" \/>\n<meta name=\"twitter:label1\" content=\"Dur\u00e9e de lecture estim\u00e9e\" \/>\n\t<meta name=\"twitter:data1\" content=\"4 minutes\" \/>\n<script type=\"application\/ld+json\" class=\"yoast-schema-graph\">{\"@context\":\"https:\/\/schema.org\",\"@graph\":[{\"@type\":\"WebPage\",\"@id\":\"https:\/\/www.heveagenius.com\/fr\/politique-de-confidentialite\/\",\"url\":\"https:\/\/www.heveagenius.com\/fr\/politique-de-confidentialite\/\",\"name\":\"Politique de confidentialit\u00e9 \u2013 HEVEA Genius\",\"isPartOf\":{\"@id\":\"https:\/\/www.heveagenius.com\/fr\/#website\"},\"datePublished\":\"2025-07-28T02:19:33+00:00\",\"dateModified\":\"2025-08-22T01:05:32+00:00\",\"description\":\"D\u00e9couvrez comment HEVEA Genius collecte, stocke et prot\u00e8ge vos donn\u00e9es. Consultez notre politique de confidentialit\u00e9 concernant les cookies, les informations des utilisateurs et les services tiers.\",\"breadcrumb\":{\"@id\":\"https:\/\/www.heveagenius.com\/fr\/politique-de-confidentialite\/#breadcrumb\"},\"inLanguage\":\"fr-FR\",\"potentialAction\":[{\"@type\":\"ReadAction\",\"target\":[\"https:\/\/www.heveagenius.com\/fr\/politique-de-confidentialite\/\"]}]},{\"@type\":\"BreadcrumbList\",\"@id\":\"https:\/\/www.heveagenius.com\/fr\/politique-de-confidentialite\/#breadcrumb\",\"itemListElement\":[{\"@type\":\"ListItem\",\"position\":1,\"name\":\"Home\",\"item\":\"https:\/\/www.heveagenius.com\/fr\/\"},{\"@type\":\"ListItem\",\"position\":2,\"name\":\"Politique de confidentialit\u00e9\"}]},{\"@type\":\"WebSite\",\"@id\":\"https:\/\/www.heveagenius.com\/fr\/#website\",\"url\":\"https:\/\/www.heveagenius.com\/fr\/\",\"name\":\"Heveagenius\",\"description\":\"\",\"publisher\":{\"@id\":\"https:\/\/www.heveagenius.com\/fr\/#organization\"},\"potentialAction\":[{\"@type\":\"SearchAction\",\"target\":{\"@type\":\"EntryPoint\",\"urlTemplate\":\"https:\/\/www.heveagenius.com\/fr\/?s={search_term_string}\"},\"query-input\":{\"@type\":\"PropertyValueSpecification\",\"valueRequired\":true,\"valueName\":\"search_term_string\"}}],\"inLanguage\":\"fr-FR\"},{\"@type\":\"Organization\",\"@id\":\"https:\/\/www.heveagenius.com\/fr\/#organization\",\"name\":\"HEVEA Genius\",\"url\":\"https:\/\/www.heveagenius.com\/fr\/\",\"logo\":{\"@type\":\"ImageObject\",\"inLanguage\":\"fr-FR\",\"@id\":\"https:\/\/www.heveagenius.com\/fr\/#\/schema\/logo\/image\/\",\"url\":\"https:\/\/www.heveagenius.com\/wp-content\/uploads\/2025\/08\/e814a8629ee4-Favicon-256.png\",\"contentUrl\":\"https:\/\/www.heveagenius.com\/wp-content\/uploads\/2025\/08\/e814a8629ee4-Favicon-256.png\",\"width\":256,\"height\":256,\"caption\":\"HEVEA Genius\"},\"image\":{\"@id\":\"https:\/\/www.heveagenius.com\/fr\/#\/schema\/logo\/image\/\"},\"sameAs\":[\"https:\/\/x.com\/Heveagenius\",\"https:\/\/www.instagram.com\/hevea_genius\",\"https:\/\/www.linkedin.com\/company\/108038166\/\"]}]}<\/script>\n<!-- \/ Yoast SEO plugin. -->","yoast_head_json":{"title":"Politique de confidentialit\u00e9 \u2013 HEVEA Genius","description":"D\u00e9couvrez comment HEVEA Genius collecte, stocke et prot\u00e8ge vos donn\u00e9es. Consultez notre politique de confidentialit\u00e9 concernant les cookies, les informations des utilisateurs et les services tiers.","robots":{"index":"index","follow":"follow","max-snippet":"max-snippet:-1","max-image-preview":"max-image-preview:large","max-video-preview":"max-video-preview:-1"},"canonical":"https:\/\/www.heveagenius.com\/fr\/politique-de-confidentialite\/","og_locale":"fr_FR","og_type":"article","og_title":"Politique de confidentialit\u00e9 \u2013 HEVEA Genius","og_description":"D\u00e9couvrez comment HEVEA Genius collecte, stocke et prot\u00e8ge vos donn\u00e9es. Consultez notre politique de confidentialit\u00e9 concernant les cookies, les informations des utilisateurs et les services tiers.","og_url":"https:\/\/www.heveagenius.com\/fr\/politique-de-confidentialite\/","og_site_name":"Heveagenius","article_modified_time":"2025-08-22T01:05:32+00:00","twitter_card":"summary_large_image","twitter_site":"@Heveagenius","twitter_misc":{"Dur\u00e9e de lecture estim\u00e9e":"4 minutes"},"schema":{"@context":"https:\/\/schema.org","@graph":[{"@type":"WebPage","@id":"https:\/\/www.heveagenius.com\/fr\/politique-de-confidentialite\/","url":"https:\/\/www.heveagenius.com\/fr\/politique-de-confidentialite\/","name":"Politique de confidentialit\u00e9 \u2013 HEVEA Genius","isPartOf":{"@id":"https:\/\/www.heveagenius.com\/fr\/#website"},"datePublished":"2025-07-28T02:19:33+00:00","dateModified":"2025-08-22T01:05:32+00:00","description":"D\u00e9couvrez comment HEVEA Genius collecte, stocke et prot\u00e8ge vos donn\u00e9es. Consultez notre politique de confidentialit\u00e9 concernant les cookies, les informations des utilisateurs et les services tiers.","breadcrumb":{"@id":"https:\/\/www.heveagenius.com\/fr\/politique-de-confidentialite\/#breadcrumb"},"inLanguage":"fr-FR","potentialAction":[{"@type":"ReadAction","target":["https:\/\/www.heveagenius.com\/fr\/politique-de-confidentialite\/"]}]},{"@type":"BreadcrumbList","@id":"https:\/\/www.heveagenius.com\/fr\/politique-de-confidentialite\/#breadcrumb","itemListElement":[{"@type":"ListItem","position":1,"name":"Home","item":"https:\/\/www.heveagenius.com\/fr\/"},{"@type":"ListItem","position":2,"name":"Politique de confidentialit\u00e9"}]},{"@type":"WebSite","@id":"https:\/\/www.heveagenius.com\/fr\/#website","url":"https:\/\/www.heveagenius.com\/fr\/","name":"Heveagenius","description":"","publisher":{"@id":"https:\/\/www.heveagenius.com\/fr\/#organization"},"potentialAction":[{"@type":"SearchAction","target":{"@type":"EntryPoint","urlTemplate":"https:\/\/www.heveagenius.com\/fr\/?s={search_term_string}"},"query-input":{"@type":"PropertyValueSpecification","valueRequired":true,"valueName":"search_term_string"}}],"inLanguage":"fr-FR"},{"@type":"Organization","@id":"https:\/\/www.heveagenius.com\/fr\/#organization","name":"HEVEA Genius","url":"https:\/\/www.heveagenius.com\/fr\/","logo":{"@type":"ImageObject","inLanguage":"fr-FR","@id":"https:\/\/www.heveagenius.com\/fr\/#\/schema\/logo\/image\/","url":"https:\/\/www.heveagenius.com\/wp-content\/uploads\/2025\/08\/e814a8629ee4-Favicon-256.png","contentUrl":"https:\/\/www.heveagenius.com\/wp-content\/uploads\/2025\/08\/e814a8629ee4-Favicon-256.png","width":256,"height":256,"caption":"HEVEA Genius"},"image":{"@id":"https:\/\/www.heveagenius.com\/fr\/#\/schema\/logo\/image\/"},"sameAs":["https:\/\/x.com\/Heveagenius","https:\/\/www.instagram.com\/hevea_genius","https:\/\/www.linkedin.com\/company\/108038166\/"]}]}},"_links":{"self":[{"href":"https:\/\/www.heveagenius.com\/fr\/wp-json\/wp\/v2\/pages\/1226","targetHints":{"allow":["GET"]}}],"collection":[{"href":"https:\/\/www.heveagenius.com\/fr\/wp-json\/wp\/v2\/pages"}],"about":[{"href":"https:\/\/www.heveagenius.com\/fr\/wp-json\/wp\/v2\/types\/page"}],"author":[{"embeddable":true,"href":"https:\/\/www.heveagenius.com\/fr\/wp-json\/wp\/v2\/users\/1"}],"replies":[{"embeddable":true,"href":"https:\/\/www.heveagenius.com\/fr\/wp-json\/wp\/v2\/comments?post=1226"}],"version-history":[{"count":4,"href":"https:\/\/www.heveagenius.com\/fr\/wp-json\/wp\/v2\/pages\/1226\/revisions"}],"predecessor-version":[{"id":1463,"href":"https:\/\/www.heveagenius.com\/fr\/wp-json\/wp\/v2\/pages\/1226\/revisions\/1463"}],"wp:attachment":[{"href":"https:\/\/www.heveagenius.com\/fr\/wp-json\/wp\/v2\/media?parent=1226"}],"curies":[{"name":"wp","href":"https:\/\/api.w.org\/{rel}","templated":true}]}}