{"id":1197,"date":"2025-07-29T04:43:43","date_gmt":"2025-07-29T04:43:43","guid":{"rendered":"https:\/\/www.heveagenius.com\/actualites\/"},"modified":"2025-08-19T01:22:32","modified_gmt":"2025-08-19T01:22:32","slug":"actualites","status":"publish","type":"page","link":"https:\/\/www.heveagenius.com\/fr\/actualites\/","title":{"rendered":"Actualit\u00e9s"},"content":{"rendered":"\t\t<div data-elementor-type=\"wp-page\" data-elementor-id=\"1197\" class=\"elementor elementor-1197 elementor-57\" data-elementor-post-type=\"page\">\n\t\t\t\t\t\t<section class=\"elementor-section elementor-top-section elementor-element elementor-element-1c2cecd2 elementor-section-height-min-height elementor-section-boxed elementor-section-height-default elementor-section-items-middle\" data-id=\"1c2cecd2\" data-element_type=\"section\" data-settings=\"{&quot;background_background&quot;:&quot;classic&quot;}\">\n\t\t\t\t\t\t\t<div class=\"elementor-background-overlay\"><\/div>\n\t\t\t\t\t\t\t<div class=\"elementor-container elementor-column-gap-default\">\n\t\t\t\t\t<div class=\"elementor-column elementor-col-100 elementor-top-column elementor-element elementor-element-51667603\" data-id=\"51667603\" data-element_type=\"column\">\n\t\t\t<div class=\"elementor-widget-wrap elementor-element-populated\">\n\t\t\t\t\t\t<div class=\"elementor-element elementor-element-6eb7539b elementor-widget elementor-widget-heading\" data-id=\"6eb7539b\" data-element_type=\"widget\" data-widget_type=\"heading.default\">\n\t\t\t\t\t<h2 class=\"elementor-heading-title elementor-size-default\">Derni\u00e8res <br><b>Actualit\u00e9s<\/b><\/h2>\t\t\t\t<\/div>\n\t\t\t\t\t<\/div>\n\t\t<\/div>\n\t\t\t\t\t<\/div>\n\t\t<\/section>\n\t\t\t\t<section class=\"elementor-section elementor-top-section elementor-element elementor-element-42b1212e elementor-section-boxed elementor-section-height-default elementor-section-height-default\" data-id=\"42b1212e\" data-element_type=\"section\">\n\t\t\t\t\t\t<div class=\"elementor-container elementor-column-gap-default\">\n\t\t\t\t\t<div class=\"elementor-column elementor-col-100 elementor-top-column elementor-element elementor-element-2e3c93ba\" data-id=\"2e3c93ba\" data-element_type=\"column\">\n\t\t\t<div class=\"elementor-widget-wrap elementor-element-populated\">\n\t\t\t\t\t\t<div class=\"elementor-element elementor-element-5e3c02e0 elementor-grid-3 elementor-grid-tablet-2 elementor-grid-mobile-1 elementor-posts--thumbnail-top elementor-card-shadow-yes elementor-posts__hover-gradient elementor-widget elementor-widget-posts\" data-id=\"5e3c02e0\" data-element_type=\"widget\" data-settings=\"{&quot;pagination_type&quot;:&quot;load_more_infinite_scroll&quot;,&quot;cards_columns&quot;:&quot;3&quot;,&quot;cards_columns_tablet&quot;:&quot;2&quot;,&quot;cards_columns_mobile&quot;:&quot;1&quot;,&quot;cards_row_gap&quot;:{&quot;unit&quot;:&quot;px&quot;,&quot;size&quot;:35,&quot;sizes&quot;:[]},&quot;cards_row_gap_tablet&quot;:{&quot;unit&quot;:&quot;px&quot;,&quot;size&quot;:&quot;&quot;,&quot;sizes&quot;:[]},&quot;cards_row_gap_mobile&quot;:{&quot;unit&quot;:&quot;px&quot;,&quot;size&quot;:&quot;&quot;,&quot;sizes&quot;:[]},&quot;load_more_spinner&quot;:{&quot;value&quot;:&quot;fas fa-spinner&quot;,&quot;library&quot;:&quot;fa-solid&quot;}}\" data-widget_type=\"posts.cards\">\n\t\t\t\t<div class=\"elementor-widget-container\">\n\t\t\t\t\t\t\t<div class=\"elementor-posts-container elementor-posts elementor-posts--skin-cards elementor-grid\" role=\"list\">\n\t\t\t\t<article class=\"elementor-post elementor-grid-item post-2169 post type-post status-publish format-standard has-post-thumbnail hentry category-non-categorise\" role=\"listitem\">\n\t\t\t<div class=\"elementor-post__card\">\n\t\t\t\t<a class=\"elementor-post__thumbnail__link\" href=\"https:\/\/www.heveagenius.com\/fr\/pourquoi-quitter-le-systeme-bancaire-est-devenu-une-necessite-silencieuse\/\" tabindex=\"-1\" ><div class=\"elementor-post__thumbnail\"><img fetchpriority=\"high\" decoding=\"async\" width=\"800\" height=\"533\" src=\"https:\/\/www.heveagenius.com\/wp-content\/uploads\/2025\/07\/blog-bg-1024x682.jpg\" class=\"attachment-large size-large wp-image-422\" alt=\"\" srcset=\"https:\/\/www.heveagenius.com\/wp-content\/uploads\/2025\/07\/blog-bg-1024x682.jpg 1024w, https:\/\/www.heveagenius.com\/wp-content\/uploads\/2025\/07\/blog-bg-300x200.jpg 300w, https:\/\/www.heveagenius.com\/wp-content\/uploads\/2025\/07\/blog-bg-768x512.jpg 768w, https:\/\/www.heveagenius.com\/wp-content\/uploads\/2025\/07\/blog-bg-1536x1024.jpg 1536w, https:\/\/www.heveagenius.com\/wp-content\/uploads\/2025\/07\/blog-bg.jpg 2000w\" sizes=\"(max-width: 800px) 100vw, 800px\" \/><\/div><\/a>\n\t\t\t\t<div class=\"elementor-post__badge\">Non cat\u00e9goris\u00e9<\/div>\n\t\t\t\t<div class=\"elementor-post__text\">\n\t\t\t\t<h3 class=\"elementor-post__title\">\n\t\t\t<a href=\"https:\/\/www.heveagenius.com\/fr\/pourquoi-quitter-le-systeme-bancaire-est-devenu-une-necessite-silencieuse\/\" >\n\t\t\t\tPourquoi quitter le syst\u00e8me bancaire est devenu une n\u00e9cessit\u00e9 silencieuse\t\t\t<\/a>\n\t\t<\/h3>\n\t\t\t\t<div class=\"elementor-post__excerpt\">\n\t\t\t<p>Depuis des d\u00e9cennies, nous avons \u00e9t\u00e9 conditionn\u00e9s \u00e0 faire confiance au syst\u00e8me bancaire. Nos salaires y sont d\u00e9pos\u00e9s, les pr\u00eats y sont organis\u00e9s, et nos \u00e9conomies reposent dans des comptes. En apparence, tout semble stable. Les banques conservent encore un<\/p>\n\t\t<\/div>\n\t\t\n\t\t<a class=\"elementor-post__read-more\" href=\"https:\/\/www.heveagenius.com\/fr\/pourquoi-quitter-le-systeme-bancaire-est-devenu-une-necessite-silencieuse\/\" aria-label=\"Read more about Pourquoi quitter le syst\u00e8me bancaire est devenu une n\u00e9cessit\u00e9 silencieuse\" tabindex=\"-1\" >\n\t\t\tLire la suite \u00bb\t\t<\/a>\n\n\t\t\t\t<\/div>\n\t\t\t\t<div class=\"elementor-post__meta-data\">\n\t\t\t\t\t<span class=\"elementor-post-date\">\n\t\t\t28 juillet 2025\t\t<\/span>\n\t\t\t\t<\/div>\n\t\t\t\t\t<\/div>\n\t\t<\/article>\n\t\t\t\t<\/div>\n\t\t\t\t\t<span class=\"e-load-more-spinner\">\n\t\t\t\t<svg aria-hidden=\"true\" class=\"e-font-icon-svg e-fas-spinner\" viewBox=\"0 0 512 512\" xmlns=\"http:\/\/www.w3.org\/2000\/svg\"><path d=\"M304 48c0 26.51-21.49 48-48 48s-48-21.49-48-48 21.49-48 48-48 48 21.49 48 48zm-48 368c-26.51 0-48 21.49-48 48s21.49 48 48 48 48-21.49 48-48-21.49-48-48-48zm208-208c-26.51 0-48 21.49-48 48s21.49 48 48 48 48-21.49 48-48-21.49-48-48-48zM96 256c0-26.51-21.49-48-48-48S0 229.49 0 256s21.49 48 48 48 48-21.49 48-48zm12.922 99.078c-26.51 0-48 21.49-48 48s21.49 48 48 48 48-21.49 48-48c0-26.509-21.491-48-48-48zm294.156 0c-26.51 0-48 21.49-48 48s21.49 48 48 48 48-21.49 48-48c0-26.509-21.49-48-48-48zM108.922 60.922c-26.51 0-48 21.49-48 48s21.49 48 48 48 48-21.49 48-48-21.491-48-48-48z\"><\/path><\/svg>\t\t\t<\/span>\n\t\t\n\t\t\t\t\t\t<\/div>\n\t\t\t\t<\/div>\n\t\t\t\t\t<\/div>\n\t\t<\/div>\n\t\t\t\t\t<\/div>\n\t\t<\/section>\n\t\t\t\t<\/div>\n\t\t","protected":false},"excerpt":{"rendered":"<p>Derni\u00e8res Actualit\u00e9s<\/p>\n","protected":false},"author":1,"featured_media":0,"parent":0,"menu_order":0,"comment_status":"closed","ping_status":"closed","template":"","meta":{"footnotes":""},"class_list":["post-1197","page","type-page","status-publish","hentry"],"yoast_head":"<!-- This site is optimized with the Yoast SEO plugin v26.2 - https:\/\/yoast.com\/wordpress\/plugins\/seo\/ -->\n<title>Derni\u00e8res actualit\u00e9s \u2013 Mises \u00e0 jour HEVEA Genius<\/title>\n<meta name=\"description\" content=\"Restez inform\u00e9 des derni\u00e8res actualit\u00e9s de Hevea Genius. Analyses sur l\u2019investissement alternatif, le Bitcoin, l\u2019or, l\u2019exploitation mini\u00e8re et la pr\u00e9servation du capital.\" \/>\n<meta name=\"robots\" content=\"index, follow, max-snippet:-1, max-image-preview:large, max-video-preview:-1\" \/>\n<link rel=\"canonical\" href=\"https:\/\/www.heveagenius.com\/fr\/actualites\/\" \/>\n<meta property=\"og:locale\" content=\"fr_FR\" \/>\n<meta property=\"og:type\" content=\"article\" \/>\n<meta property=\"og:title\" content=\"Derni\u00e8res actualit\u00e9s \u2013 Mises \u00e0 jour HEVEA Genius\" \/>\n<meta property=\"og:description\" content=\"Restez inform\u00e9 des derni\u00e8res actualit\u00e9s de Hevea Genius. Analyses sur l\u2019investissement alternatif, le Bitcoin, l\u2019or, l\u2019exploitation mini\u00e8re et la pr\u00e9servation du capital.\" \/>\n<meta property=\"og:url\" content=\"https:\/\/www.heveagenius.com\/fr\/actualites\/\" \/>\n<meta property=\"og:site_name\" content=\"Heveagenius\" \/>\n<meta property=\"article:modified_time\" content=\"2025-08-19T01:22:32+00:00\" \/>\n<meta name=\"twitter:card\" content=\"summary_large_image\" \/>\n<meta name=\"twitter:site\" content=\"@Heveagenius\" \/>\n<script type=\"application\/ld+json\" class=\"yoast-schema-graph\">{\"@context\":\"https:\/\/schema.org\",\"@graph\":[{\"@type\":\"WebPage\",\"@id\":\"https:\/\/www.heveagenius.com\/fr\/actualites\/\",\"url\":\"https:\/\/www.heveagenius.com\/fr\/actualites\/\",\"name\":\"Derni\u00e8res actualit\u00e9s \u2013 Mises \u00e0 jour HEVEA Genius\",\"isPartOf\":{\"@id\":\"https:\/\/www.heveagenius.com\/fr\/#website\"},\"datePublished\":\"2025-07-29T04:43:43+00:00\",\"dateModified\":\"2025-08-19T01:22:32+00:00\",\"description\":\"Restez inform\u00e9 des derni\u00e8res actualit\u00e9s de Hevea Genius. Analyses sur l\u2019investissement alternatif, le Bitcoin, l\u2019or, l\u2019exploitation mini\u00e8re et la pr\u00e9servation du capital.\",\"breadcrumb\":{\"@id\":\"https:\/\/www.heveagenius.com\/fr\/actualites\/#breadcrumb\"},\"inLanguage\":\"fr-FR\",\"potentialAction\":[{\"@type\":\"ReadAction\",\"target\":[\"https:\/\/www.heveagenius.com\/fr\/actualites\/\"]}]},{\"@type\":\"BreadcrumbList\",\"@id\":\"https:\/\/www.heveagenius.com\/fr\/actualites\/#breadcrumb\",\"itemListElement\":[{\"@type\":\"ListItem\",\"position\":1,\"name\":\"Home\",\"item\":\"https:\/\/www.heveagenius.com\/fr\/\"},{\"@type\":\"ListItem\",\"position\":2,\"name\":\"Actualit\u00e9s\"}]},{\"@type\":\"WebSite\",\"@id\":\"https:\/\/www.heveagenius.com\/fr\/#website\",\"url\":\"https:\/\/www.heveagenius.com\/fr\/\",\"name\":\"Heveagenius\",\"description\":\"\",\"publisher\":{\"@id\":\"https:\/\/www.heveagenius.com\/fr\/#organization\"},\"potentialAction\":[{\"@type\":\"SearchAction\",\"target\":{\"@type\":\"EntryPoint\",\"urlTemplate\":\"https:\/\/www.heveagenius.com\/fr\/?s={search_term_string}\"},\"query-input\":{\"@type\":\"PropertyValueSpecification\",\"valueRequired\":true,\"valueName\":\"search_term_string\"}}],\"inLanguage\":\"fr-FR\"},{\"@type\":\"Organization\",\"@id\":\"https:\/\/www.heveagenius.com\/fr\/#organization\",\"name\":\"HEVEA Genius\",\"url\":\"https:\/\/www.heveagenius.com\/fr\/\",\"logo\":{\"@type\":\"ImageObject\",\"inLanguage\":\"fr-FR\",\"@id\":\"https:\/\/www.heveagenius.com\/fr\/#\/schema\/logo\/image\/\",\"url\":\"https:\/\/www.heveagenius.com\/wp-content\/uploads\/2025\/08\/e814a8629ee4-Favicon-256.png\",\"contentUrl\":\"https:\/\/www.heveagenius.com\/wp-content\/uploads\/2025\/08\/e814a8629ee4-Favicon-256.png\",\"width\":256,\"height\":256,\"caption\":\"HEVEA Genius\"},\"image\":{\"@id\":\"https:\/\/www.heveagenius.com\/fr\/#\/schema\/logo\/image\/\"},\"sameAs\":[\"https:\/\/x.com\/Heveagenius\",\"https:\/\/www.instagram.com\/hevea_genius\",\"https:\/\/www.linkedin.com\/company\/108038166\/\"]}]}<\/script>\n<!-- \/ Yoast SEO plugin. -->","yoast_head_json":{"title":"Derni\u00e8res actualit\u00e9s \u2013 Mises \u00e0 jour HEVEA Genius","description":"Restez inform\u00e9 des derni\u00e8res actualit\u00e9s de Hevea Genius. Analyses sur l\u2019investissement alternatif, le Bitcoin, l\u2019or, l\u2019exploitation mini\u00e8re et la pr\u00e9servation du capital.","robots":{"index":"index","follow":"follow","max-snippet":"max-snippet:-1","max-image-preview":"max-image-preview:large","max-video-preview":"max-video-preview:-1"},"canonical":"https:\/\/www.heveagenius.com\/fr\/actualites\/","og_locale":"fr_FR","og_type":"article","og_title":"Derni\u00e8res actualit\u00e9s \u2013 Mises \u00e0 jour HEVEA Genius","og_description":"Restez inform\u00e9 des derni\u00e8res actualit\u00e9s de Hevea Genius. Analyses sur l\u2019investissement alternatif, le Bitcoin, l\u2019or, l\u2019exploitation mini\u00e8re et la pr\u00e9servation du capital.","og_url":"https:\/\/www.heveagenius.com\/fr\/actualites\/","og_site_name":"Heveagenius","article_modified_time":"2025-08-19T01:22:32+00:00","twitter_card":"summary_large_image","twitter_site":"@Heveagenius","schema":{"@context":"https:\/\/schema.org","@graph":[{"@type":"WebPage","@id":"https:\/\/www.heveagenius.com\/fr\/actualites\/","url":"https:\/\/www.heveagenius.com\/fr\/actualites\/","name":"Derni\u00e8res actualit\u00e9s \u2013 Mises \u00e0 jour HEVEA Genius","isPartOf":{"@id":"https:\/\/www.heveagenius.com\/fr\/#website"},"datePublished":"2025-07-29T04:43:43+00:00","dateModified":"2025-08-19T01:22:32+00:00","description":"Restez inform\u00e9 des derni\u00e8res actualit\u00e9s de Hevea Genius. Analyses sur l\u2019investissement alternatif, le Bitcoin, l\u2019or, l\u2019exploitation mini\u00e8re et la pr\u00e9servation du capital.","breadcrumb":{"@id":"https:\/\/www.heveagenius.com\/fr\/actualites\/#breadcrumb"},"inLanguage":"fr-FR","potentialAction":[{"@type":"ReadAction","target":["https:\/\/www.heveagenius.com\/fr\/actualites\/"]}]},{"@type":"BreadcrumbList","@id":"https:\/\/www.heveagenius.com\/fr\/actualites\/#breadcrumb","itemListElement":[{"@type":"ListItem","position":1,"name":"Home","item":"https:\/\/www.heveagenius.com\/fr\/"},{"@type":"ListItem","position":2,"name":"Actualit\u00e9s"}]},{"@type":"WebSite","@id":"https:\/\/www.heveagenius.com\/fr\/#website","url":"https:\/\/www.heveagenius.com\/fr\/","name":"Heveagenius","description":"","publisher":{"@id":"https:\/\/www.heveagenius.com\/fr\/#organization"},"potentialAction":[{"@type":"SearchAction","target":{"@type":"EntryPoint","urlTemplate":"https:\/\/www.heveagenius.com\/fr\/?s={search_term_string}"},"query-input":{"@type":"PropertyValueSpecification","valueRequired":true,"valueName":"search_term_string"}}],"inLanguage":"fr-FR"},{"@type":"Organization","@id":"https:\/\/www.heveagenius.com\/fr\/#organization","name":"HEVEA Genius","url":"https:\/\/www.heveagenius.com\/fr\/","logo":{"@type":"ImageObject","inLanguage":"fr-FR","@id":"https:\/\/www.heveagenius.com\/fr\/#\/schema\/logo\/image\/","url":"https:\/\/www.heveagenius.com\/wp-content\/uploads\/2025\/08\/e814a8629ee4-Favicon-256.png","contentUrl":"https:\/\/www.heveagenius.com\/wp-content\/uploads\/2025\/08\/e814a8629ee4-Favicon-256.png","width":256,"height":256,"caption":"HEVEA Genius"},"image":{"@id":"https:\/\/www.heveagenius.com\/fr\/#\/schema\/logo\/image\/"},"sameAs":["https:\/\/x.com\/Heveagenius","https:\/\/www.instagram.com\/hevea_genius","https:\/\/www.linkedin.com\/company\/108038166\/"]}]}},"_links":{"self":[{"href":"https:\/\/www.heveagenius.com\/fr\/wp-json\/wp\/v2\/pages\/1197","targetHints":{"allow":["GET"]}}],"collection":[{"href":"https:\/\/www.heveagenius.com\/fr\/wp-json\/wp\/v2\/pages"}],"about":[{"href":"https:\/\/www.heveagenius.com\/fr\/wp-json\/wp\/v2\/types\/page"}],"author":[{"embeddable":true,"href":"https:\/\/www.heveagenius.com\/fr\/wp-json\/wp\/v2\/users\/1"}],"replies":[{"embeddable":true,"href":"https:\/\/www.heveagenius.com\/fr\/wp-json\/wp\/v2\/comments?post=1197"}],"version-history":[{"count":2,"href":"https:\/\/www.heveagenius.com\/fr\/wp-json\/wp\/v2\/pages\/1197\/revisions"}],"predecessor-version":[{"id":1386,"href":"https:\/\/www.heveagenius.com\/fr\/wp-json\/wp\/v2\/pages\/1197\/revisions\/1386"}],"wp:attachment":[{"href":"https:\/\/www.heveagenius.com\/fr\/wp-json\/wp\/v2\/media?parent=1197"}],"curies":[{"name":"wp","href":"https:\/\/api.w.org\/{rel}","templated":true}]}}