{"id":1187,"date":"2025-07-29T04:44:11","date_gmt":"2025-07-29T04:44:11","guid":{"rendered":"https:\/\/www.heveagenius.com\/conditions-dutilisation\/"},"modified":"2025-08-24T06:23:47","modified_gmt":"2025-08-24T06:23:47","slug":"conditions-dutilisation","status":"publish","type":"page","link":"https:\/\/www.heveagenius.com\/fr\/conditions-dutilisation\/","title":{"rendered":"Conditions d\u2019utilisation"},"content":{"rendered":"\t\t<div data-elementor-type=\"wp-page\" data-elementor-id=\"1187\" class=\"elementor elementor-1187 elementor-63\" data-elementor-post-type=\"page\">\n\t\t\t\t\t\t<section class=\"elementor-section elementor-top-section elementor-element elementor-element-4bcbbf27 elementor-section-height-min-height elementor-section-boxed elementor-section-height-default elementor-section-items-middle\" data-id=\"4bcbbf27\" data-element_type=\"section\" data-settings=\"{&quot;background_background&quot;:&quot;classic&quot;}\">\n\t\t\t\t\t\t\t<div class=\"elementor-background-overlay\"><\/div>\n\t\t\t\t\t\t\t<div class=\"elementor-container elementor-column-gap-default\">\n\t\t\t\t\t<div class=\"elementor-column elementor-col-100 elementor-top-column elementor-element elementor-element-d620629\" data-id=\"d620629\" data-element_type=\"column\">\n\t\t\t<div class=\"elementor-widget-wrap elementor-element-populated\">\n\t\t\t\t\t\t<div class=\"elementor-element elementor-element-5e576402 elementor-widget elementor-widget-heading\" data-id=\"5e576402\" data-element_type=\"widget\" data-widget_type=\"heading.default\">\n\t\t\t\t\t<h2 class=\"elementor-heading-title elementor-size-default\">Conditions<br><b>D\u2019Utilisation<\/b><\/h2>\t\t\t\t<\/div>\n\t\t\t\t\t<\/div>\n\t\t<\/div>\n\t\t\t\t\t<\/div>\n\t\t<\/section>\n\t\t\t\t<section class=\"elementor-section elementor-top-section elementor-element elementor-element-27edf38 elementor-section-boxed elementor-section-height-default elementor-section-height-default\" data-id=\"27edf38\" data-element_type=\"section\">\n\t\t\t\t\t\t<div class=\"elementor-container elementor-column-gap-default\">\n\t\t\t\t\t<div class=\"elementor-column elementor-col-100 elementor-top-column elementor-element elementor-element-8b33e97\" data-id=\"8b33e97\" data-element_type=\"column\">\n\t\t\t<div class=\"elementor-widget-wrap elementor-element-populated\">\n\t\t\t\t\t\t<div class=\"elementor-element elementor-element-97086f7 elementor-widget elementor-widget-text-editor\" data-id=\"97086f7\" data-element_type=\"widget\" data-widget_type=\"text-editor.default\">\n\t\t\t\t\t\t\t\t\t<h2><strong>Restrictions l\u00e9gales et r\u00e9glementaires<\/strong><\/h2><p>Vous consultez actuellement le site <a href=\"https:\/\/www.heveagenius.com\/fr\/\">www.heveagenius.com<\/a>, publi\u00e9 par HEVEA Genius Limited, une soci\u00e9t\u00e9 constitu\u00e9e en vertu des lois des \u00eeles Vierges britanniques (BVI). Ce site fournit des informations sur le fonds d\u2019investissement alternatif HEVEA Genius, son orientation, ses caract\u00e9ristiques et sa structure. <\/p><p>L\u2019acc\u00e8s aux informations contenues sur ce site peut \u00eatre restreint ou interdit pour certaines personnes, en fonction de leur nationalit\u00e9, de leur lieu de r\u00e9sidence ou de leur statut juridique. Les exigences r\u00e9glementaires locales ou internationales peuvent emp\u00eacher certains visiteurs d\u2019acc\u00e9der l\u00e9galement au contenu publi\u00e9, de recevoir des propositions concernant des services ou produits financiers, ou d\u2019entrer en relations commerciales avec HEVEA Genius ou toute autre entit\u00e9 du groupe. <\/p><p>Chaque utilisateur est responsable de s\u2019assurer de la conformit\u00e9 l\u00e9gale avant de continuer \u00e0 naviguer sur le site. Dans certains cas, des restrictions d\u2019acc\u00e8s peuvent s\u2019appliquer, ou une redirection automatique vers une version restreinte du site peut \u00eatre mise en \u0153uvre. <\/p>\t\t\t\t\t\t\t\t<\/div>\n\t\t\t\t<div class=\"elementor-element elementor-element-5c46a8a elementor-widget elementor-widget-spacer\" data-id=\"5c46a8a\" data-element_type=\"widget\" data-widget_type=\"spacer.default\">\n\t\t\t\t\t\t\t<div class=\"elementor-spacer\">\n\t\t\t<div class=\"elementor-spacer-inner\"><\/div>\n\t\t<\/div>\n\t\t\t\t\t\t<\/div>\n\t\t\t\t<div class=\"elementor-element elementor-element-1f1c265 elementor-widget elementor-widget-text-editor\" data-id=\"1f1c265\" data-element_type=\"widget\" data-widget_type=\"text-editor.default\">\n\t\t\t\t\t\t\t\t\t<h2><strong>Performance des investissements<\/strong><\/h2><p>Les performances pass\u00e9es ne pr\u00e9jugent pas des r\u00e9sultats futurs. La valeur des investissements et des revenus associ\u00e9s peut augmenter ou diminuer en fonction des conditions du march\u00e9. Les investisseurs peuvent ne pas r\u00e9cup\u00e9rer la totalit\u00e9 du capital initialement investi.  <\/p><p>Les informations pr\u00e9sent\u00e9es sur ce site ne sont pas destin\u00e9es \u00e0 constituer un conseil en investissement ou une offre personnalis\u00e9e. Aucune garantie de performance ou de protection du capital n\u2019est fournie. Chaque investisseur est invit\u00e9 \u00e0 consulter la documentation l\u00e9gale du fonds et \u00e0 solliciter un conseil professionnel avant de prendre toute d\u00e9cision.  <\/p>\t\t\t\t\t\t\t\t<\/div>\n\t\t\t\t<div class=\"elementor-element elementor-element-980ca54 elementor-widget elementor-widget-spacer\" data-id=\"980ca54\" data-element_type=\"widget\" data-widget_type=\"spacer.default\">\n\t\t\t\t\t\t\t<div class=\"elementor-spacer\">\n\t\t\t<div class=\"elementor-spacer-inner\"><\/div>\n\t\t<\/div>\n\t\t\t\t\t\t<\/div>\n\t\t\t\t<div class=\"elementor-element elementor-element-a3f087a elementor-widget elementor-widget-text-editor\" data-id=\"a3f087a\" data-element_type=\"widget\" data-widget_type=\"text-editor.default\">\n\t\t\t\t\t\t\t\t\t<h2><strong>Aucune offre<\/strong><\/h2><p>Le contenu de ce site est fourni \u00e0 titre informatif uniquement et ne constitue en aucun cas une offre, une sollicitation ou une recommandation de souscrire ou d\u2019acheter un produit financier. Il ne constitue pas non plus un conseil en gestion d\u2019actifs ou en strat\u00e9gie patrimoniale. <\/p><p>Les parts sociales du fonds HEVEA Genius sont accessibles uniquement aux investisseurs qualifi\u00e9s via un processus de s\u00e9lection sp\u00e9cifique, et conform\u00e9ment \u00e0 la r\u00e9glementation en vigueur dans le pays de r\u00e9sidence de l\u2019investisseur. L\u2019acc\u00e8s au fonds n\u00e9cessite une validation pr\u00e9alable du profil et la signature des documents l\u00e9gaux requis. <\/p>\t\t\t\t\t\t\t\t<\/div>\n\t\t\t\t<div class=\"elementor-element elementor-element-0be0ae0 elementor-widget elementor-widget-spacer\" data-id=\"0be0ae0\" data-element_type=\"widget\" data-widget_type=\"spacer.default\">\n\t\t\t\t\t\t\t<div class=\"elementor-spacer\">\n\t\t\t<div class=\"elementor-spacer-inner\"><\/div>\n\t\t<\/div>\n\t\t\t\t\t\t<\/div>\n\t\t\t\t<div class=\"elementor-element elementor-element-4525200 elementor-widget elementor-widget-text-editor\" data-id=\"4525200\" data-element_type=\"widget\" data-widget_type=\"text-editor.default\">\n\t\t\t\t\t\t\t\t\t<h2><strong>Limitations g\u00e9ographiques<\/strong><\/h2><p data-start=\"190\" data-end=\"463\">Le contenu de <a class=\"\" href=\"http:\/\/www.heveagenius.com\/\" target=\"_new\" rel=\"noopener\" data-start=\"205\" data-end=\"224\">www.heveagenius.com<\/a> n\u2019est pas destin\u00e9 aux personnes se trouvant dans des juridictions o\u00f9 l\u2019acc\u00e8s \u00e0 ces informations pourrait \u00eatre restreint ou ill\u00e9gal. Le fonds ne fournit pas de services dans les pays o\u00f9 une autorisation r\u00e9glementaire serait requise et n\u2019a pas \u00e9t\u00e9 obtenue. <\/p><p data-start=\"465\" data-end=\"659\">Il incombe \u00e0 chaque visiteur de s&rsquo;assurer que l&rsquo;acc\u00e8s \u00e0 ce site et \u00e0 son contenu est conforme aux lois et r\u00e9glementations en vigueur dans son pays de r\u00e9sidence ou sa nationalit\u00e9.<\/p>\t\t\t\t\t\t\t\t<\/div>\n\t\t\t\t<div class=\"elementor-element elementor-element-4c78972 elementor-widget elementor-widget-spacer\" data-id=\"4c78972\" data-element_type=\"widget\" data-widget_type=\"spacer.default\">\n\t\t\t\t\t\t\t<div class=\"elementor-spacer\">\n\t\t\t<div class=\"elementor-spacer-inner\"><\/div>\n\t\t<\/div>\n\t\t\t\t\t\t<\/div>\n\t\t\t\t<div class=\"elementor-element elementor-element-657cb13 elementor-widget elementor-widget-text-editor\" data-id=\"657cb13\" data-element_type=\"widget\" data-widget_type=\"text-editor.default\">\n\t\t\t\t\t\t\t\t\t<h2><strong>Liens vers des sites externes<\/strong><\/h2><p>Ce site peut inclure des liens vers des plateformes externes ou des contenus tiers. Ces liens sont fournis uniquement \u00e0 titre informatif. HEVEA Genius ne contr\u00f4le pas le contenu des sites externes et n\u2019assume aucune responsabilit\u00e9 quant \u00e0 leur exactitude, leur s\u00e9curit\u00e9 ou leurs pratiques en mati\u00e8re de confidentialit\u00e9. Les utilisateurs acc\u00e8dent \u00e0 ces sites \u00e0 leurs propres risques.   <\/p>\t\t\t\t\t\t\t\t<\/div>\n\t\t\t\t<div class=\"elementor-element elementor-element-0aaf837 elementor-widget elementor-widget-spacer\" data-id=\"0aaf837\" data-element_type=\"widget\" data-widget_type=\"spacer.default\">\n\t\t\t\t\t\t\t<div class=\"elementor-spacer\">\n\t\t\t<div class=\"elementor-spacer-inner\"><\/div>\n\t\t<\/div>\n\t\t\t\t\t\t<\/div>\n\t\t\t\t<div class=\"elementor-element elementor-element-ef24637 elementor-widget elementor-widget-text-editor\" data-id=\"ef24637\" data-element_type=\"widget\" data-widget_type=\"text-editor.default\">\n\t\t\t\t\t\t\t\t\t<h2><strong>Droit applicable<\/strong><\/h2><p>Les pr\u00e9sentes conditions d\u2019utilisation sont r\u00e9gies par les lois des \u00celes Vierges britanniques (BVI). Tout litige li\u00e9 \u00e0 ce site sera soumis \u00e0 la comp\u00e9tence exclusive des tribunaux comp\u00e9tents de cette juridiction. <\/p>\t\t\t\t\t\t\t\t<\/div>\n\t\t\t\t<div class=\"elementor-element elementor-element-e575e66 elementor-widget elementor-widget-spacer\" data-id=\"e575e66\" data-element_type=\"widget\" data-widget_type=\"spacer.default\">\n\t\t\t\t\t\t\t<div class=\"elementor-spacer\">\n\t\t\t<div class=\"elementor-spacer-inner\"><\/div>\n\t\t<\/div>\n\t\t\t\t\t\t<\/div>\n\t\t\t\t<div class=\"elementor-element elementor-element-d164971 elementor-widget elementor-widget-text-editor\" data-id=\"d164971\" data-element_type=\"widget\" data-widget_type=\"text-editor.default\">\n\t\t\t\t\t\t\t\t\t<h2><strong>Collecte de donn\u00e9es<\/strong><\/h2><p>Le site peut collecter des donn\u00e9es techniques anonymes li\u00e9es \u00e0 la navigation, telles que la dur\u00e9e des visites, le type d\u2019appareil utilis\u00e9, l\u2019origine g\u00e9ographique (adresse IP) et les pages consult\u00e9es. Ces donn\u00e9es sont utilis\u00e9es \u00e0 des fins statistiques, de s\u00e9curit\u00e9 et d\u2019optimisation du site. Aucune information personnelle n\u2019est collect\u00e9e sans le consentement de l\u2019utilisateur. Pour plus de d\u00e9tails, veuillez consulter notre Politique de Confidentialit\u00e9.   <\/p>\t\t\t\t\t\t\t\t<\/div>\n\t\t\t\t<div class=\"elementor-element elementor-element-9f1c3b2 elementor-widget elementor-widget-spacer\" data-id=\"9f1c3b2\" data-element_type=\"widget\" data-widget_type=\"spacer.default\">\n\t\t\t\t\t\t\t<div class=\"elementor-spacer\">\n\t\t\t<div class=\"elementor-spacer-inner\"><\/div>\n\t\t<\/div>\n\t\t\t\t\t\t<\/div>\n\t\t\t\t<div class=\"elementor-element elementor-element-1363ea7 elementor-widget elementor-widget-text-editor\" data-id=\"1363ea7\" data-element_type=\"widget\" data-widget_type=\"text-editor.default\">\n\t\t\t\t\t\t\t\t\t<h2><strong>Propri\u00e9t\u00e9 intellectuelle<\/strong><\/h2><p>Tout le contenu de ce site web, y compris les textes, graphiques, logos, vid\u00e9os, mise en page, contenu \u00e9ditorial ou structure de navigation, est la propri\u00e9t\u00e9 exclusive de Hevea Investment Limited sauf indication contraire. Toute reproduction, transmission ou utilisation, en tout ou en partie, du site sans autorisation \u00e9crite pr\u00e9alable est strictement interdite. <\/p>\t\t\t\t\t\t\t\t<\/div>\n\t\t\t\t<div class=\"elementor-element elementor-element-86373d1 elementor-widget elementor-widget-spacer\" data-id=\"86373d1\" data-element_type=\"widget\" data-widget_type=\"spacer.default\">\n\t\t\t\t\t\t\t<div class=\"elementor-spacer\">\n\t\t\t<div class=\"elementor-spacer-inner\"><\/div>\n\t\t<\/div>\n\t\t\t\t\t\t<\/div>\n\t\t\t\t<div class=\"elementor-element elementor-element-74da4be elementor-widget elementor-widget-text-editor\" data-id=\"74da4be\" data-element_type=\"widget\" data-widget_type=\"text-editor.default\">\n\t\t\t\t\t\t\t\t\t<h2><strong>Avertissement<\/strong><\/h2><p>HEVEA Genius ne garantit pas l\u2019exactitude, l\u2019exhaustivit\u00e9 ou la mise \u00e0 jour constante des informations fournies. Ces contenus peuvent \u00eatre modifi\u00e9s sans pr\u00e9avis. L\u2019utilisation de ce site se fait aux risques et p\u00e9rils de l\u2019utilisateur, qui reste seul responsable de toute d\u00e9cision ou interpr\u00e9tation. En aucun cas, HEVEA Genius ne pourra \u00eatre tenu responsable de pertes ou de dommages directs ou indirects r\u00e9sultant de la consultation ou de l\u2019utilisation du site.   <\/p>\t\t\t\t\t\t\t\t<\/div>\n\t\t\t\t<div class=\"elementor-element elementor-element-da5a84c elementor-widget elementor-widget-spacer\" data-id=\"da5a84c\" data-element_type=\"widget\" data-widget_type=\"spacer.default\">\n\t\t\t\t\t\t\t<div class=\"elementor-spacer\">\n\t\t\t<div class=\"elementor-spacer-inner\"><\/div>\n\t\t<\/div>\n\t\t\t\t\t\t<\/div>\n\t\t\t\t<div class=\"elementor-element elementor-element-f75f21c elementor-widget elementor-widget-text-editor\" data-id=\"f75f21c\" data-element_type=\"widget\" data-widget_type=\"text-editor.default\">\n\t\t\t\t\t\t\t\t\t<h2><strong>Droit applicable<\/strong><\/h2><p>Les pr\u00e9sentes conditions d\u2019utilisation sont r\u00e9gies par les lois des \u00celes Vierges britanniques (BVI). Tout litige li\u00e9 \u00e0 ce site sera soumis \u00e0 la comp\u00e9tence exclusive des tribunaux comp\u00e9tents de cette juridiction. <\/p>\t\t\t\t\t\t\t\t<\/div>\n\t\t\t\t<div class=\"elementor-element elementor-element-88faa6a elementor-widget elementor-widget-spacer\" data-id=\"88faa6a\" data-element_type=\"widget\" data-widget_type=\"spacer.default\">\n\t\t\t\t\t\t\t<div class=\"elementor-spacer\">\n\t\t\t<div class=\"elementor-spacer-inner\"><\/div>\n\t\t<\/div>\n\t\t\t\t\t\t<\/div>\n\t\t\t\t\t<\/div>\n\t\t<\/div>\n\t\t\t\t\t<\/div>\n\t\t<\/section>\n\t\t\t\t<\/div>\n\t\t","protected":false},"excerpt":{"rendered":"<p>ConditionsD\u2019Utilisation Restrictions l\u00e9gales et r\u00e9glementaires Vous consultez actuellement le site www.heveagenius.com, publi\u00e9 par HEVEA Genius Limited, une soci\u00e9t\u00e9 constitu\u00e9e en vertu des lois des \u00eeles Vierges britanniques (BVI). Ce site fournit des informations sur le fonds d\u2019investissement alternatif HEVEA Genius, son orientation, ses caract\u00e9ristiques et sa structure. L\u2019acc\u00e8s aux informations contenues sur ce site peut [&hellip;]<\/p>\n","protected":false},"author":1,"featured_media":0,"parent":0,"menu_order":0,"comment_status":"closed","ping_status":"closed","template":"","meta":{"footnotes":""},"class_list":["post-1187","page","type-page","status-publish","hentry"],"yoast_head":"<!-- This site is optimized with the Yoast SEO plugin v26.2 - https:\/\/yoast.com\/wordpress\/plugins\/seo\/ -->\n<title>Mentions l\u00e9gales et conditions d\u2019acc\u00e8s \u2013 Fonds Hevea Genius BVI<\/title>\n<meta name=\"description\" content=\"Consultez les mentions l\u00e9gales, les restrictions d\u2019acc\u00e8s et les conditions r\u00e9glementaires pour Hevea Genius. D\u00e9couvrez qui peut acc\u00e9der aux informations sur le fonds.\" \/>\n<meta name=\"robots\" content=\"index, follow, max-snippet:-1, max-image-preview:large, max-video-preview:-1\" \/>\n<link rel=\"canonical\" href=\"https:\/\/www.heveagenius.com\/fr\/conditions-dutilisation\/\" \/>\n<meta property=\"og:locale\" content=\"fr_FR\" \/>\n<meta property=\"og:type\" content=\"article\" \/>\n<meta property=\"og:title\" content=\"Mentions l\u00e9gales et conditions d\u2019acc\u00e8s \u2013 Fonds Hevea Genius BVI\" \/>\n<meta property=\"og:description\" content=\"Consultez les mentions l\u00e9gales, les restrictions d\u2019acc\u00e8s et les conditions r\u00e9glementaires pour Hevea Genius. D\u00e9couvrez qui peut acc\u00e9der aux informations sur le fonds.\" \/>\n<meta property=\"og:url\" content=\"https:\/\/www.heveagenius.com\/fr\/conditions-dutilisation\/\" \/>\n<meta property=\"og:site_name\" content=\"Heveagenius\" \/>\n<meta property=\"article:modified_time\" content=\"2025-08-24T06:23:47+00:00\" \/>\n<meta name=\"twitter:card\" content=\"summary_large_image\" \/>\n<meta name=\"twitter:site\" content=\"@Heveagenius\" \/>\n<meta name=\"twitter:label1\" content=\"Dur\u00e9e de lecture estim\u00e9e\" \/>\n\t<meta name=\"twitter:data1\" content=\"4 minutes\" \/>\n<script type=\"application\/ld+json\" class=\"yoast-schema-graph\">{\"@context\":\"https:\/\/schema.org\",\"@graph\":[{\"@type\":\"WebPage\",\"@id\":\"https:\/\/www.heveagenius.com\/fr\/conditions-dutilisation\/\",\"url\":\"https:\/\/www.heveagenius.com\/fr\/conditions-dutilisation\/\",\"name\":\"Mentions l\u00e9gales et conditions d\u2019acc\u00e8s \u2013 Fonds Hevea Genius BVI\",\"isPartOf\":{\"@id\":\"https:\/\/www.heveagenius.com\/fr\/#website\"},\"datePublished\":\"2025-07-29T04:44:11+00:00\",\"dateModified\":\"2025-08-24T06:23:47+00:00\",\"description\":\"Consultez les mentions l\u00e9gales, les restrictions d\u2019acc\u00e8s et les conditions r\u00e9glementaires pour Hevea Genius. D\u00e9couvrez qui peut acc\u00e9der aux informations sur le fonds.\",\"breadcrumb\":{\"@id\":\"https:\/\/www.heveagenius.com\/fr\/conditions-dutilisation\/#breadcrumb\"},\"inLanguage\":\"fr-FR\",\"potentialAction\":[{\"@type\":\"ReadAction\",\"target\":[\"https:\/\/www.heveagenius.com\/fr\/conditions-dutilisation\/\"]}]},{\"@type\":\"BreadcrumbList\",\"@id\":\"https:\/\/www.heveagenius.com\/fr\/conditions-dutilisation\/#breadcrumb\",\"itemListElement\":[{\"@type\":\"ListItem\",\"position\":1,\"name\":\"Home\",\"item\":\"https:\/\/www.heveagenius.com\/fr\/\"},{\"@type\":\"ListItem\",\"position\":2,\"name\":\"Conditions d\u2019utilisation\"}]},{\"@type\":\"WebSite\",\"@id\":\"https:\/\/www.heveagenius.com\/fr\/#website\",\"url\":\"https:\/\/www.heveagenius.com\/fr\/\",\"name\":\"Heveagenius\",\"description\":\"\",\"publisher\":{\"@id\":\"https:\/\/www.heveagenius.com\/fr\/#organization\"},\"potentialAction\":[{\"@type\":\"SearchAction\",\"target\":{\"@type\":\"EntryPoint\",\"urlTemplate\":\"https:\/\/www.heveagenius.com\/fr\/?s={search_term_string}\"},\"query-input\":{\"@type\":\"PropertyValueSpecification\",\"valueRequired\":true,\"valueName\":\"search_term_string\"}}],\"inLanguage\":\"fr-FR\"},{\"@type\":\"Organization\",\"@id\":\"https:\/\/www.heveagenius.com\/fr\/#organization\",\"name\":\"HEVEA Genius\",\"url\":\"https:\/\/www.heveagenius.com\/fr\/\",\"logo\":{\"@type\":\"ImageObject\",\"inLanguage\":\"fr-FR\",\"@id\":\"https:\/\/www.heveagenius.com\/fr\/#\/schema\/logo\/image\/\",\"url\":\"https:\/\/www.heveagenius.com\/wp-content\/uploads\/2025\/08\/e814a8629ee4-Favicon-256.png\",\"contentUrl\":\"https:\/\/www.heveagenius.com\/wp-content\/uploads\/2025\/08\/e814a8629ee4-Favicon-256.png\",\"width\":256,\"height\":256,\"caption\":\"HEVEA Genius\"},\"image\":{\"@id\":\"https:\/\/www.heveagenius.com\/fr\/#\/schema\/logo\/image\/\"},\"sameAs\":[\"https:\/\/x.com\/Heveagenius\",\"https:\/\/www.instagram.com\/hevea_genius\",\"https:\/\/www.linkedin.com\/company\/108038166\/\"]}]}<\/script>\n<!-- \/ Yoast SEO plugin. -->","yoast_head_json":{"title":"Mentions l\u00e9gales et conditions d\u2019acc\u00e8s \u2013 Fonds Hevea Genius BVI","description":"Consultez les mentions l\u00e9gales, les restrictions d\u2019acc\u00e8s et les conditions r\u00e9glementaires pour Hevea Genius. D\u00e9couvrez qui peut acc\u00e9der aux informations sur le fonds.","robots":{"index":"index","follow":"follow","max-snippet":"max-snippet:-1","max-image-preview":"max-image-preview:large","max-video-preview":"max-video-preview:-1"},"canonical":"https:\/\/www.heveagenius.com\/fr\/conditions-dutilisation\/","og_locale":"fr_FR","og_type":"article","og_title":"Mentions l\u00e9gales et conditions d\u2019acc\u00e8s \u2013 Fonds Hevea Genius BVI","og_description":"Consultez les mentions l\u00e9gales, les restrictions d\u2019acc\u00e8s et les conditions r\u00e9glementaires pour Hevea Genius. D\u00e9couvrez qui peut acc\u00e9der aux informations sur le fonds.","og_url":"https:\/\/www.heveagenius.com\/fr\/conditions-dutilisation\/","og_site_name":"Heveagenius","article_modified_time":"2025-08-24T06:23:47+00:00","twitter_card":"summary_large_image","twitter_site":"@Heveagenius","twitter_misc":{"Dur\u00e9e de lecture estim\u00e9e":"4 minutes"},"schema":{"@context":"https:\/\/schema.org","@graph":[{"@type":"WebPage","@id":"https:\/\/www.heveagenius.com\/fr\/conditions-dutilisation\/","url":"https:\/\/www.heveagenius.com\/fr\/conditions-dutilisation\/","name":"Mentions l\u00e9gales et conditions d\u2019acc\u00e8s \u2013 Fonds Hevea Genius BVI","isPartOf":{"@id":"https:\/\/www.heveagenius.com\/fr\/#website"},"datePublished":"2025-07-29T04:44:11+00:00","dateModified":"2025-08-24T06:23:47+00:00","description":"Consultez les mentions l\u00e9gales, les restrictions d\u2019acc\u00e8s et les conditions r\u00e9glementaires pour Hevea Genius. D\u00e9couvrez qui peut acc\u00e9der aux informations sur le fonds.","breadcrumb":{"@id":"https:\/\/www.heveagenius.com\/fr\/conditions-dutilisation\/#breadcrumb"},"inLanguage":"fr-FR","potentialAction":[{"@type":"ReadAction","target":["https:\/\/www.heveagenius.com\/fr\/conditions-dutilisation\/"]}]},{"@type":"BreadcrumbList","@id":"https:\/\/www.heveagenius.com\/fr\/conditions-dutilisation\/#breadcrumb","itemListElement":[{"@type":"ListItem","position":1,"name":"Home","item":"https:\/\/www.heveagenius.com\/fr\/"},{"@type":"ListItem","position":2,"name":"Conditions d\u2019utilisation"}]},{"@type":"WebSite","@id":"https:\/\/www.heveagenius.com\/fr\/#website","url":"https:\/\/www.heveagenius.com\/fr\/","name":"Heveagenius","description":"","publisher":{"@id":"https:\/\/www.heveagenius.com\/fr\/#organization"},"potentialAction":[{"@type":"SearchAction","target":{"@type":"EntryPoint","urlTemplate":"https:\/\/www.heveagenius.com\/fr\/?s={search_term_string}"},"query-input":{"@type":"PropertyValueSpecification","valueRequired":true,"valueName":"search_term_string"}}],"inLanguage":"fr-FR"},{"@type":"Organization","@id":"https:\/\/www.heveagenius.com\/fr\/#organization","name":"HEVEA Genius","url":"https:\/\/www.heveagenius.com\/fr\/","logo":{"@type":"ImageObject","inLanguage":"fr-FR","@id":"https:\/\/www.heveagenius.com\/fr\/#\/schema\/logo\/image\/","url":"https:\/\/www.heveagenius.com\/wp-content\/uploads\/2025\/08\/e814a8629ee4-Favicon-256.png","contentUrl":"https:\/\/www.heveagenius.com\/wp-content\/uploads\/2025\/08\/e814a8629ee4-Favicon-256.png","width":256,"height":256,"caption":"HEVEA Genius"},"image":{"@id":"https:\/\/www.heveagenius.com\/fr\/#\/schema\/logo\/image\/"},"sameAs":["https:\/\/x.com\/Heveagenius","https:\/\/www.instagram.com\/hevea_genius","https:\/\/www.linkedin.com\/company\/108038166\/"]}]}},"_links":{"self":[{"href":"https:\/\/www.heveagenius.com\/fr\/wp-json\/wp\/v2\/pages\/1187","targetHints":{"allow":["GET"]}}],"collection":[{"href":"https:\/\/www.heveagenius.com\/fr\/wp-json\/wp\/v2\/pages"}],"about":[{"href":"https:\/\/www.heveagenius.com\/fr\/wp-json\/wp\/v2\/types\/page"}],"author":[{"embeddable":true,"href":"https:\/\/www.heveagenius.com\/fr\/wp-json\/wp\/v2\/users\/1"}],"replies":[{"embeddable":true,"href":"https:\/\/www.heveagenius.com\/fr\/wp-json\/wp\/v2\/comments?post=1187"}],"version-history":[{"count":7,"href":"https:\/\/www.heveagenius.com\/fr\/wp-json\/wp\/v2\/pages\/1187\/revisions"}],"predecessor-version":[{"id":1588,"href":"https:\/\/www.heveagenius.com\/fr\/wp-json\/wp\/v2\/pages\/1187\/revisions\/1588"}],"wp:attachment":[{"href":"https:\/\/www.heveagenius.com\/fr\/wp-json\/wp\/v2\/media?parent=1187"}],"curies":[{"name":"wp","href":"https:\/\/api.w.org\/{rel}","templated":true}]}}