{"id":1175,"date":"2025-07-29T04:43:51","date_gmt":"2025-07-29T04:43:51","guid":{"rendered":"https:\/\/www.heveagenius.com\/carrieres\/"},"modified":"2025-08-22T13:30:27","modified_gmt":"2025-08-22T13:30:27","slug":"carrieres","status":"publish","type":"page","link":"https:\/\/www.heveagenius.com\/fr\/carrieres\/","title":{"rendered":"Carri\u00e8res"},"content":{"rendered":"\t\t<div data-elementor-type=\"wp-page\" data-elementor-id=\"1175\" class=\"elementor elementor-1175 elementor-59\" data-elementor-post-type=\"page\">\n\t\t\t\t\t\t<section class=\"elementor-section elementor-top-section elementor-element elementor-element-5f79e7af elementor-section-height-min-height elementor-section-boxed elementor-section-height-default elementor-section-items-middle\" data-id=\"5f79e7af\" data-element_type=\"section\" data-settings=\"{&quot;background_background&quot;:&quot;classic&quot;}\">\n\t\t\t\t\t\t\t<div class=\"elementor-background-overlay\"><\/div>\n\t\t\t\t\t\t\t<div class=\"elementor-container elementor-column-gap-default\">\n\t\t\t\t\t<div class=\"elementor-column elementor-col-100 elementor-top-column elementor-element elementor-element-2040b6cd\" data-id=\"2040b6cd\" data-element_type=\"column\">\n\t\t\t<div class=\"elementor-widget-wrap elementor-element-populated\">\n\t\t\t\t\t\t<div class=\"elementor-element elementor-element-68e69c37 elementor-widget elementor-widget-heading\" data-id=\"68e69c37\" data-element_type=\"widget\" data-widget_type=\"heading.default\">\n\t\t\t\t\t<h2 class=\"elementor-heading-title elementor-size-default\">Carri\u00e8res chez<br><b>HEVEA Genius<\/b><\/h2>\t\t\t\t<\/div>\n\t\t\t\t\t<\/div>\n\t\t<\/div>\n\t\t\t\t\t<\/div>\n\t\t<\/section>\n\t\t\t\t<section class=\"elementor-section elementor-top-section elementor-element elementor-element-4714de89 elementor-section-boxed elementor-section-height-default elementor-section-height-default\" data-id=\"4714de89\" data-element_type=\"section\">\n\t\t\t\t\t\t<div class=\"elementor-container elementor-column-gap-default\">\n\t\t\t\t\t<div class=\"elementor-column elementor-col-100 elementor-top-column elementor-element elementor-element-73ceca49\" data-id=\"73ceca49\" data-element_type=\"column\">\n\t\t\t<div class=\"elementor-widget-wrap elementor-element-populated\">\n\t\t\t\t\t\t<div class=\"elementor-element elementor-element-5cda24b7 elementor-widget elementor-widget-heading\" data-id=\"5cda24b7\" data-element_type=\"widget\" data-widget_type=\"heading.default\">\n\t\t\t\t\t<h2 class=\"elementor-heading-title elementor-size-default\">Un parcours entrepreneurial au c\u0153ur de l\u2019innovation patrimoniale<\/h2>\t\t\t\t<\/div>\n\t\t\t\t<div class=\"elementor-element elementor-element-5165354e elementor-widget-divider--view-line elementor-widget elementor-widget-divider\" data-id=\"5165354e\" data-element_type=\"widget\" data-widget_type=\"divider.default\">\n\t\t\t\t\t\t\t<div class=\"elementor-divider\">\n\t\t\t<span class=\"elementor-divider-separator\">\n\t\t\t\t\t\t<\/span>\n\t\t<\/div>\n\t\t\t\t\t\t<\/div>\n\t\t\t\t<div class=\"elementor-element elementor-element-2ce4d640 elementor-widget elementor-widget-text-editor\" data-id=\"2ce4d640\" data-element_type=\"widget\" data-widget_type=\"text-editor.default\">\n\t\t\t\t\t\t\t\t\t<p data-start=\"103\" data-end=\"257\"><strong>HEVEA Genius<\/strong> n\u2019est pas une institution financi\u00e8re traditionnelle. C\u2019est un fonds alternatif guid\u00e9 par de <strong>fortes convictions<\/strong>, <strong>des standards \u00e9lev\u00e9s et une vision \u00e0 long terme.<\/strong><\/p><p data-start=\"103\" data-end=\"257\"> <\/p><p data-start=\"259\" data-end=\"551\"><strong>Rejoindre notre \u00e9quipe<\/strong> signifie int\u00e9grer un environnement agile et en forte croissance, ax\u00e9 sur les actifs tangibles et les technologies financi\u00e8res \u00e9mergentes. Avec des partenaires internationaux \u00e0 Duba\u00ef, en Suisse, en Tha\u00eflande et \u00e0 Oman, nous recherchons des profils disciplin\u00e9s, autonomes et proactifs, pr\u00eats \u00e0 relever ce d\u00e9fi.<\/p>\t\t\t\t\t\t\t\t<\/div>\n\t\t\t\t\t<\/div>\n\t\t<\/div>\n\t\t\t\t\t<\/div>\n\t\t<\/section>\n\t\t\t\t<section class=\"elementor-section elementor-top-section elementor-element elementor-element-7aa730e elementor-section-content-middle elementor-section-boxed elementor-section-height-default elementor-section-height-default\" data-id=\"7aa730e\" data-element_type=\"section\" data-settings=\"{&quot;background_background&quot;:&quot;classic&quot;}\">\n\t\t\t\t\t\t<div class=\"elementor-container elementor-column-gap-default\">\n\t\t\t\t\t<div class=\"elementor-column elementor-col-100 elementor-top-column elementor-element elementor-element-43b87609\" data-id=\"43b87609\" data-element_type=\"column\">\n\t\t\t<div class=\"elementor-widget-wrap elementor-element-populated\">\n\t\t\t\t\t\t<div class=\"elementor-element elementor-element-3ef9fd4e elementor-widget elementor-widget-heading\" data-id=\"3ef9fd4e\" data-element_type=\"widget\" data-widget_type=\"heading.default\">\n\t\t\t\t\t<h2 class=\"elementor-heading-title elementor-size-default\">Des talents engag\u00e9s<br><b>pour des missions concr\u00e8tes<\/b><\/h2>\t\t\t\t<\/div>\n\t\t\t\t<div class=\"elementor-element elementor-element-67b4d2d1 elementor-widget-divider--view-line elementor-widget elementor-widget-divider\" data-id=\"67b4d2d1\" data-element_type=\"widget\" data-widget_type=\"divider.default\">\n\t\t\t\t\t\t\t<div class=\"elementor-divider\">\n\t\t\t<span class=\"elementor-divider-separator\">\n\t\t\t\t\t\t<\/span>\n\t\t<\/div>\n\t\t\t\t\t\t<\/div>\n\t\t\t\t\t<\/div>\n\t\t<\/div>\n\t\t\t\t\t<\/div>\n\t\t<\/section>\n\t\t\t\t<section class=\"elementor-section elementor-top-section elementor-element elementor-element-5b9faa32 elementor-section-content-middle elementor-reverse-mobile elementor-section-boxed elementor-section-height-default elementor-section-height-default\" data-id=\"5b9faa32\" data-element_type=\"section\" data-settings=\"{&quot;background_background&quot;:&quot;classic&quot;}\">\n\t\t\t\t\t\t<div class=\"elementor-container elementor-column-gap-default\">\n\t\t\t\t\t<div class=\"elementor-column elementor-col-50 elementor-top-column elementor-element elementor-element-5959e799\" data-id=\"5959e799\" data-element_type=\"column\">\n\t\t\t<div class=\"elementor-widget-wrap elementor-element-populated\">\n\t\t\t\t\t\t<div class=\"elementor-element elementor-element-64426f96 elementor-widget elementor-widget-text-editor\" data-id=\"64426f96\" data-element_type=\"widget\" data-widget_type=\"text-editor.default\">\n\t\t\t\t\t\t\t\t\t<p>Nous recrutons en continu dans les domaines suivants :<\/p><p> <\/p><p>\u25a0 Gestion de portefeuille et analyse financi\u00e8re<\/p><p>\u25a0 Audit, conformit\u00e9 et structuration juridique internationale<\/p><p>\u25a0 Crypto-actifs, s\u00e9curit\u00e9 blockchain et infrastructures de minage<\/p><p>\u25a0 Relations investisseurs, coordination de projets et strat\u00e9gie patrimoniale<\/p><p>\u25a0 Communication institutionnelle, cr\u00e9ation de contenu, image de marque et digital<\/p><p> <\/p><p>Chaque mission est li\u00e9e \u00e0 un objectif clair : cr\u00e9er une valeur r\u00e9elle tout en respectant nos principes fondamentaux \u2014 transparence, ind\u00e9pendance et excellence.<\/p>\t\t\t\t\t\t\t\t<\/div>\n\t\t\t\t\t<\/div>\n\t\t<\/div>\n\t\t\t\t<div class=\"elementor-column elementor-col-50 elementor-top-column elementor-element elementor-element-e6c2672 elementor-invisible\" data-id=\"e6c2672\" data-element_type=\"column\" data-settings=\"{&quot;animation&quot;:&quot;fadeInRight&quot;}\">\n\t\t\t<div class=\"elementor-widget-wrap elementor-element-populated\">\n\t\t\t\t\t\t<div class=\"elementor-element elementor-element-1cefa7ae animated-slow elementor-invisible elementor-widget elementor-widget-image\" data-id=\"1cefa7ae\" data-element_type=\"widget\" data-settings=\"{&quot;_animation&quot;:&quot;fadeIn&quot;}\" data-widget_type=\"image.default\">\n\t\t\t\t\t\t\t\t\t\t\t\t\t\t\t<img fetchpriority=\"high\" decoding=\"async\" width=\"800\" height=\"450\" src=\"https:\/\/www.heveagenius.com\/wp-content\/uploads\/2025\/07\/31ddb88cb1cb-relationship-private-clients-1024x576.webp\" class=\"attachment-large size-large wp-image-434\" alt=\"\" srcset=\"https:\/\/www.heveagenius.com\/wp-content\/uploads\/2025\/07\/31ddb88cb1cb-relationship-private-clients-1024x576.webp 1024w, https:\/\/www.heveagenius.com\/wp-content\/uploads\/2025\/07\/31ddb88cb1cb-relationship-private-clients-300x169.webp 300w, https:\/\/www.heveagenius.com\/wp-content\/uploads\/2025\/07\/31ddb88cb1cb-relationship-private-clients-768x432.webp 768w, https:\/\/www.heveagenius.com\/wp-content\/uploads\/2025\/07\/31ddb88cb1cb-relationship-private-clients-1536x864.webp 1536w, https:\/\/www.heveagenius.com\/wp-content\/uploads\/2025\/07\/31ddb88cb1cb-relationship-private-clients.webp 1600w\" sizes=\"(max-width: 800px) 100vw, 800px\" \/>\t\t\t\t\t\t\t\t\t\t\t\t\t\t\t<\/div>\n\t\t\t\t\t<\/div>\n\t\t<\/div>\n\t\t\t\t\t<\/div>\n\t\t<\/section>\n\t\t\t\t<section class=\"elementor-section elementor-top-section elementor-element elementor-element-2e5a5e87 elementor-section-boxed elementor-section-height-default elementor-section-height-default\" data-id=\"2e5a5e87\" data-element_type=\"section\">\n\t\t\t\t\t\t<div class=\"elementor-container elementor-column-gap-default\">\n\t\t\t\t\t<div class=\"elementor-column elementor-col-100 elementor-top-column elementor-element elementor-element-6464f43b\" data-id=\"6464f43b\" data-element_type=\"column\">\n\t\t\t<div class=\"elementor-widget-wrap elementor-element-populated\">\n\t\t\t\t\t\t<div class=\"elementor-element elementor-element-5c479b01 elementor-widget elementor-widget-heading\" data-id=\"5c479b01\" data-element_type=\"widget\" data-widget_type=\"heading.default\">\n\t\t\t\t\t<h2 class=\"elementor-heading-title elementor-size-default\">Un environnement exigeant <br><b>mais humain<\/b><\/h2>\t\t\t\t<\/div>\n\t\t\t\t<div class=\"elementor-element elementor-element-d6a8196 elementor-widget-divider--view-line elementor-widget elementor-widget-divider\" data-id=\"d6a8196\" data-element_type=\"widget\" data-widget_type=\"divider.default\">\n\t\t\t\t\t\t\t<div class=\"elementor-divider\">\n\t\t\t<span class=\"elementor-divider-separator\">\n\t\t\t\t\t\t<\/span>\n\t\t<\/div>\n\t\t\t\t\t\t<\/div>\n\t\t\t\t\t<\/div>\n\t\t<\/div>\n\t\t\t\t\t<\/div>\n\t\t<\/section>\n\t\t\t\t<section class=\"elementor-section elementor-top-section elementor-element elementor-element-6849aa2c elementor-section-content-middle elementor-reverse-tablet elementor-reverse-mobile elementor-section-boxed elementor-section-height-default elementor-section-height-default\" data-id=\"6849aa2c\" data-element_type=\"section\" data-settings=\"{&quot;background_background&quot;:&quot;classic&quot;}\">\n\t\t\t\t\t\t<div class=\"elementor-container elementor-column-gap-default\">\n\t\t\t\t\t<div class=\"elementor-column elementor-col-50 elementor-top-column elementor-element elementor-element-6336e18a elementor-invisible\" data-id=\"6336e18a\" data-element_type=\"column\" data-settings=\"{&quot;animation&quot;:&quot;fadeInLeft&quot;}\">\n\t\t\t<div class=\"elementor-widget-wrap elementor-element-populated\">\n\t\t\t\t\t\t<div class=\"elementor-element elementor-element-2c2928c animated-slow elementor-invisible elementor-widget elementor-widget-image\" data-id=\"2c2928c\" data-element_type=\"widget\" data-settings=\"{&quot;_animation&quot;:&quot;fadeIn&quot;}\" data-widget_type=\"image.default\">\n\t\t\t\t\t\t\t\t\t\t\t\t\t\t\t<img decoding=\"async\" width=\"800\" height=\"534\" src=\"https:\/\/www.heveagenius.com\/wp-content\/uploads\/2025\/07\/b2e1e18fb932-teams-hevea-1024x683.webp\" class=\"attachment-large size-large wp-image-438\" alt=\"\" srcset=\"https:\/\/www.heveagenius.com\/wp-content\/uploads\/2025\/07\/b2e1e18fb932-teams-hevea-1024x683.webp 1024w, https:\/\/www.heveagenius.com\/wp-content\/uploads\/2025\/07\/b2e1e18fb932-teams-hevea-300x200.webp 300w, https:\/\/www.heveagenius.com\/wp-content\/uploads\/2025\/07\/b2e1e18fb932-teams-hevea-768x512.webp 768w, https:\/\/www.heveagenius.com\/wp-content\/uploads\/2025\/07\/b2e1e18fb932-teams-hevea.webp 1440w\" sizes=\"(max-width: 800px) 100vw, 800px\" \/>\t\t\t\t\t\t\t\t\t\t\t\t\t\t\t<\/div>\n\t\t\t\t\t<\/div>\n\t\t<\/div>\n\t\t\t\t<div class=\"elementor-column elementor-col-50 elementor-top-column elementor-element elementor-element-5eaebd7\" data-id=\"5eaebd7\" data-element_type=\"column\">\n\t\t\t<div class=\"elementor-widget-wrap elementor-element-populated\">\n\t\t\t\t\t\t<div class=\"elementor-element elementor-element-500f2a83 elementor-widget elementor-widget-text-editor\" data-id=\"500f2a83\" data-element_type=\"widget\" data-widget_type=\"text-editor.default\">\n\t\t\t\t\t\t\t\t\t<p>L\u2019humilit\u00e9 est consid\u00e9r\u00e9e comme une force.<\/p><p>Nous recherchons des personnes autonomes avec un fort sens des responsabilit\u00e9s, capables d\u2019\u00e9voluer dans des environnements confidentiels, internationaux et \u00e0 forts enjeux.<\/p><p>Si l\u2019expertise technique est essentielle, la fiabilit\u00e9, la loyaut\u00e9 et un esprit orient\u00e9 vers les solutions sont tout autant valoris\u00e9s.<\/p><p>Le cadre de travail est \u00e0 la fois flexible et structur\u00e9, offrant de r\u00e9elles opportunit\u00e9s de croissance internationale.<\/p><p>Rejoindre l\u2019\u00e9quipe signifie contribuer activement \u00e0 la croissance d\u2019un fonds qui se structure pour l\u2019avenir \u2014 avec un r\u00f4le strat\u00e9gique, op\u00e9rationnel et tr\u00e8s visible.<\/p>\t\t\t\t\t\t\t\t<\/div>\n\t\t\t\t\t<\/div>\n\t\t<\/div>\n\t\t\t\t\t<\/div>\n\t\t<\/section>\n\t\t\t\t<section class=\"elementor-section elementor-top-section elementor-element elementor-element-622f6036 elementor-section-content-middle elementor-section-boxed elementor-section-height-default elementor-section-height-default\" data-id=\"622f6036\" data-element_type=\"section\" data-settings=\"{&quot;background_background&quot;:&quot;classic&quot;}\">\n\t\t\t\t\t\t\t<div class=\"elementor-background-overlay\"><\/div>\n\t\t\t\t\t\t\t<div class=\"elementor-container elementor-column-gap-default\">\n\t\t\t\t\t<div class=\"elementor-column elementor-col-100 elementor-top-column elementor-element elementor-element-68571b06\" data-id=\"68571b06\" data-element_type=\"column\">\n\t\t\t<div class=\"elementor-widget-wrap elementor-element-populated\">\n\t\t\t\t\t\t<div class=\"elementor-element elementor-element-11c58d50 elementor-widget elementor-widget-text-editor\" data-id=\"11c58d50\" data-element_type=\"widget\" data-widget_type=\"text-editor.default\">\n\t\t\t\t\t\t\t\t\t<p><strong>Avez-vous envie de faire partie d\u2019un projet ind\u00e9pendant, alternatif et durable ?<\/strong><\/p><p><strong>Apportez-vous une expertise solide et l\u2019envie d\u2019\u00e9voluer dans un environnement confidentiel, rigoureux et tourn\u00e9 vers l\u2019avenir ?<\/strong><\/p><p>Envoyez votre candidature (CV et lettre de motivation) \u00e0 :<br><strong>contact@heveagenius.com<\/strong><\/p><p>Toutes les candidatures sont trait\u00e9es avec la plus stricte confidentialit\u00e9.<\/p>\t\t\t\t\t\t\t\t<\/div>\n\t\t\t\t\t<\/div>\n\t\t<\/div>\n\t\t\t\t\t<\/div>\n\t\t<\/section>\n\t\t\t\t<\/div>\n\t\t","protected":false},"excerpt":{"rendered":"<p>Carri\u00e8res chezHEVEA Genius Un parcours entrepreneurial au c\u0153ur de l\u2019innovation patrimoniale HEVEA Genius n\u2019est pas une institution financi\u00e8re traditionnelle. C\u2019est un fonds alternatif guid\u00e9 par de fortes convictions, des standards \u00e9lev\u00e9s et une vision \u00e0 long terme. Rejoindre notre \u00e9quipe signifie int\u00e9grer un environnement agile et en forte croissance, ax\u00e9 sur les actifs tangibles et [&hellip;]<\/p>\n","protected":false},"author":1,"featured_media":0,"parent":0,"menu_order":0,"comment_status":"closed","ping_status":"closed","template":"","meta":{"footnotes":""},"class_list":["post-1175","page","type-page","status-publish","hentry"],"yoast_head":"<!-- This site is optimized with the Yoast SEO plugin v26.2 - https:\/\/yoast.com\/wordpress\/plugins\/seo\/ -->\n<title>Carri\u00e8res \u2013 Rejoindre HEVEA Genius<\/title>\n<meta name=\"description\" content=\"D\u00e9couvrez les opportunit\u00e9s de carri\u00e8re chez HEVEA Genius. Rejoignez une \u00e9quipe internationale dans la finance alternative, la crypto et la strat\u00e9gie patrimoniale.\" \/>\n<meta name=\"robots\" content=\"index, follow, max-snippet:-1, max-image-preview:large, max-video-preview:-1\" \/>\n<link rel=\"canonical\" href=\"https:\/\/www.heveagenius.com\/fr\/carrieres\/\" \/>\n<meta property=\"og:locale\" content=\"fr_FR\" \/>\n<meta property=\"og:type\" content=\"article\" \/>\n<meta property=\"og:title\" content=\"Carri\u00e8res \u2013 Rejoindre HEVEA Genius\" \/>\n<meta property=\"og:description\" content=\"D\u00e9couvrez les opportunit\u00e9s de carri\u00e8re chez HEVEA Genius. Rejoignez une \u00e9quipe internationale dans la finance alternative, la crypto et la strat\u00e9gie patrimoniale.\" \/>\n<meta property=\"og:url\" content=\"https:\/\/www.heveagenius.com\/fr\/carrieres\/\" \/>\n<meta property=\"og:site_name\" content=\"Heveagenius\" \/>\n<meta property=\"article:modified_time\" content=\"2025-08-22T13:30:27+00:00\" \/>\n<meta property=\"og:image\" content=\"https:\/\/www.heveagenius.com\/wp-content\/uploads\/2025\/07\/31ddb88cb1cb-relationship-private-clients.webp\" \/>\n\t<meta property=\"og:image:width\" content=\"1600\" \/>\n\t<meta property=\"og:image:height\" content=\"900\" \/>\n\t<meta property=\"og:image:type\" content=\"image\/webp\" \/>\n<meta name=\"twitter:card\" content=\"summary_large_image\" \/>\n<meta name=\"twitter:site\" content=\"@Heveagenius\" \/>\n<meta name=\"twitter:label1\" content=\"Dur\u00e9e de lecture estim\u00e9e\" \/>\n\t<meta name=\"twitter:data1\" content=\"2 minutes\" \/>\n<script type=\"application\/ld+json\" class=\"yoast-schema-graph\">{\"@context\":\"https:\/\/schema.org\",\"@graph\":[{\"@type\":\"WebPage\",\"@id\":\"https:\/\/www.heveagenius.com\/fr\/carrieres\/\",\"url\":\"https:\/\/www.heveagenius.com\/fr\/carrieres\/\",\"name\":\"Carri\u00e8res \u2013 Rejoindre HEVEA Genius\",\"isPartOf\":{\"@id\":\"https:\/\/www.heveagenius.com\/fr\/#website\"},\"primaryImageOfPage\":{\"@id\":\"https:\/\/www.heveagenius.com\/fr\/carrieres\/#primaryimage\"},\"image\":{\"@id\":\"https:\/\/www.heveagenius.com\/fr\/carrieres\/#primaryimage\"},\"thumbnailUrl\":\"https:\/\/www.heveagenius.com\/wp-content\/uploads\/2025\/07\/31ddb88cb1cb-relationship-private-clients-1024x576.webp\",\"datePublished\":\"2025-07-29T04:43:51+00:00\",\"dateModified\":\"2025-08-22T13:30:27+00:00\",\"description\":\"D\u00e9couvrez les opportunit\u00e9s de carri\u00e8re chez HEVEA Genius. Rejoignez une \u00e9quipe internationale dans la finance alternative, la crypto et la strat\u00e9gie patrimoniale.\",\"breadcrumb\":{\"@id\":\"https:\/\/www.heveagenius.com\/fr\/carrieres\/#breadcrumb\"},\"inLanguage\":\"fr-FR\",\"potentialAction\":[{\"@type\":\"ReadAction\",\"target\":[\"https:\/\/www.heveagenius.com\/fr\/carrieres\/\"]}]},{\"@type\":\"ImageObject\",\"inLanguage\":\"fr-FR\",\"@id\":\"https:\/\/www.heveagenius.com\/fr\/carrieres\/#primaryimage\",\"url\":\"https:\/\/www.heveagenius.com\/wp-content\/uploads\/2025\/07\/31ddb88cb1cb-relationship-private-clients-1024x576.webp\",\"contentUrl\":\"https:\/\/www.heveagenius.com\/wp-content\/uploads\/2025\/07\/31ddb88cb1cb-relationship-private-clients-1024x576.webp\"},{\"@type\":\"BreadcrumbList\",\"@id\":\"https:\/\/www.heveagenius.com\/fr\/carrieres\/#breadcrumb\",\"itemListElement\":[{\"@type\":\"ListItem\",\"position\":1,\"name\":\"Home\",\"item\":\"https:\/\/www.heveagenius.com\/fr\/\"},{\"@type\":\"ListItem\",\"position\":2,\"name\":\"Carri\u00e8res\"}]},{\"@type\":\"WebSite\",\"@id\":\"https:\/\/www.heveagenius.com\/fr\/#website\",\"url\":\"https:\/\/www.heveagenius.com\/fr\/\",\"name\":\"Heveagenius\",\"description\":\"\",\"publisher\":{\"@id\":\"https:\/\/www.heveagenius.com\/fr\/#organization\"},\"potentialAction\":[{\"@type\":\"SearchAction\",\"target\":{\"@type\":\"EntryPoint\",\"urlTemplate\":\"https:\/\/www.heveagenius.com\/fr\/?s={search_term_string}\"},\"query-input\":{\"@type\":\"PropertyValueSpecification\",\"valueRequired\":true,\"valueName\":\"search_term_string\"}}],\"inLanguage\":\"fr-FR\"},{\"@type\":\"Organization\",\"@id\":\"https:\/\/www.heveagenius.com\/fr\/#organization\",\"name\":\"HEVEA Genius\",\"url\":\"https:\/\/www.heveagenius.com\/fr\/\",\"logo\":{\"@type\":\"ImageObject\",\"inLanguage\":\"fr-FR\",\"@id\":\"https:\/\/www.heveagenius.com\/fr\/#\/schema\/logo\/image\/\",\"url\":\"https:\/\/www.heveagenius.com\/wp-content\/uploads\/2025\/08\/e814a8629ee4-Favicon-256.png\",\"contentUrl\":\"https:\/\/www.heveagenius.com\/wp-content\/uploads\/2025\/08\/e814a8629ee4-Favicon-256.png\",\"width\":256,\"height\":256,\"caption\":\"HEVEA Genius\"},\"image\":{\"@id\":\"https:\/\/www.heveagenius.com\/fr\/#\/schema\/logo\/image\/\"},\"sameAs\":[\"https:\/\/x.com\/Heveagenius\",\"https:\/\/www.instagram.com\/hevea_genius\",\"https:\/\/www.linkedin.com\/company\/108038166\/\"]}]}<\/script>\n<!-- \/ Yoast SEO plugin. -->","yoast_head_json":{"title":"Carri\u00e8res \u2013 Rejoindre HEVEA Genius","description":"D\u00e9couvrez les opportunit\u00e9s de carri\u00e8re chez HEVEA Genius. Rejoignez une \u00e9quipe internationale dans la finance alternative, la crypto et la strat\u00e9gie patrimoniale.","robots":{"index":"index","follow":"follow","max-snippet":"max-snippet:-1","max-image-preview":"max-image-preview:large","max-video-preview":"max-video-preview:-1"},"canonical":"https:\/\/www.heveagenius.com\/fr\/carrieres\/","og_locale":"fr_FR","og_type":"article","og_title":"Carri\u00e8res \u2013 Rejoindre HEVEA Genius","og_description":"D\u00e9couvrez les opportunit\u00e9s de carri\u00e8re chez HEVEA Genius. Rejoignez une \u00e9quipe internationale dans la finance alternative, la crypto et la strat\u00e9gie patrimoniale.","og_url":"https:\/\/www.heveagenius.com\/fr\/carrieres\/","og_site_name":"Heveagenius","article_modified_time":"2025-08-22T13:30:27+00:00","og_image":[{"width":1600,"height":900,"url":"https:\/\/www.heveagenius.com\/wp-content\/uploads\/2025\/07\/31ddb88cb1cb-relationship-private-clients.webp","type":"image\/webp"}],"twitter_card":"summary_large_image","twitter_site":"@Heveagenius","twitter_misc":{"Dur\u00e9e de lecture estim\u00e9e":"2 minutes"},"schema":{"@context":"https:\/\/schema.org","@graph":[{"@type":"WebPage","@id":"https:\/\/www.heveagenius.com\/fr\/carrieres\/","url":"https:\/\/www.heveagenius.com\/fr\/carrieres\/","name":"Carri\u00e8res \u2013 Rejoindre HEVEA Genius","isPartOf":{"@id":"https:\/\/www.heveagenius.com\/fr\/#website"},"primaryImageOfPage":{"@id":"https:\/\/www.heveagenius.com\/fr\/carrieres\/#primaryimage"},"image":{"@id":"https:\/\/www.heveagenius.com\/fr\/carrieres\/#primaryimage"},"thumbnailUrl":"https:\/\/www.heveagenius.com\/wp-content\/uploads\/2025\/07\/31ddb88cb1cb-relationship-private-clients-1024x576.webp","datePublished":"2025-07-29T04:43:51+00:00","dateModified":"2025-08-22T13:30:27+00:00","description":"D\u00e9couvrez les opportunit\u00e9s de carri\u00e8re chez HEVEA Genius. Rejoignez une \u00e9quipe internationale dans la finance alternative, la crypto et la strat\u00e9gie patrimoniale.","breadcrumb":{"@id":"https:\/\/www.heveagenius.com\/fr\/carrieres\/#breadcrumb"},"inLanguage":"fr-FR","potentialAction":[{"@type":"ReadAction","target":["https:\/\/www.heveagenius.com\/fr\/carrieres\/"]}]},{"@type":"ImageObject","inLanguage":"fr-FR","@id":"https:\/\/www.heveagenius.com\/fr\/carrieres\/#primaryimage","url":"https:\/\/www.heveagenius.com\/wp-content\/uploads\/2025\/07\/31ddb88cb1cb-relationship-private-clients-1024x576.webp","contentUrl":"https:\/\/www.heveagenius.com\/wp-content\/uploads\/2025\/07\/31ddb88cb1cb-relationship-private-clients-1024x576.webp"},{"@type":"BreadcrumbList","@id":"https:\/\/www.heveagenius.com\/fr\/carrieres\/#breadcrumb","itemListElement":[{"@type":"ListItem","position":1,"name":"Home","item":"https:\/\/www.heveagenius.com\/fr\/"},{"@type":"ListItem","position":2,"name":"Carri\u00e8res"}]},{"@type":"WebSite","@id":"https:\/\/www.heveagenius.com\/fr\/#website","url":"https:\/\/www.heveagenius.com\/fr\/","name":"Heveagenius","description":"","publisher":{"@id":"https:\/\/www.heveagenius.com\/fr\/#organization"},"potentialAction":[{"@type":"SearchAction","target":{"@type":"EntryPoint","urlTemplate":"https:\/\/www.heveagenius.com\/fr\/?s={search_term_string}"},"query-input":{"@type":"PropertyValueSpecification","valueRequired":true,"valueName":"search_term_string"}}],"inLanguage":"fr-FR"},{"@type":"Organization","@id":"https:\/\/www.heveagenius.com\/fr\/#organization","name":"HEVEA Genius","url":"https:\/\/www.heveagenius.com\/fr\/","logo":{"@type":"ImageObject","inLanguage":"fr-FR","@id":"https:\/\/www.heveagenius.com\/fr\/#\/schema\/logo\/image\/","url":"https:\/\/www.heveagenius.com\/wp-content\/uploads\/2025\/08\/e814a8629ee4-Favicon-256.png","contentUrl":"https:\/\/www.heveagenius.com\/wp-content\/uploads\/2025\/08\/e814a8629ee4-Favicon-256.png","width":256,"height":256,"caption":"HEVEA Genius"},"image":{"@id":"https:\/\/www.heveagenius.com\/fr\/#\/schema\/logo\/image\/"},"sameAs":["https:\/\/x.com\/Heveagenius","https:\/\/www.instagram.com\/hevea_genius","https:\/\/www.linkedin.com\/company\/108038166\/"]}]}},"_links":{"self":[{"href":"https:\/\/www.heveagenius.com\/fr\/wp-json\/wp\/v2\/pages\/1175","targetHints":{"allow":["GET"]}}],"collection":[{"href":"https:\/\/www.heveagenius.com\/fr\/wp-json\/wp\/v2\/pages"}],"about":[{"href":"https:\/\/www.heveagenius.com\/fr\/wp-json\/wp\/v2\/types\/page"}],"author":[{"embeddable":true,"href":"https:\/\/www.heveagenius.com\/fr\/wp-json\/wp\/v2\/users\/1"}],"replies":[{"embeddable":true,"href":"https:\/\/www.heveagenius.com\/fr\/wp-json\/wp\/v2\/comments?post=1175"}],"version-history":[{"count":3,"href":"https:\/\/www.heveagenius.com\/fr\/wp-json\/wp\/v2\/pages\/1175\/revisions"}],"predecessor-version":[{"id":1582,"href":"https:\/\/www.heveagenius.com\/fr\/wp-json\/wp\/v2\/pages\/1175\/revisions\/1582"}],"wp:attachment":[{"href":"https:\/\/www.heveagenius.com\/fr\/wp-json\/wp\/v2\/media?parent=1175"}],"curies":[{"name":"wp","href":"https:\/\/api.w.org\/{rel}","templated":true}]}}