{"id":1898,"date":"2025-07-29T04:44:11","date_gmt":"2025-07-29T04:44:11","guid":{"rendered":"https:\/\/www.heveagenius.com\/nutzungsbedingungen\/"},"modified":"2025-09-04T07:58:25","modified_gmt":"2025-09-04T07:58:25","slug":"nutzungsbedingungen","status":"publish","type":"page","link":"https:\/\/www.heveagenius.com\/de\/nutzungsbedingungen\/","title":{"rendered":"Nutzungsbedingungen"},"content":{"rendered":"\t\t<div data-elementor-type=\"wp-page\" data-elementor-id=\"1898\" class=\"elementor elementor-1898 elementor-63\" data-elementor-post-type=\"page\">\n\t\t\t\t\t\t<section class=\"elementor-section elementor-top-section elementor-element elementor-element-4bcbbf27 elementor-section-height-min-height elementor-section-boxed elementor-section-height-default elementor-section-items-middle\" data-id=\"4bcbbf27\" data-element_type=\"section\" data-settings=\"{&quot;background_background&quot;:&quot;classic&quot;}\">\n\t\t\t\t\t\t\t<div class=\"elementor-background-overlay\"><\/div>\n\t\t\t\t\t\t\t<div class=\"elementor-container elementor-column-gap-default\">\n\t\t\t\t\t<div class=\"elementor-column elementor-col-100 elementor-top-column elementor-element elementor-element-d620629\" data-id=\"d620629\" data-element_type=\"column\">\n\t\t\t<div class=\"elementor-widget-wrap elementor-element-populated\">\n\t\t\t\t\t\t<div class=\"elementor-element elementor-element-5e576402 elementor-widget elementor-widget-heading\" data-id=\"5e576402\" data-element_type=\"widget\" data-widget_type=\"heading.default\">\n\t\t\t\t\t<h2 class=\"elementor-heading-title elementor-size-default\">Bedingungen<br><b>der Nutzung<\/b><\/h2>\t\t\t\t<\/div>\n\t\t\t\t\t<\/div>\n\t\t<\/div>\n\t\t\t\t\t<\/div>\n\t\t<\/section>\n\t\t\t\t<section class=\"elementor-section elementor-top-section elementor-element elementor-element-27edf38 elementor-section-boxed elementor-section-height-default elementor-section-height-default\" data-id=\"27edf38\" data-element_type=\"section\">\n\t\t\t\t\t\t<div class=\"elementor-container elementor-column-gap-default\">\n\t\t\t\t\t<div class=\"elementor-column elementor-col-100 elementor-top-column elementor-element elementor-element-8b33e97\" data-id=\"8b33e97\" data-element_type=\"column\">\n\t\t\t<div class=\"elementor-widget-wrap elementor-element-populated\">\n\t\t\t\t\t\t<div class=\"elementor-element elementor-element-97086f7 elementor-widget elementor-widget-text-editor\" data-id=\"97086f7\" data-element_type=\"widget\" data-widget_type=\"text-editor.default\">\n\t\t\t\t\t\t\t\t\t<h2><strong>Rechtliche und regulatorische Beschr\u00e4nkungen<\/strong><\/h2><p>Sie befinden sich derzeit auf der Website <a href=\"http:\/\/www.heveagenius.com\">www.heveagenius.com<\/a>, die von HEVEA Genius Limited ver\u00f6ffentlicht wird, einem nach den Gesetzen der Britischen Jungferninseln (BVI) gegr\u00fcndeten Unternehmen. Diese Seite bietet Informationen \u00fcber den alternativen Investmentfonds HEVEA Genius, seine Ausrichtung, Merkmale und Struktur. <\/p><p>Der Zugang zu den auf dieser Website enthaltenen Informationen kann f\u00fcr bestimmte Personen eingeschr\u00e4nkt oder verboten sein, abh\u00e4ngig von ihrer Staatsangeh\u00f6rigkeit, ihrem Wohnsitz oder ihrem rechtlichen Status. Lokale oder internationale aufsichtsrechtliche Anforderungen k\u00f6nnen einige Besucher daran hindern, rechtm\u00e4\u00dfig auf die ver\u00f6ffentlichten Inhalte zuzugreifen, Angebote zu Finanzdienstleistungen oder -produkten zu erhalten oder Gesch\u00e4ftsbeziehungen mit HEVEA Genius oder einer anderen Einheit innerhalb der Gruppe einzugehen. <\/p><p>Jeder Nutzer ist daf\u00fcr verantwortlich, die rechtliche Konformit\u00e4t sicherzustellen, bevor er die Website weiterhin nutzt. In einigen F\u00e4llen k\u00f6nnen Zugangsbeschr\u00e4nkungen gelten oder eine automatische Weiterleitung zu einer eingeschr\u00e4nkten Version der Website implementiert werden. <\/p>\t\t\t\t\t\t\t\t<\/div>\n\t\t\t\t<div class=\"elementor-element elementor-element-5c46a8a elementor-widget elementor-widget-spacer\" data-id=\"5c46a8a\" data-element_type=\"widget\" data-widget_type=\"spacer.default\">\n\t\t\t\t\t\t\t<div class=\"elementor-spacer\">\n\t\t\t<div class=\"elementor-spacer-inner\"><\/div>\n\t\t<\/div>\n\t\t\t\t\t\t<\/div>\n\t\t\t\t<div class=\"elementor-element elementor-element-1f1c265 elementor-widget elementor-widget-text-editor\" data-id=\"1f1c265\" data-element_type=\"widget\" data-widget_type=\"text-editor.default\">\n\t\t\t\t\t\t\t\t\t<h2><strong>Anlageperformance<\/strong><\/h2><p>Die vergangene Wertentwicklung ist kein Indikator f\u00fcr zuk\u00fcnftige Ergebnisse. Der Wert von Anlagen und die damit verbundenen Ertr\u00e4ge k\u00f6nnen je nach Marktbedingungen steigen oder fallen. Anleger erhalten m\u00f6glicherweise nicht den urspr\u00fcnglich investierten Kapitalbetrag vollst\u00e4ndig zur\u00fcck.  <\/p><p>Die auf dieser Website bereitgestellten Informationen sind nicht als Anlageberatung oder personalisiertes Angebot gedacht. Es wird keine Garantie f\u00fcr Performance oder Kapitalschutz gegeben. Jeder Anleger wird aufgefordert, die rechtliche Dokumentation des Fonds zu pr\u00fcfen und professionellen Rat einzuholen, bevor er eine Entscheidung trifft.  <\/p>\t\t\t\t\t\t\t\t<\/div>\n\t\t\t\t<div class=\"elementor-element elementor-element-980ca54 elementor-widget elementor-widget-spacer\" data-id=\"980ca54\" data-element_type=\"widget\" data-widget_type=\"spacer.default\">\n\t\t\t\t\t\t\t<div class=\"elementor-spacer\">\n\t\t\t<div class=\"elementor-spacer-inner\"><\/div>\n\t\t<\/div>\n\t\t\t\t\t\t<\/div>\n\t\t\t\t<div class=\"elementor-element elementor-element-a3f087a elementor-widget elementor-widget-text-editor\" data-id=\"a3f087a\" data-element_type=\"widget\" data-widget_type=\"text-editor.default\">\n\t\t\t\t\t\t\t\t\t<h2><strong>Kein Angebot<\/strong><\/h2><p>Der Inhalt dieser Website dient ausschlie\u00dflich Informationszwecken und stellt unter keinen Umst\u00e4nden ein Angebot, eine Aufforderung oder eine Empfehlung zur Zeichnung oder zum Kauf eines Finanzprodukts dar. Er stellt auch keine Anlageberatungs- oder Verm\u00f6gensstrategiedienstleistung dar. <\/p><p>Die Gesellschaftsanteile des HEVEA Genius Fonds sind ausschlie\u00dflich qualifizierten Investoren \u00fcber ein spezifisches Auswahlverfahren und in \u00dcbereinstimmung mit den in ihrem Wohnsitzland geltenden Vorschriften zug\u00e4nglich. Der Zugang zum Fonds erfordert die vorherige Validierung des Profils sowie die Unterzeichnung der erforderlichen rechtlichen Dokumente. <\/p>\t\t\t\t\t\t\t\t<\/div>\n\t\t\t\t<div class=\"elementor-element elementor-element-0be0ae0 elementor-widget elementor-widget-spacer\" data-id=\"0be0ae0\" data-element_type=\"widget\" data-widget_type=\"spacer.default\">\n\t\t\t\t\t\t\t<div class=\"elementor-spacer\">\n\t\t\t<div class=\"elementor-spacer-inner\"><\/div>\n\t\t<\/div>\n\t\t\t\t\t\t<\/div>\n\t\t\t\t<div class=\"elementor-element elementor-element-4525200 elementor-widget elementor-widget-text-editor\" data-id=\"4525200\" data-element_type=\"widget\" data-widget_type=\"text-editor.default\">\n\t\t\t\t\t\t\t\t\t<h2><strong>Geografische Einschr\u00e4nkungen<\/strong><\/h2><p data-start=\"190\" data-end=\"463\">Der Inhalt von <a class=\"\" href=\"http:\/\/www.heveagenius.com\/\" target=\"_new\" rel=\"noopener\" data-start=\"205\" data-end=\"224\">www.heveagenius.com<\/a> richtet sich nicht an Personen in Rechtsordnungen, in denen der Zugriff auf solche Informationen eingeschr\u00e4nkt oder unrechtm\u00e4\u00dfig sein k\u00f6nnte. Der Fonds erbringt keine Dienstleistungen in L\u00e4ndern, in denen eine beh\u00f6rdliche Genehmigung erforderlich w\u00e4re und nicht erlangt wurde. <\/p><p data-start=\"465\" data-end=\"659\">Es liegt in der alleinigen Verantwortung jedes Besuchers sicherzustellen, dass der Zugriff auf diese Website und deren Inhalte mit den in seinem Wohnsitz- oder Heimatland geltenden Gesetzen und Vorschriften \u00fcbereinstimmt.<\/p>\t\t\t\t\t\t\t\t<\/div>\n\t\t\t\t<div class=\"elementor-element elementor-element-4c78972 elementor-widget elementor-widget-spacer\" data-id=\"4c78972\" data-element_type=\"widget\" data-widget_type=\"spacer.default\">\n\t\t\t\t\t\t\t<div class=\"elementor-spacer\">\n\t\t\t<div class=\"elementor-spacer-inner\"><\/div>\n\t\t<\/div>\n\t\t\t\t\t\t<\/div>\n\t\t\t\t<div class=\"elementor-element elementor-element-657cb13 elementor-widget elementor-widget-text-editor\" data-id=\"657cb13\" data-element_type=\"widget\" data-widget_type=\"text-editor.default\">\n\t\t\t\t\t\t\t\t\t<h2><strong>Links zu externen Websites<\/strong><\/h2><p>Diese Website kann Links zu anderen Plattformen oder externen Inhalten enthalten. Diese Links werden ausschlie\u00dflich zu Referenzzwecken bereitgestellt. HEVEA Genius kontrolliert die Inhalte von Drittanbieter-Websites nicht und \u00fcbernimmt keine Verantwortung f\u00fcr deren Richtigkeit, Sicherheit oder Datenschutzrichtlinien. Die Nutzer greifen auf diese Websites auf eigenes Risiko zu.   <\/p>\t\t\t\t\t\t\t\t<\/div>\n\t\t\t\t<div class=\"elementor-element elementor-element-0aaf837 elementor-widget elementor-widget-spacer\" data-id=\"0aaf837\" data-element_type=\"widget\" data-widget_type=\"spacer.default\">\n\t\t\t\t\t\t\t<div class=\"elementor-spacer\">\n\t\t\t<div class=\"elementor-spacer-inner\"><\/div>\n\t\t<\/div>\n\t\t\t\t\t\t<\/div>\n\t\t\t\t<div class=\"elementor-element elementor-element-ef24637 elementor-widget elementor-widget-text-editor\" data-id=\"ef24637\" data-element_type=\"widget\" data-widget_type=\"text-editor.default\">\n\t\t\t\t\t\t\t\t\t<h2><strong>Anwendbares Recht<\/strong><\/h2><p>Diese Nutzungsbedingungen unterliegen den Gesetzen der Britischen Jungferninseln (BVI). Alle Streitigkeiten im Zusammenhang mit dieser Website unterliegen der ausschlie\u00dflichen Zust\u00e4ndigkeit der zust\u00e4ndigen Gerichte dieser Rechtsordnung. <\/p>\t\t\t\t\t\t\t\t<\/div>\n\t\t\t\t<div class=\"elementor-element elementor-element-e575e66 elementor-widget elementor-widget-spacer\" data-id=\"e575e66\" data-element_type=\"widget\" data-widget_type=\"spacer.default\">\n\t\t\t\t\t\t\t<div class=\"elementor-spacer\">\n\t\t\t<div class=\"elementor-spacer-inner\"><\/div>\n\t\t<\/div>\n\t\t\t\t\t\t<\/div>\n\t\t\t\t<div class=\"elementor-element elementor-element-d164971 elementor-widget elementor-widget-text-editor\" data-id=\"d164971\" data-element_type=\"widget\" data-widget_type=\"text-editor.default\">\n\t\t\t\t\t\t\t\t\t<h2><strong>Datenerhebung<\/strong><\/h2><p>Die Website kann anonyme technische Daten im Zusammenhang mit dem Browsing erheben, wie z. B. Besuchsdauer, Art des verwendeten Ger\u00e4ts, geografische Herkunft (IP) und aufgerufene Seiten. Diese Daten werden zu statistischen, sicherheitsrelevanten und Optimierungszwecken verwendet. Ohne Zustimmung des Nutzers werden keine personenbezogenen Daten erhoben. Weitere Informationen finden Sie in unserer Datenschutzerkl\u00e4rung.   <\/p>\t\t\t\t\t\t\t\t<\/div>\n\t\t\t\t<div class=\"elementor-element elementor-element-9f1c3b2 elementor-widget elementor-widget-spacer\" data-id=\"9f1c3b2\" data-element_type=\"widget\" data-widget_type=\"spacer.default\">\n\t\t\t\t\t\t\t<div class=\"elementor-spacer\">\n\t\t\t<div class=\"elementor-spacer-inner\"><\/div>\n\t\t<\/div>\n\t\t\t\t\t\t<\/div>\n\t\t\t\t<div class=\"elementor-element elementor-element-1363ea7 elementor-widget elementor-widget-text-editor\" data-id=\"1363ea7\" data-element_type=\"widget\" data-widget_type=\"text-editor.default\">\n\t\t\t\t\t\t\t\t\t<h2><strong>Geistiges Eigentum<\/strong><\/h2><p>Alle Inhalte dieser Website, einschlie\u00dflich Texte, Grafiken, Logos, Videos, Layout, redaktionelle Inhalte oder Navigationsstruktur, sind ausschlie\u00dfliches Eigentum von Hevea Investment Limited, sofern nicht anders angegeben. Jegliche Vervielf\u00e4ltigung, \u00dcbertragung oder Nutzung der gesamten Website oder von Teilen davon ohne vorherige schriftliche Genehmigung ist strengstens untersagt. <\/p>\t\t\t\t\t\t\t\t<\/div>\n\t\t\t\t<div class=\"elementor-element elementor-element-86373d1 elementor-widget elementor-widget-spacer\" data-id=\"86373d1\" data-element_type=\"widget\" data-widget_type=\"spacer.default\">\n\t\t\t\t\t\t\t<div class=\"elementor-spacer\">\n\t\t\t<div class=\"elementor-spacer-inner\"><\/div>\n\t\t<\/div>\n\t\t\t\t\t\t<\/div>\n\t\t\t\t<div class=\"elementor-element elementor-element-74da4be elementor-widget elementor-widget-text-editor\" data-id=\"74da4be\" data-element_type=\"widget\" data-widget_type=\"text-editor.default\">\n\t\t\t\t\t\t\t\t\t<h2><strong>Disclaimer<\/strong><\/h2><p>HEVEA Genius garantiert nicht die Genauigkeit, Vollst\u00e4ndigkeit oder st\u00e4ndige Aktualisierung der bereitgestellten Informationen. Diese Inhalte k\u00f6nnen ohne vorherige Ank\u00fcndigung ge\u00e4ndert werden. Die Nutzung dieser Website erfolgt auf eigenes Risiko des Nutzers, der allein f\u00fcr alle Entscheidungen oder Interpretationen verantwortlich bleibt. Unter keinen Umst\u00e4nden haftet HEVEA Genius f\u00fcr direkte oder indirekte Verluste oder Sch\u00e4den, die aus der Nutzung oder Konsultation der Website entstehen.   <\/p>\t\t\t\t\t\t\t\t<\/div>\n\t\t\t\t<div class=\"elementor-element elementor-element-da5a84c elementor-widget elementor-widget-spacer\" data-id=\"da5a84c\" data-element_type=\"widget\" data-widget_type=\"spacer.default\">\n\t\t\t\t\t\t\t<div class=\"elementor-spacer\">\n\t\t\t<div class=\"elementor-spacer-inner\"><\/div>\n\t\t<\/div>\n\t\t\t\t\t\t<\/div>\n\t\t\t\t<div class=\"elementor-element elementor-element-f75f21c elementor-widget elementor-widget-text-editor\" data-id=\"f75f21c\" data-element_type=\"widget\" data-widget_type=\"text-editor.default\">\n\t\t\t\t\t\t\t\t\t<h2><strong>Anwendbares Recht<\/strong><\/h2><p>Diese Nutzungsbedingungen unterliegen den Gesetzen der Britischen Jungferninseln (BVI). Alle Streitigkeiten im Zusammenhang mit dieser Website unterliegen der ausschlie\u00dflichen Zust\u00e4ndigkeit der zust\u00e4ndigen Gerichte dieser Rechtsordnung. <\/p>\t\t\t\t\t\t\t\t<\/div>\n\t\t\t\t<div class=\"elementor-element elementor-element-88faa6a elementor-widget elementor-widget-spacer\" data-id=\"88faa6a\" data-element_type=\"widget\" data-widget_type=\"spacer.default\">\n\t\t\t\t\t\t\t<div class=\"elementor-spacer\">\n\t\t\t<div class=\"elementor-spacer-inner\"><\/div>\n\t\t<\/div>\n\t\t\t\t\t\t<\/div>\n\t\t\t\t\t<\/div>\n\t\t<\/div>\n\t\t\t\t\t<\/div>\n\t\t<\/section>\n\t\t\t\t<\/div>\n\t\t","protected":false},"excerpt":{"rendered":"<p>Bedingungender Nutzung Rechtliche und regulatorische Beschr\u00e4nkungen Sie befinden sich derzeit auf der Website www.heveagenius.com, die von HEVEA Genius Limited ver\u00f6ffentlicht wird, einem nach den Gesetzen der Britischen Jungferninseln (BVI) gegr\u00fcndeten Unternehmen. Diese Seite bietet Informationen \u00fcber den alternativen Investmentfonds HEVEA Genius, seine Ausrichtung, Merkmale und Struktur. Der Zugang zu den auf dieser Website enthaltenen Informationen [&hellip;]<\/p>\n","protected":false},"author":1,"featured_media":0,"parent":0,"menu_order":0,"comment_status":"closed","ping_status":"closed","template":"","meta":{"footnotes":""},"class_list":["post-1898","page","type-page","status-publish","hentry"],"yoast_head":"<!-- This site is optimized with the Yoast SEO plugin v26.2 - https:\/\/yoast.com\/wordpress\/plugins\/seo\/ -->\n<title>Rechts- &amp; Zugangsbedingungen \u2013 HEVEA Genius BVI Fonds<\/title>\n<meta name=\"description\" content=\"\u00dcberpr\u00fcfen Sie rechtliche Hinweise, Zugangsbegrenzungen und regulatorische Bestimmungen f\u00fcr HEVEA Genius. Erfahren Sie, wer Zugriff auf Fondsinformationen hat.\" \/>\n<meta name=\"robots\" content=\"index, follow, max-snippet:-1, max-image-preview:large, max-video-preview:-1\" \/>\n<link rel=\"canonical\" href=\"https:\/\/www.heveagenius.com\/de\/nutzungsbedingungen\/\" \/>\n<meta property=\"og:locale\" content=\"de_DE\" \/>\n<meta property=\"og:type\" content=\"article\" \/>\n<meta property=\"og:title\" content=\"Rechts- &amp; Zugangsbedingungen \u2013 HEVEA Genius BVI Fonds\" \/>\n<meta property=\"og:description\" content=\"\u00dcberpr\u00fcfen Sie rechtliche Hinweise, Zugangsbegrenzungen und regulatorische Bestimmungen f\u00fcr HEVEA Genius. Erfahren Sie, wer Zugriff auf Fondsinformationen hat.\" \/>\n<meta property=\"og:url\" content=\"https:\/\/www.heveagenius.com\/de\/nutzungsbedingungen\/\" \/>\n<meta property=\"og:site_name\" content=\"Heveagenius\" \/>\n<meta property=\"article:modified_time\" content=\"2025-09-04T07:58:25+00:00\" \/>\n<meta name=\"twitter:card\" content=\"summary_large_image\" \/>\n<meta name=\"twitter:site\" content=\"@Heveagenius\" \/>\n<meta name=\"twitter:label1\" content=\"Gesch\u00e4tzte Lesezeit\" \/>\n\t<meta name=\"twitter:data1\" content=\"3\u00a0Minuten\" \/>\n<script type=\"application\/ld+json\" class=\"yoast-schema-graph\">{\"@context\":\"https:\/\/schema.org\",\"@graph\":[{\"@type\":\"WebPage\",\"@id\":\"https:\/\/www.heveagenius.com\/de\/nutzungsbedingungen\/\",\"url\":\"https:\/\/www.heveagenius.com\/de\/nutzungsbedingungen\/\",\"name\":\"Rechts- & Zugangsbedingungen \u2013 HEVEA Genius BVI Fonds\",\"isPartOf\":{\"@id\":\"https:\/\/www.heveagenius.com\/de\/#website\"},\"datePublished\":\"2025-07-29T04:44:11+00:00\",\"dateModified\":\"2025-09-04T07:58:25+00:00\",\"description\":\"\u00dcberpr\u00fcfen Sie rechtliche Hinweise, Zugangsbegrenzungen und regulatorische Bestimmungen f\u00fcr HEVEA Genius. Erfahren Sie, wer Zugriff auf Fondsinformationen hat.\",\"breadcrumb\":{\"@id\":\"https:\/\/www.heveagenius.com\/de\/nutzungsbedingungen\/#breadcrumb\"},\"inLanguage\":\"de\",\"potentialAction\":[{\"@type\":\"ReadAction\",\"target\":[\"https:\/\/www.heveagenius.com\/de\/nutzungsbedingungen\/\"]}]},{\"@type\":\"BreadcrumbList\",\"@id\":\"https:\/\/www.heveagenius.com\/de\/nutzungsbedingungen\/#breadcrumb\",\"itemListElement\":[{\"@type\":\"ListItem\",\"position\":1,\"name\":\"Home\",\"item\":\"https:\/\/www.heveagenius.com\/de\/startseite\/\"},{\"@type\":\"ListItem\",\"position\":2,\"name\":\"Nutzungsbedingungen\"}]},{\"@type\":\"WebSite\",\"@id\":\"https:\/\/www.heveagenius.com\/de\/#website\",\"url\":\"https:\/\/www.heveagenius.com\/de\/\",\"name\":\"Heveagenius\",\"description\":\"\",\"publisher\":{\"@id\":\"https:\/\/www.heveagenius.com\/de\/#organization\"},\"potentialAction\":[{\"@type\":\"SearchAction\",\"target\":{\"@type\":\"EntryPoint\",\"urlTemplate\":\"https:\/\/www.heveagenius.com\/de\/?s={search_term_string}\"},\"query-input\":{\"@type\":\"PropertyValueSpecification\",\"valueRequired\":true,\"valueName\":\"search_term_string\"}}],\"inLanguage\":\"de\"},{\"@type\":\"Organization\",\"@id\":\"https:\/\/www.heveagenius.com\/de\/#organization\",\"name\":\"HEVEA Genius\",\"url\":\"https:\/\/www.heveagenius.com\/de\/\",\"logo\":{\"@type\":\"ImageObject\",\"inLanguage\":\"de\",\"@id\":\"https:\/\/www.heveagenius.com\/de\/#\/schema\/logo\/image\/\",\"url\":\"https:\/\/www.heveagenius.com\/wp-content\/uploads\/2025\/08\/e814a8629ee4-Favicon-256.png\",\"contentUrl\":\"https:\/\/www.heveagenius.com\/wp-content\/uploads\/2025\/08\/e814a8629ee4-Favicon-256.png\",\"width\":256,\"height\":256,\"caption\":\"HEVEA Genius\"},\"image\":{\"@id\":\"https:\/\/www.heveagenius.com\/de\/#\/schema\/logo\/image\/\"},\"sameAs\":[\"https:\/\/x.com\/Heveagenius\",\"https:\/\/www.instagram.com\/hevea_genius\",\"https:\/\/www.linkedin.com\/company\/108038166\/\"]}]}<\/script>\n<!-- \/ Yoast SEO plugin. -->","yoast_head_json":{"title":"Rechts- & Zugangsbedingungen \u2013 HEVEA Genius BVI Fonds","description":"\u00dcberpr\u00fcfen Sie rechtliche Hinweise, Zugangsbegrenzungen und regulatorische Bestimmungen f\u00fcr HEVEA Genius. Erfahren Sie, wer Zugriff auf Fondsinformationen hat.","robots":{"index":"index","follow":"follow","max-snippet":"max-snippet:-1","max-image-preview":"max-image-preview:large","max-video-preview":"max-video-preview:-1"},"canonical":"https:\/\/www.heveagenius.com\/de\/nutzungsbedingungen\/","og_locale":"de_DE","og_type":"article","og_title":"Rechts- & Zugangsbedingungen \u2013 HEVEA Genius BVI Fonds","og_description":"\u00dcberpr\u00fcfen Sie rechtliche Hinweise, Zugangsbegrenzungen und regulatorische Bestimmungen f\u00fcr HEVEA Genius. Erfahren Sie, wer Zugriff auf Fondsinformationen hat.","og_url":"https:\/\/www.heveagenius.com\/de\/nutzungsbedingungen\/","og_site_name":"Heveagenius","article_modified_time":"2025-09-04T07:58:25+00:00","twitter_card":"summary_large_image","twitter_site":"@Heveagenius","twitter_misc":{"Gesch\u00e4tzte Lesezeit":"3\u00a0Minuten"},"schema":{"@context":"https:\/\/schema.org","@graph":[{"@type":"WebPage","@id":"https:\/\/www.heveagenius.com\/de\/nutzungsbedingungen\/","url":"https:\/\/www.heveagenius.com\/de\/nutzungsbedingungen\/","name":"Rechts- & Zugangsbedingungen \u2013 HEVEA Genius BVI Fonds","isPartOf":{"@id":"https:\/\/www.heveagenius.com\/de\/#website"},"datePublished":"2025-07-29T04:44:11+00:00","dateModified":"2025-09-04T07:58:25+00:00","description":"\u00dcberpr\u00fcfen Sie rechtliche Hinweise, Zugangsbegrenzungen und regulatorische Bestimmungen f\u00fcr HEVEA Genius. Erfahren Sie, wer Zugriff auf Fondsinformationen hat.","breadcrumb":{"@id":"https:\/\/www.heveagenius.com\/de\/nutzungsbedingungen\/#breadcrumb"},"inLanguage":"de","potentialAction":[{"@type":"ReadAction","target":["https:\/\/www.heveagenius.com\/de\/nutzungsbedingungen\/"]}]},{"@type":"BreadcrumbList","@id":"https:\/\/www.heveagenius.com\/de\/nutzungsbedingungen\/#breadcrumb","itemListElement":[{"@type":"ListItem","position":1,"name":"Home","item":"https:\/\/www.heveagenius.com\/de\/startseite\/"},{"@type":"ListItem","position":2,"name":"Nutzungsbedingungen"}]},{"@type":"WebSite","@id":"https:\/\/www.heveagenius.com\/de\/#website","url":"https:\/\/www.heveagenius.com\/de\/","name":"Heveagenius","description":"","publisher":{"@id":"https:\/\/www.heveagenius.com\/de\/#organization"},"potentialAction":[{"@type":"SearchAction","target":{"@type":"EntryPoint","urlTemplate":"https:\/\/www.heveagenius.com\/de\/?s={search_term_string}"},"query-input":{"@type":"PropertyValueSpecification","valueRequired":true,"valueName":"search_term_string"}}],"inLanguage":"de"},{"@type":"Organization","@id":"https:\/\/www.heveagenius.com\/de\/#organization","name":"HEVEA Genius","url":"https:\/\/www.heveagenius.com\/de\/","logo":{"@type":"ImageObject","inLanguage":"de","@id":"https:\/\/www.heveagenius.com\/de\/#\/schema\/logo\/image\/","url":"https:\/\/www.heveagenius.com\/wp-content\/uploads\/2025\/08\/e814a8629ee4-Favicon-256.png","contentUrl":"https:\/\/www.heveagenius.com\/wp-content\/uploads\/2025\/08\/e814a8629ee4-Favicon-256.png","width":256,"height":256,"caption":"HEVEA Genius"},"image":{"@id":"https:\/\/www.heveagenius.com\/de\/#\/schema\/logo\/image\/"},"sameAs":["https:\/\/x.com\/Heveagenius","https:\/\/www.instagram.com\/hevea_genius","https:\/\/www.linkedin.com\/company\/108038166\/"]}]}},"_links":{"self":[{"href":"https:\/\/www.heveagenius.com\/de\/wp-json\/wp\/v2\/pages\/1898","targetHints":{"allow":["GET"]}}],"collection":[{"href":"https:\/\/www.heveagenius.com\/de\/wp-json\/wp\/v2\/pages"}],"about":[{"href":"https:\/\/www.heveagenius.com\/de\/wp-json\/wp\/v2\/types\/page"}],"author":[{"embeddable":true,"href":"https:\/\/www.heveagenius.com\/de\/wp-json\/wp\/v2\/users\/1"}],"replies":[{"embeddable":true,"href":"https:\/\/www.heveagenius.com\/de\/wp-json\/wp\/v2\/comments?post=1898"}],"version-history":[{"count":1,"href":"https:\/\/www.heveagenius.com\/de\/wp-json\/wp\/v2\/pages\/1898\/revisions"}],"predecessor-version":[{"id":1899,"href":"https:\/\/www.heveagenius.com\/de\/wp-json\/wp\/v2\/pages\/1898\/revisions\/1899"}],"wp:attachment":[{"href":"https:\/\/www.heveagenius.com\/de\/wp-json\/wp\/v2\/media?parent=1898"}],"curies":[{"name":"wp","href":"https:\/\/api.w.org\/{rel}","templated":true}]}}