{"id":1884,"date":"2025-07-28T02:19:33","date_gmt":"2025-07-28T02:19:33","guid":{"rendered":"https:\/\/www.heveagenius.com\/datenschutzrichtlinie\/"},"modified":"2025-09-04T06:45:07","modified_gmt":"2025-09-04T06:45:07","slug":"datenschutzrichtlinie","status":"publish","type":"page","link":"https:\/\/www.heveagenius.com\/de\/datenschutzrichtlinie\/","title":{"rendered":"Datenschutzrichtlinie"},"content":{"rendered":"\t\t<div data-elementor-type=\"wp-page\" data-elementor-id=\"1884\" class=\"elementor elementor-1884 elementor-3\" data-elementor-post-type=\"page\">\n\t\t\t\t\t\t<section class=\"elementor-section elementor-top-section elementor-element elementor-element-56806525 elementor-section-height-min-height elementor-section-boxed elementor-section-height-default elementor-section-items-middle\" data-id=\"56806525\" data-element_type=\"section\" data-settings=\"{&quot;background_background&quot;:&quot;classic&quot;}\">\n\t\t\t\t\t\t\t<div class=\"elementor-background-overlay\"><\/div>\n\t\t\t\t\t\t\t<div class=\"elementor-container elementor-column-gap-default\">\n\t\t\t\t\t<div class=\"elementor-column elementor-col-100 elementor-top-column elementor-element elementor-element-51cbfb96\" data-id=\"51cbfb96\" data-element_type=\"column\">\n\t\t\t<div class=\"elementor-widget-wrap elementor-element-populated\">\n\t\t\t\t\t\t<div class=\"elementor-element elementor-element-33b405ba elementor-widget elementor-widget-heading\" data-id=\"33b405ba\" data-element_type=\"widget\" data-widget_type=\"heading.default\">\n\t\t\t\t\t<h2 class=\"elementor-heading-title elementor-size-default\">Datenschutz<br><b>Richtlinie<\/b><\/h2>\t\t\t\t<\/div>\n\t\t\t\t\t<\/div>\n\t\t<\/div>\n\t\t\t\t\t<\/div>\n\t\t<\/section>\n\t\t\t\t<section class=\"elementor-section elementor-top-section elementor-element elementor-element-7adbf40 elementor-section-boxed elementor-section-height-default elementor-section-height-default\" data-id=\"7adbf40\" data-element_type=\"section\" data-settings=\"{&quot;background_background&quot;:&quot;classic&quot;}\">\n\t\t\t\t\t\t\t<div class=\"elementor-background-overlay\"><\/div>\n\t\t\t\t\t\t\t<div class=\"elementor-container elementor-column-gap-default\">\n\t\t\t\t\t<div class=\"elementor-column elementor-col-100 elementor-top-column elementor-element elementor-element-fbaa461\" data-id=\"fbaa461\" data-element_type=\"column\">\n\t\t\t<div class=\"elementor-widget-wrap elementor-element-populated\">\n\t\t\t\t\t\t<div class=\"elementor-element elementor-element-f3e3fa3 elementor-widget elementor-widget-text-editor\" data-id=\"f3e3fa3\" data-element_type=\"widget\" data-widget_type=\"text-editor.default\">\n\t\t\t\t\t\t\t\t\t<h2>Wer Wir Sind<\/h2><p data-start=\"194\" data-end=\"392\">HEVEA Genius ist ein privater alternativer Investmentfonds. Wir verpflichten uns, Ihre Privatsph\u00e4re zu sch\u00fctzen und pers\u00f6nliche Daten mit h\u00f6chster Integrit\u00e4t, Transparenz und Compliance zu behandeln. <\/p>\t\t\t\t\t\t\t\t<\/div>\n\t\t\t\t<div class=\"elementor-element elementor-element-3d61ff8 elementor-widget elementor-widget-spacer\" data-id=\"3d61ff8\" data-element_type=\"widget\" data-widget_type=\"spacer.default\">\n\t\t\t\t\t\t\t<div class=\"elementor-spacer\">\n\t\t\t<div class=\"elementor-spacer-inner\"><\/div>\n\t\t<\/div>\n\t\t\t\t\t\t<\/div>\n\t\t\t\t<div class=\"elementor-element elementor-element-288a716 elementor-widget elementor-widget-text-editor\" data-id=\"288a716\" data-element_type=\"widget\" data-widget_type=\"text-editor.default\">\n\t\t\t\t\t\t\t\t\t<h2 data-start=\"291\" data-end=\"517\">Informationen, Die Wir Sammeln<\/h2><p data-start=\"551\" data-end=\"965\">Wir sammeln pers\u00f6nliche Informationen, die Sie uns direkt zur Verf\u00fcgung stellen, wie Ihren Namen, Ihre E-Mail-Adresse, Telefonnummer, berufliche Angaben und alle Informationen, die Sie beim Kontakt mit uns freiwillig teilen. Dar\u00fcber hinaus k\u00f6nnen wir automatisch bestimmte technische Informationen sammeln, einschlie\u00dflich Ihrer IP-Adresse, Browsertyp, Ger\u00e4tekennungen, Betriebssystem und Ihres Surfverhaltens \u00fcber Cookies oder \u00e4hnliche Technologien. <\/p>\t\t\t\t\t\t\t\t<\/div>\n\t\t\t\t<div class=\"elementor-element elementor-element-3736a8c elementor-widget elementor-widget-spacer\" data-id=\"3736a8c\" data-element_type=\"widget\" data-widget_type=\"spacer.default\">\n\t\t\t\t\t\t\t<div class=\"elementor-spacer\">\n\t\t\t<div class=\"elementor-spacer-inner\"><\/div>\n\t\t<\/div>\n\t\t\t\t\t\t<\/div>\n\t\t\t\t<div class=\"elementor-element elementor-element-7ccb50b elementor-widget elementor-widget-text-editor\" data-id=\"7ccb50b\" data-element_type=\"widget\" data-widget_type=\"text-editor.default\">\n\t\t\t\t\t\t\t\t\t<h2 data-start=\"967\" data-end=\"1003\">Wie Wir Ihre Informationen Verwenden<\/h2><p data-start=\"1004\" data-end=\"1464\">Wir verwenden die von uns gesammelten Informationen, um unsere Website zu betreiben und unsere Dienstleistungen bereitzustellen. Dazu geh\u00f6rt die Beantwortung von Anfragen, die Kommunikation mit Investoren und die Bereitstellung relevanter Updates. Dar\u00fcber hinaus nutzen wir Daten, um gesetzlichen und regulatorischen Anforderungen wie KYC-, AML- und CRS-Verpflichtungen nachzukommen. Pers\u00f6nliche Daten werden au\u00dferdem verwendet, um die Sicherheit zu erh\u00f6hen, Betrug zu verhindern, die Funktionalit\u00e4t unserer Dienstleistungen zu verbessern und ein effizientes sowie ma\u00dfgeschneidertes Nutzererlebnis zu bieten.   <\/p>\t\t\t\t\t\t\t\t<\/div>\n\t\t\t\t<div class=\"elementor-element elementor-element-189bbaa elementor-widget elementor-widget-spacer\" data-id=\"189bbaa\" data-element_type=\"widget\" data-widget_type=\"spacer.default\">\n\t\t\t\t\t\t\t<div class=\"elementor-spacer\">\n\t\t\t<div class=\"elementor-spacer-inner\"><\/div>\n\t\t<\/div>\n\t\t\t\t\t\t<\/div>\n\t\t\t\t<div class=\"elementor-element elementor-element-9e8c80d elementor-widget elementor-widget-text-editor\" data-id=\"9e8c80d\" data-element_type=\"widget\" data-widget_type=\"text-editor.default\">\n\t\t\t\t\t\t\t\t\t<h2 data-start=\"1466\" data-end=\"1500\">Weitergabe von Informationen<\/h2><p data-start=\"1501\" data-end=\"1973\">Wir k\u00f6nnen Ihre Informationen mit vertrauensw\u00fcrdigen Drittanbietern teilen, die uns in Bereichen wie Hosting, Analyse, Rechtsberatung, Pr\u00fcfung und Compliance unterst\u00fctzen. Wenn es gesetzlich oder durch Vorschriften erforderlich ist, k\u00f6nnen wir Daten an Aufsichtsbeh\u00f6rden oder Strafverfolgungsbeh\u00f6rden weitergeben. Au\u00dferdem k\u00f6nnen wir Informationen mit Fondsunternehmen und professionellen Partnern teilen, wenn dies f\u00fcr die Erbringung unserer Dienstleistungen unbedingt notwendig ist. Unter keinen Umst\u00e4nden verkaufen oder vermieten wir pers\u00f6nliche Informationen.   <\/p>\t\t\t\t\t\t\t\t<\/div>\n\t\t\t\t<div class=\"elementor-element elementor-element-13ceb80 elementor-widget elementor-widget-spacer\" data-id=\"13ceb80\" data-element_type=\"widget\" data-widget_type=\"spacer.default\">\n\t\t\t\t\t\t\t<div class=\"elementor-spacer\">\n\t\t\t<div class=\"elementor-spacer-inner\"><\/div>\n\t\t<\/div>\n\t\t\t\t\t\t<\/div>\n\t\t\t\t<div class=\"elementor-element elementor-element-717612f elementor-widget elementor-widget-text-editor\" data-id=\"717612f\" data-element_type=\"widget\" data-widget_type=\"text-editor.default\">\n\t\t\t\t\t\t\t\t\t<h2 data-start=\"1975\" data-end=\"1997\">Datensicherheit<\/h2><p data-start=\"1998\" data-end=\"2335\">Wir setzen administrative, technische und physische Schutzma\u00dfnahmen ein, um pers\u00f6nliche Informationen vor unbefugtem Zugriff, Missbrauch oder Offenlegung zu sch\u00fctzen. Der Zugriff auf pers\u00f6nliche Daten ist streng auf autorisierte Personen beschr\u00e4nkt, die diese f\u00fcr berufliche Zwecke ben\u00f6tigen, und unsere Systeme werden regelm\u00e4\u00dfig \u00fcberpr\u00fcft, um Belastbarkeit und Compliance sicherzustellen. <\/p>\t\t\t\t\t\t\t\t<\/div>\n\t\t\t\t<div class=\"elementor-element elementor-element-524d6dd elementor-widget elementor-widget-spacer\" data-id=\"524d6dd\" data-element_type=\"widget\" data-widget_type=\"spacer.default\">\n\t\t\t\t\t\t\t<div class=\"elementor-spacer\">\n\t\t\t<div class=\"elementor-spacer-inner\"><\/div>\n\t\t<\/div>\n\t\t\t\t\t\t<\/div>\n\t\t\t\t<div class=\"elementor-element elementor-element-b1cf545 elementor-widget elementor-widget-text-editor\" data-id=\"b1cf545\" data-element_type=\"widget\" data-widget_type=\"text-editor.default\">\n\t\t\t\t\t\t\t\t\t<h2 data-start=\"2337\" data-end=\"2379\">Cookies und Tracking-Technologien<\/h2><p data-start=\"2380\" data-end=\"2643\">Unsere Website kann Cookies und \u00e4hnliche Tracking-Technologien verwenden, um die Leistung zu verbessern, den Datenverkehr zu analysieren und die Sicherheit zu erh\u00f6hen. Sie k\u00f6nnen Cookies \u00fcber die Einstellungen Ihres Browsers verwalten oder deaktivieren, jedoch kann dies die Funktionalit\u00e4t bestimmter Teile der Website beeintr\u00e4chtigen. <\/p>\t\t\t\t\t\t\t\t<\/div>\n\t\t\t\t<div class=\"elementor-element elementor-element-6285dfb elementor-widget elementor-widget-spacer\" data-id=\"6285dfb\" data-element_type=\"widget\" data-widget_type=\"spacer.default\">\n\t\t\t\t\t\t\t<div class=\"elementor-spacer\">\n\t\t\t<div class=\"elementor-spacer-inner\"><\/div>\n\t\t<\/div>\n\t\t\t\t\t\t<\/div>\n\t\t\t\t<div class=\"elementor-element elementor-element-5ee8328 elementor-widget elementor-widget-text-editor\" data-id=\"5ee8328\" data-element_type=\"widget\" data-widget_type=\"text-editor.default\">\n\t\t\t\t\t\t\t\t\t<h2 data-start=\"2645\" data-end=\"2665\">Ihre Rechte<\/h2><p data-start=\"2666\" data-end=\"3034\">Abh\u00e4ngig von den geltenden Gesetzen k\u00f6nnen Sie Rechte in Bezug auf Ihre pers\u00f6nlichen Daten haben. Dazu geh\u00f6ren m\u00f6glicherweise das Recht auf Zugriff, Aktualisierung oder Korrektur Ihrer Daten, das Recht, deren L\u00f6schung zu verlangen, sowie das Recht, bestimmte Verarbeitungsvorg\u00e4nge einzuschr\u00e4nken oder ihnen zu widersprechen. Wo eine Einwilligung erforderlich ist, k\u00f6nnen Sie diese jederzeit widerrufen. Um Ihre Rechte auszu\u00fcben, wenden Sie sich bitte direkt an uns.   <\/p>\t\t\t\t\t\t\t\t<\/div>\n\t\t\t\t<div class=\"elementor-element elementor-element-19864bd elementor-widget elementor-widget-spacer\" data-id=\"19864bd\" data-element_type=\"widget\" data-widget_type=\"spacer.default\">\n\t\t\t\t\t\t\t<div class=\"elementor-spacer\">\n\t\t\t<div class=\"elementor-spacer-inner\"><\/div>\n\t\t<\/div>\n\t\t\t\t\t\t<\/div>\n\t\t\t\t<div class=\"elementor-element elementor-element-c7aad3e elementor-widget elementor-widget-text-editor\" data-id=\"c7aad3e\" data-element_type=\"widget\" data-widget_type=\"text-editor.default\">\n\t\t\t\t\t\t\t\t\t<h2 data-start=\"3036\" data-end=\"3073\">Internationale Daten\u00fcbertragungen<\/h2><p data-start=\"3074\" data-end=\"3346\">Da HEVEA Genius international t\u00e4tig ist, k\u00f6nnen Ihre pers\u00f6nlichen Daten in L\u00e4nder au\u00dferhalb Ihres Wohnsitzlandes \u00fcbertragen und dort verarbeitet werden. Solche \u00dcbertragungen erfolgen in \u00dcbereinstimmung mit den geltenden Datenschutzgesetzen und beinhalten angemessene Schutzma\u00dfnahmen. <\/p>\t\t\t\t\t\t\t\t<\/div>\n\t\t\t\t<div class=\"elementor-element elementor-element-0480afa elementor-widget elementor-widget-spacer\" data-id=\"0480afa\" data-element_type=\"widget\" data-widget_type=\"spacer.default\">\n\t\t\t\t\t\t\t<div class=\"elementor-spacer\">\n\t\t\t<div class=\"elementor-spacer-inner\"><\/div>\n\t\t<\/div>\n\t\t\t\t\t\t<\/div>\n\t\t\t\t<div class=\"elementor-element elementor-element-45552b3 elementor-widget elementor-widget-text-editor\" data-id=\"45552b3\" data-element_type=\"widget\" data-widget_type=\"text-editor.default\">\n\t\t\t\t\t\t\t\t\t<h2 data-start=\"3348\" data-end=\"3371\">Datenaufbewahrung<\/h2><p data-start=\"3372\" data-end=\"3652\">Wir bewahren pers\u00f6nliche Daten nur so lange auf, wie es erforderlich ist, um die in dieser Datenschutzrichtlinie beschriebenen Zwecke zu erf\u00fcllen, gesetzlichen und regulatorischen Verpflichtungen nachzukommen und m\u00f6gliche Streitigkeiten zu kl\u00e4ren. Sobald die Aufbewahrung nicht mehr erforderlich ist, werden die Daten sicher gel\u00f6scht oder anonymisiert. <\/p>\t\t\t\t\t\t\t\t<\/div>\n\t\t\t\t<div class=\"elementor-element elementor-element-9a6ebfc elementor-widget elementor-widget-spacer\" data-id=\"9a6ebfc\" data-element_type=\"widget\" data-widget_type=\"spacer.default\">\n\t\t\t\t\t\t\t<div class=\"elementor-spacer\">\n\t\t\t<div class=\"elementor-spacer-inner\"><\/div>\n\t\t<\/div>\n\t\t\t\t\t\t<\/div>\n\t\t\t\t<div class=\"elementor-element elementor-element-722bdc0 elementor-widget elementor-widget-text-editor\" data-id=\"722bdc0\" data-element_type=\"widget\" data-widget_type=\"text-editor.default\">\n\t\t\t\t\t\t\t\t\t<h2 data-start=\"3654\" data-end=\"3686\">\u00c4nderungen dieser Richtlinie<\/h2><p data-start=\"3687\" data-end=\"3919\">Diese Datenschutzrichtlinie kann von Zeit zu Zeit aktualisiert werden, um \u00c4nderungen in unseren Praktiken oder regulatorischen Anforderungen widerzuspiegeln. Alle Aktualisierungen werden auf dieser Seite ver\u00f6ffentlicht, und in bestimmten F\u00e4llen k\u00f6nnen wir Sie direkt \u00fcber wesentliche \u00c4nderungen informieren. <\/p>\t\t\t\t\t\t\t\t<\/div>\n\t\t\t\t<div class=\"elementor-element elementor-element-e008c7a elementor-widget elementor-widget-spacer\" data-id=\"e008c7a\" data-element_type=\"widget\" data-widget_type=\"spacer.default\">\n\t\t\t\t\t\t\t<div class=\"elementor-spacer\">\n\t\t\t<div class=\"elementor-spacer-inner\"><\/div>\n\t\t<\/div>\n\t\t\t\t\t\t<\/div>\n\t\t\t\t<div class=\"elementor-element elementor-element-2343ba5 elementor-widget elementor-widget-text-editor\" data-id=\"2343ba5\" data-element_type=\"widget\" data-widget_type=\"text-editor.default\">\n\t\t\t\t\t\t\t\t\t<h2 data-start=\"3921\" data-end=\"3941\">Kontaktieren Sie uns<\/h2><p data-start=\"3942\" data-end=\"4075\">Wenn Sie Fragen zu dieser Datenschutzrichtlinie haben oder Ihre Datenschutzrechte aus\u00fcben m\u00f6chten, k\u00f6nnen Sie uns kontaktieren unter:<\/p><p data-start=\"4077\" data-end=\"4170\"><strong data-start=\"4077\" data-end=\"4096\">Datenschutzbeauftragter<\/strong><br data-start=\"4096\" data-end=\"4099\">HEVEA Genius<br data-start=\"4131\" data-end=\"4134\">E-Mail: <strong>contact<a class=\"cursor-pointer\" rel=\"noopener\" data-start=\"4143\" data-end=\"4166\">@heveagenius.com<\/a><\/strong><\/p>\t\t\t\t\t\t\t\t<\/div>\n\t\t\t\t\t<\/div>\n\t\t<\/div>\n\t\t\t\t\t<\/div>\n\t\t<\/section>\n\t\t\t\t<section class=\"elementor-section elementor-top-section elementor-element elementor-element-f40371f elementor-section-boxed elementor-section-height-default elementor-section-height-default\" data-id=\"f40371f\" data-element_type=\"section\">\n\t\t\t\t\t\t<div class=\"elementor-container elementor-column-gap-default\">\n\t\t\t\t\t<div class=\"elementor-column elementor-col-100 elementor-top-column elementor-element elementor-element-11b2d37\" data-id=\"11b2d37\" data-element_type=\"column\">\n\t\t\t<div class=\"elementor-widget-wrap\">\n\t\t\t\t\t\t\t<\/div>\n\t\t<\/div>\n\t\t\t\t\t<\/div>\n\t\t<\/section>\n\t\t\t\t<section class=\"elementor-section elementor-top-section elementor-element elementor-element-26babd5 elementor-section-boxed elementor-section-height-default elementor-section-height-default\" data-id=\"26babd5\" data-element_type=\"section\">\n\t\t\t\t\t\t<div class=\"elementor-container elementor-column-gap-default\">\n\t\t\t\t\t<div class=\"elementor-column elementor-col-100 elementor-top-column elementor-element elementor-element-228b5a7\" data-id=\"228b5a7\" data-element_type=\"column\">\n\t\t\t<div class=\"elementor-widget-wrap\">\n\t\t\t\t\t\t\t<\/div>\n\t\t<\/div>\n\t\t\t\t\t<\/div>\n\t\t<\/section>\n\t\t\t\t<\/div>\n\t\t","protected":false},"excerpt":{"rendered":"<p>DatenschutzRichtlinie Wer Wir Sind HEVEA Genius ist ein privater alternativer Investmentfonds. Wir verpflichten uns, Ihre Privatsph\u00e4re zu sch\u00fctzen und pers\u00f6nliche Daten mit h\u00f6chster Integrit\u00e4t, Transparenz und Compliance zu behandeln. Informationen, Die Wir Sammeln Wir sammeln pers\u00f6nliche Informationen, die Sie uns direkt zur Verf\u00fcgung stellen, wie Ihren Namen, Ihre E-Mail-Adresse, Telefonnummer, berufliche Angaben und alle Informationen, [&hellip;]<\/p>\n","protected":false},"author":1,"featured_media":0,"parent":0,"menu_order":0,"comment_status":"closed","ping_status":"closed","template":"","meta":{"footnotes":""},"class_list":["post-1884","page","type-page","status-publish","hentry"],"yoast_head":"<!-- This site is optimized with the Yoast SEO plugin v26.2 - https:\/\/yoast.com\/wordpress\/plugins\/seo\/ -->\n<title>Datenschutzrichtlinie \u2013 HEVEA Genius<\/title>\n<meta name=\"description\" content=\"Erfahren Sie, wie HEVEA Genius Ihre Daten sammelt, speichert und sch\u00fctzt. Lesen Sie unsere Datenschutzrichtlinie zu Cookies, Benutzerinformationen und Diensten von Drittanbietern.\" \/>\n<meta name=\"robots\" content=\"index, follow, max-snippet:-1, max-image-preview:large, max-video-preview:-1\" \/>\n<link rel=\"canonical\" href=\"https:\/\/www.heveagenius.com\/de\/datenschutzrichtlinie\/\" \/>\n<meta property=\"og:locale\" content=\"de_DE\" \/>\n<meta property=\"og:type\" content=\"article\" \/>\n<meta property=\"og:title\" content=\"Datenschutzrichtlinie \u2013 HEVEA Genius\" \/>\n<meta property=\"og:description\" content=\"Erfahren Sie, wie HEVEA Genius Ihre Daten sammelt, speichert und sch\u00fctzt. Lesen Sie unsere Datenschutzrichtlinie zu Cookies, Benutzerinformationen und Diensten von Drittanbietern.\" \/>\n<meta property=\"og:url\" content=\"https:\/\/www.heveagenius.com\/de\/datenschutzrichtlinie\/\" \/>\n<meta property=\"og:site_name\" content=\"Heveagenius\" \/>\n<meta property=\"article:modified_time\" content=\"2025-09-04T06:45:07+00:00\" \/>\n<meta name=\"twitter:card\" content=\"summary_large_image\" \/>\n<meta name=\"twitter:site\" content=\"@Heveagenius\" \/>\n<meta name=\"twitter:label1\" content=\"Gesch\u00e4tzte Lesezeit\" \/>\n\t<meta name=\"twitter:data1\" content=\"3\u00a0Minuten\" \/>\n<script type=\"application\/ld+json\" class=\"yoast-schema-graph\">{\"@context\":\"https:\/\/schema.org\",\"@graph\":[{\"@type\":\"WebPage\",\"@id\":\"https:\/\/www.heveagenius.com\/de\/datenschutzrichtlinie\/\",\"url\":\"https:\/\/www.heveagenius.com\/de\/datenschutzrichtlinie\/\",\"name\":\"Datenschutzrichtlinie \u2013 HEVEA Genius\",\"isPartOf\":{\"@id\":\"https:\/\/www.heveagenius.com\/de\/#website\"},\"datePublished\":\"2025-07-28T02:19:33+00:00\",\"dateModified\":\"2025-09-04T06:45:07+00:00\",\"description\":\"Erfahren Sie, wie HEVEA Genius Ihre Daten sammelt, speichert und sch\u00fctzt. Lesen Sie unsere Datenschutzrichtlinie zu Cookies, Benutzerinformationen und Diensten von Drittanbietern.\",\"breadcrumb\":{\"@id\":\"https:\/\/www.heveagenius.com\/de\/datenschutzrichtlinie\/#breadcrumb\"},\"inLanguage\":\"de\",\"potentialAction\":[{\"@type\":\"ReadAction\",\"target\":[\"https:\/\/www.heveagenius.com\/de\/datenschutzrichtlinie\/\"]}]},{\"@type\":\"BreadcrumbList\",\"@id\":\"https:\/\/www.heveagenius.com\/de\/datenschutzrichtlinie\/#breadcrumb\",\"itemListElement\":[{\"@type\":\"ListItem\",\"position\":1,\"name\":\"Home\",\"item\":\"https:\/\/www.heveagenius.com\/de\/startseite\/\"},{\"@type\":\"ListItem\",\"position\":2,\"name\":\"Datenschutzrichtlinie\"}]},{\"@type\":\"WebSite\",\"@id\":\"https:\/\/www.heveagenius.com\/de\/#website\",\"url\":\"https:\/\/www.heveagenius.com\/de\/\",\"name\":\"Heveagenius\",\"description\":\"\",\"publisher\":{\"@id\":\"https:\/\/www.heveagenius.com\/de\/#organization\"},\"potentialAction\":[{\"@type\":\"SearchAction\",\"target\":{\"@type\":\"EntryPoint\",\"urlTemplate\":\"https:\/\/www.heveagenius.com\/de\/?s={search_term_string}\"},\"query-input\":{\"@type\":\"PropertyValueSpecification\",\"valueRequired\":true,\"valueName\":\"search_term_string\"}}],\"inLanguage\":\"de\"},{\"@type\":\"Organization\",\"@id\":\"https:\/\/www.heveagenius.com\/de\/#organization\",\"name\":\"HEVEA Genius\",\"url\":\"https:\/\/www.heveagenius.com\/de\/\",\"logo\":{\"@type\":\"ImageObject\",\"inLanguage\":\"de\",\"@id\":\"https:\/\/www.heveagenius.com\/de\/#\/schema\/logo\/image\/\",\"url\":\"https:\/\/www.heveagenius.com\/wp-content\/uploads\/2025\/08\/e814a8629ee4-Favicon-256.png\",\"contentUrl\":\"https:\/\/www.heveagenius.com\/wp-content\/uploads\/2025\/08\/e814a8629ee4-Favicon-256.png\",\"width\":256,\"height\":256,\"caption\":\"HEVEA Genius\"},\"image\":{\"@id\":\"https:\/\/www.heveagenius.com\/de\/#\/schema\/logo\/image\/\"},\"sameAs\":[\"https:\/\/x.com\/Heveagenius\",\"https:\/\/www.instagram.com\/hevea_genius\",\"https:\/\/www.linkedin.com\/company\/108038166\/\"]}]}<\/script>\n<!-- \/ Yoast SEO plugin. -->","yoast_head_json":{"title":"Datenschutzrichtlinie \u2013 HEVEA Genius","description":"Erfahren Sie, wie HEVEA Genius Ihre Daten sammelt, speichert und sch\u00fctzt. Lesen Sie unsere Datenschutzrichtlinie zu Cookies, Benutzerinformationen und Diensten von Drittanbietern.","robots":{"index":"index","follow":"follow","max-snippet":"max-snippet:-1","max-image-preview":"max-image-preview:large","max-video-preview":"max-video-preview:-1"},"canonical":"https:\/\/www.heveagenius.com\/de\/datenschutzrichtlinie\/","og_locale":"de_DE","og_type":"article","og_title":"Datenschutzrichtlinie \u2013 HEVEA Genius","og_description":"Erfahren Sie, wie HEVEA Genius Ihre Daten sammelt, speichert und sch\u00fctzt. Lesen Sie unsere Datenschutzrichtlinie zu Cookies, Benutzerinformationen und Diensten von Drittanbietern.","og_url":"https:\/\/www.heveagenius.com\/de\/datenschutzrichtlinie\/","og_site_name":"Heveagenius","article_modified_time":"2025-09-04T06:45:07+00:00","twitter_card":"summary_large_image","twitter_site":"@Heveagenius","twitter_misc":{"Gesch\u00e4tzte Lesezeit":"3\u00a0Minuten"},"schema":{"@context":"https:\/\/schema.org","@graph":[{"@type":"WebPage","@id":"https:\/\/www.heveagenius.com\/de\/datenschutzrichtlinie\/","url":"https:\/\/www.heveagenius.com\/de\/datenschutzrichtlinie\/","name":"Datenschutzrichtlinie \u2013 HEVEA Genius","isPartOf":{"@id":"https:\/\/www.heveagenius.com\/de\/#website"},"datePublished":"2025-07-28T02:19:33+00:00","dateModified":"2025-09-04T06:45:07+00:00","description":"Erfahren Sie, wie HEVEA Genius Ihre Daten sammelt, speichert und sch\u00fctzt. Lesen Sie unsere Datenschutzrichtlinie zu Cookies, Benutzerinformationen und Diensten von Drittanbietern.","breadcrumb":{"@id":"https:\/\/www.heveagenius.com\/de\/datenschutzrichtlinie\/#breadcrumb"},"inLanguage":"de","potentialAction":[{"@type":"ReadAction","target":["https:\/\/www.heveagenius.com\/de\/datenschutzrichtlinie\/"]}]},{"@type":"BreadcrumbList","@id":"https:\/\/www.heveagenius.com\/de\/datenschutzrichtlinie\/#breadcrumb","itemListElement":[{"@type":"ListItem","position":1,"name":"Home","item":"https:\/\/www.heveagenius.com\/de\/startseite\/"},{"@type":"ListItem","position":2,"name":"Datenschutzrichtlinie"}]},{"@type":"WebSite","@id":"https:\/\/www.heveagenius.com\/de\/#website","url":"https:\/\/www.heveagenius.com\/de\/","name":"Heveagenius","description":"","publisher":{"@id":"https:\/\/www.heveagenius.com\/de\/#organization"},"potentialAction":[{"@type":"SearchAction","target":{"@type":"EntryPoint","urlTemplate":"https:\/\/www.heveagenius.com\/de\/?s={search_term_string}"},"query-input":{"@type":"PropertyValueSpecification","valueRequired":true,"valueName":"search_term_string"}}],"inLanguage":"de"},{"@type":"Organization","@id":"https:\/\/www.heveagenius.com\/de\/#organization","name":"HEVEA Genius","url":"https:\/\/www.heveagenius.com\/de\/","logo":{"@type":"ImageObject","inLanguage":"de","@id":"https:\/\/www.heveagenius.com\/de\/#\/schema\/logo\/image\/","url":"https:\/\/www.heveagenius.com\/wp-content\/uploads\/2025\/08\/e814a8629ee4-Favicon-256.png","contentUrl":"https:\/\/www.heveagenius.com\/wp-content\/uploads\/2025\/08\/e814a8629ee4-Favicon-256.png","width":256,"height":256,"caption":"HEVEA Genius"},"image":{"@id":"https:\/\/www.heveagenius.com\/de\/#\/schema\/logo\/image\/"},"sameAs":["https:\/\/x.com\/Heveagenius","https:\/\/www.instagram.com\/hevea_genius","https:\/\/www.linkedin.com\/company\/108038166\/"]}]}},"_links":{"self":[{"href":"https:\/\/www.heveagenius.com\/de\/wp-json\/wp\/v2\/pages\/1884","targetHints":{"allow":["GET"]}}],"collection":[{"href":"https:\/\/www.heveagenius.com\/de\/wp-json\/wp\/v2\/pages"}],"about":[{"href":"https:\/\/www.heveagenius.com\/de\/wp-json\/wp\/v2\/types\/page"}],"author":[{"embeddable":true,"href":"https:\/\/www.heveagenius.com\/de\/wp-json\/wp\/v2\/users\/1"}],"replies":[{"embeddable":true,"href":"https:\/\/www.heveagenius.com\/de\/wp-json\/wp\/v2\/comments?post=1884"}],"version-history":[{"count":1,"href":"https:\/\/www.heveagenius.com\/de\/wp-json\/wp\/v2\/pages\/1884\/revisions"}],"predecessor-version":[{"id":1885,"href":"https:\/\/www.heveagenius.com\/de\/wp-json\/wp\/v2\/pages\/1884\/revisions\/1885"}],"wp:attachment":[{"href":"https:\/\/www.heveagenius.com\/de\/wp-json\/wp\/v2\/media?parent=1884"}],"curies":[{"name":"wp","href":"https:\/\/api.w.org\/{rel}","templated":true}]}}