{"id":1870,"date":"2025-07-29T04:43:43","date_gmt":"2025-07-29T04:43:43","guid":{"rendered":"https:\/\/www.heveagenius.com\/nachrichten\/"},"modified":"2025-09-04T04:49:42","modified_gmt":"2025-09-04T04:49:42","slug":"nachrichten","status":"publish","type":"page","link":"https:\/\/www.heveagenius.com\/de\/nachrichten\/","title":{"rendered":"Nachrichten"},"content":{"rendered":"\t\t<div data-elementor-type=\"wp-page\" data-elementor-id=\"1870\" class=\"elementor elementor-1870 elementor-57\" data-elementor-post-type=\"page\">\n\t\t\t\t\t\t<section class=\"elementor-section elementor-top-section elementor-element elementor-element-1c2cecd2 elementor-section-height-min-height elementor-section-boxed elementor-section-height-default elementor-section-items-middle\" data-id=\"1c2cecd2\" data-element_type=\"section\" data-settings=\"{&quot;background_background&quot;:&quot;classic&quot;}\">\n\t\t\t\t\t\t\t<div class=\"elementor-background-overlay\"><\/div>\n\t\t\t\t\t\t\t<div class=\"elementor-container elementor-column-gap-default\">\n\t\t\t\t\t<div class=\"elementor-column elementor-col-100 elementor-top-column elementor-element elementor-element-51667603\" data-id=\"51667603\" data-element_type=\"column\">\n\t\t\t<div class=\"elementor-widget-wrap elementor-element-populated\">\n\t\t\t\t\t\t<div class=\"elementor-element elementor-element-6eb7539b elementor-widget elementor-widget-heading\" data-id=\"6eb7539b\" data-element_type=\"widget\" data-widget_type=\"heading.default\">\n\t\t\t\t\t<h2 class=\"elementor-heading-title elementor-size-default\">Neueste<br><b>Nachrichten<\/b><\/h2>\t\t\t\t<\/div>\n\t\t\t\t\t<\/div>\n\t\t<\/div>\n\t\t\t\t\t<\/div>\n\t\t<\/section>\n\t\t\t\t<section class=\"elementor-section elementor-top-section elementor-element elementor-element-42b1212e elementor-section-boxed elementor-section-height-default elementor-section-height-default\" data-id=\"42b1212e\" data-element_type=\"section\">\n\t\t\t\t\t\t<div class=\"elementor-container elementor-column-gap-default\">\n\t\t\t\t\t<div class=\"elementor-column elementor-col-100 elementor-top-column elementor-element elementor-element-2e3c93ba\" data-id=\"2e3c93ba\" data-element_type=\"column\">\n\t\t\t<div class=\"elementor-widget-wrap elementor-element-populated\">\n\t\t\t\t\t\t<div class=\"elementor-element elementor-element-5e3c02e0 elementor-grid-3 elementor-grid-tablet-2 elementor-grid-mobile-1 elementor-posts--thumbnail-top elementor-card-shadow-yes elementor-posts__hover-gradient elementor-widget elementor-widget-posts\" data-id=\"5e3c02e0\" data-element_type=\"widget\" data-settings=\"{&quot;pagination_type&quot;:&quot;load_more_infinite_scroll&quot;,&quot;cards_columns&quot;:&quot;3&quot;,&quot;cards_columns_tablet&quot;:&quot;2&quot;,&quot;cards_columns_mobile&quot;:&quot;1&quot;,&quot;cards_row_gap&quot;:{&quot;unit&quot;:&quot;px&quot;,&quot;size&quot;:35,&quot;sizes&quot;:[]},&quot;cards_row_gap_tablet&quot;:{&quot;unit&quot;:&quot;px&quot;,&quot;size&quot;:&quot;&quot;,&quot;sizes&quot;:[]},&quot;cards_row_gap_mobile&quot;:{&quot;unit&quot;:&quot;px&quot;,&quot;size&quot;:&quot;&quot;,&quot;sizes&quot;:[]},&quot;load_more_spinner&quot;:{&quot;value&quot;:&quot;fas fa-spinner&quot;,&quot;library&quot;:&quot;fa-solid&quot;}}\" data-widget_type=\"posts.cards\">\n\t\t\t\t<div class=\"elementor-widget-container\">\n\t\t\t\t\t\t\t<div class=\"elementor-posts-container elementor-posts elementor-posts--skin-cards elementor-grid\" role=\"list\">\n\t\t\t\t<article class=\"elementor-post elementor-grid-item post-2171 post type-post status-publish format-standard has-post-thumbnail hentry category-nicht-kategorisiert\" role=\"listitem\">\n\t\t\t<div class=\"elementor-post__card\">\n\t\t\t\t<a class=\"elementor-post__thumbnail__link\" href=\"https:\/\/www.heveagenius.com\/de\/warum-das-verlassen-des-bankensystems-zu-einer-stillen-notwendigkeit-geworden-ist\/\" tabindex=\"-1\" ><div class=\"elementor-post__thumbnail\"><img fetchpriority=\"high\" decoding=\"async\" width=\"800\" height=\"533\" src=\"https:\/\/www.heveagenius.com\/wp-content\/uploads\/2025\/07\/blog-bg-1024x682.jpg\" class=\"attachment-large size-large wp-image-423\" alt=\"\" srcset=\"https:\/\/www.heveagenius.com\/wp-content\/uploads\/2025\/07\/blog-bg-1024x682.jpg 1024w, https:\/\/www.heveagenius.com\/wp-content\/uploads\/2025\/07\/blog-bg-300x200.jpg 300w, https:\/\/www.heveagenius.com\/wp-content\/uploads\/2025\/07\/blog-bg-768x512.jpg 768w, https:\/\/www.heveagenius.com\/wp-content\/uploads\/2025\/07\/blog-bg-1536x1024.jpg 1536w, https:\/\/www.heveagenius.com\/wp-content\/uploads\/2025\/07\/blog-bg.jpg 2000w\" sizes=\"(max-width: 800px) 100vw, 800px\" \/><\/div><\/a>\n\t\t\t\t<div class=\"elementor-post__badge\">Nicht kategorisiert<\/div>\n\t\t\t\t<div class=\"elementor-post__text\">\n\t\t\t\t<h3 class=\"elementor-post__title\">\n\t\t\t<a href=\"https:\/\/www.heveagenius.com\/de\/warum-das-verlassen-des-bankensystems-zu-einer-stillen-notwendigkeit-geworden-ist\/\" >\n\t\t\t\tWarum das Verlassen des Bankensystems zu einer stillen Notwendigkeit geworden ist\t\t\t<\/a>\n\t\t<\/h3>\n\t\t\t\t<div class=\"elementor-post__excerpt\">\n\t\t\t<p>Seit Jahrzehnten sind wir darauf konditioniert worden, dem Bankensystem zu vertrauen. Unsere Geh\u00e4lter werden dort eingezahlt, Kredite werden arrangiert, und Ersparnisse liegen auf Konten. An der Oberfl\u00e4che wirkt alles stabil. Banken genie\u00dfen noch immer institutionellen Respekt, und die meisten Menschen<\/p>\n\t\t<\/div>\n\t\t\n\t\t<a class=\"elementor-post__read-more\" href=\"https:\/\/www.heveagenius.com\/de\/warum-das-verlassen-des-bankensystems-zu-einer-stillen-notwendigkeit-geworden-ist\/\" aria-label=\"Read more about Warum das Verlassen des Bankensystems zu einer stillen Notwendigkeit geworden ist\" tabindex=\"-1\" >\n\t\t\tWeiterlesen \u00bb\t\t<\/a>\n\n\t\t\t\t<\/div>\n\t\t\t\t<div class=\"elementor-post__meta-data\">\n\t\t\t\t\t<span class=\"elementor-post-date\">\n\t\t\t28. Juli 2025\t\t<\/span>\n\t\t\t\t<\/div>\n\t\t\t\t\t<\/div>\n\t\t<\/article>\n\t\t\t\t<\/div>\n\t\t\t\t\t<span class=\"e-load-more-spinner\">\n\t\t\t\t<svg aria-hidden=\"true\" class=\"e-font-icon-svg e-fas-spinner\" viewBox=\"0 0 512 512\" xmlns=\"http:\/\/www.w3.org\/2000\/svg\"><path d=\"M304 48c0 26.51-21.49 48-48 48s-48-21.49-48-48 21.49-48 48-48 48 21.49 48 48zm-48 368c-26.51 0-48 21.49-48 48s21.49 48 48 48 48-21.49 48-48-21.49-48-48-48zm208-208c-26.51 0-48 21.49-48 48s21.49 48 48 48 48-21.49 48-48-21.49-48-48-48zM96 256c0-26.51-21.49-48-48-48S0 229.49 0 256s21.49 48 48 48 48-21.49 48-48zm12.922 99.078c-26.51 0-48 21.49-48 48s21.49 48 48 48 48-21.49 48-48c0-26.509-21.491-48-48-48zm294.156 0c-26.51 0-48 21.49-48 48s21.49 48 48 48 48-21.49 48-48c0-26.509-21.49-48-48-48zM108.922 60.922c-26.51 0-48 21.49-48 48s21.49 48 48 48 48-21.49 48-48-21.491-48-48-48z\"><\/path><\/svg>\t\t\t<\/span>\n\t\t\n\t\t\t\t\t\t<\/div>\n\t\t\t\t<\/div>\n\t\t\t\t\t<\/div>\n\t\t<\/div>\n\t\t\t\t\t<\/div>\n\t\t<\/section>\n\t\t\t\t<\/div>\n\t\t","protected":false},"excerpt":{"rendered":"<p>NeuesteNachrichten<\/p>\n","protected":false},"author":1,"featured_media":0,"parent":0,"menu_order":0,"comment_status":"closed","ping_status":"closed","template":"","meta":{"footnotes":""},"class_list":["post-1870","page","type-page","status-publish","hentry"],"yoast_head":"<!-- This site is optimized with the Yoast SEO plugin v26.2 - https:\/\/yoast.com\/wordpress\/plugins\/seo\/ -->\n<title>Neueste Nachrichten \u2013 HEVEA Genius Updates<\/title>\n<meta name=\"description\" content=\"Bleiben Sie auf dem Laufenden mit den neuesten Nachrichten von HEVEA Genius. Einblicke in alternatives Investieren, Bitcoin, Gold, Bergbau und Kapitalerhalt.\" \/>\n<meta name=\"robots\" content=\"index, follow, max-snippet:-1, max-image-preview:large, max-video-preview:-1\" \/>\n<link rel=\"canonical\" href=\"https:\/\/www.heveagenius.com\/de\/nachrichten\/\" \/>\n<meta property=\"og:locale\" content=\"de_DE\" \/>\n<meta property=\"og:type\" content=\"article\" \/>\n<meta property=\"og:title\" content=\"Neueste Nachrichten \u2013 HEVEA Genius Updates\" \/>\n<meta property=\"og:description\" content=\"Bleiben Sie auf dem Laufenden mit den neuesten Nachrichten von HEVEA Genius. Einblicke in alternatives Investieren, Bitcoin, Gold, Bergbau und Kapitalerhalt.\" \/>\n<meta property=\"og:url\" content=\"https:\/\/www.heveagenius.com\/de\/nachrichten\/\" \/>\n<meta property=\"og:site_name\" content=\"Heveagenius\" \/>\n<meta property=\"article:modified_time\" content=\"2025-09-04T04:49:42+00:00\" \/>\n<meta name=\"twitter:card\" content=\"summary_large_image\" \/>\n<meta name=\"twitter:site\" content=\"@Heveagenius\" \/>\n<script type=\"application\/ld+json\" class=\"yoast-schema-graph\">{\"@context\":\"https:\/\/schema.org\",\"@graph\":[{\"@type\":\"WebPage\",\"@id\":\"https:\/\/www.heveagenius.com\/de\/nachrichten\/\",\"url\":\"https:\/\/www.heveagenius.com\/de\/nachrichten\/\",\"name\":\"Neueste Nachrichten \u2013 HEVEA Genius Updates\",\"isPartOf\":{\"@id\":\"https:\/\/www.heveagenius.com\/de\/#website\"},\"datePublished\":\"2025-07-29T04:43:43+00:00\",\"dateModified\":\"2025-09-04T04:49:42+00:00\",\"description\":\"Bleiben Sie auf dem Laufenden mit den neuesten Nachrichten von HEVEA Genius. Einblicke in alternatives Investieren, Bitcoin, Gold, Bergbau und Kapitalerhalt.\",\"breadcrumb\":{\"@id\":\"https:\/\/www.heveagenius.com\/de\/nachrichten\/#breadcrumb\"},\"inLanguage\":\"de\",\"potentialAction\":[{\"@type\":\"ReadAction\",\"target\":[\"https:\/\/www.heveagenius.com\/de\/nachrichten\/\"]}]},{\"@type\":\"BreadcrumbList\",\"@id\":\"https:\/\/www.heveagenius.com\/de\/nachrichten\/#breadcrumb\",\"itemListElement\":[{\"@type\":\"ListItem\",\"position\":1,\"name\":\"Home\",\"item\":\"https:\/\/www.heveagenius.com\/de\/startseite\/\"},{\"@type\":\"ListItem\",\"position\":2,\"name\":\"Nachrichten\"}]},{\"@type\":\"WebSite\",\"@id\":\"https:\/\/www.heveagenius.com\/de\/#website\",\"url\":\"https:\/\/www.heveagenius.com\/de\/\",\"name\":\"Heveagenius\",\"description\":\"\",\"publisher\":{\"@id\":\"https:\/\/www.heveagenius.com\/de\/#organization\"},\"potentialAction\":[{\"@type\":\"SearchAction\",\"target\":{\"@type\":\"EntryPoint\",\"urlTemplate\":\"https:\/\/www.heveagenius.com\/de\/?s={search_term_string}\"},\"query-input\":{\"@type\":\"PropertyValueSpecification\",\"valueRequired\":true,\"valueName\":\"search_term_string\"}}],\"inLanguage\":\"de\"},{\"@type\":\"Organization\",\"@id\":\"https:\/\/www.heveagenius.com\/de\/#organization\",\"name\":\"HEVEA Genius\",\"url\":\"https:\/\/www.heveagenius.com\/de\/\",\"logo\":{\"@type\":\"ImageObject\",\"inLanguage\":\"de\",\"@id\":\"https:\/\/www.heveagenius.com\/de\/#\/schema\/logo\/image\/\",\"url\":\"https:\/\/www.heveagenius.com\/wp-content\/uploads\/2025\/08\/e814a8629ee4-Favicon-256.png\",\"contentUrl\":\"https:\/\/www.heveagenius.com\/wp-content\/uploads\/2025\/08\/e814a8629ee4-Favicon-256.png\",\"width\":256,\"height\":256,\"caption\":\"HEVEA Genius\"},\"image\":{\"@id\":\"https:\/\/www.heveagenius.com\/de\/#\/schema\/logo\/image\/\"},\"sameAs\":[\"https:\/\/x.com\/Heveagenius\",\"https:\/\/www.instagram.com\/hevea_genius\",\"https:\/\/www.linkedin.com\/company\/108038166\/\"]}]}<\/script>\n<!-- \/ Yoast SEO plugin. -->","yoast_head_json":{"title":"Neueste Nachrichten \u2013 HEVEA Genius Updates","description":"Bleiben Sie auf dem Laufenden mit den neuesten Nachrichten von HEVEA Genius. Einblicke in alternatives Investieren, Bitcoin, Gold, Bergbau und Kapitalerhalt.","robots":{"index":"index","follow":"follow","max-snippet":"max-snippet:-1","max-image-preview":"max-image-preview:large","max-video-preview":"max-video-preview:-1"},"canonical":"https:\/\/www.heveagenius.com\/de\/nachrichten\/","og_locale":"de_DE","og_type":"article","og_title":"Neueste Nachrichten \u2013 HEVEA Genius Updates","og_description":"Bleiben Sie auf dem Laufenden mit den neuesten Nachrichten von HEVEA Genius. Einblicke in alternatives Investieren, Bitcoin, Gold, Bergbau und Kapitalerhalt.","og_url":"https:\/\/www.heveagenius.com\/de\/nachrichten\/","og_site_name":"Heveagenius","article_modified_time":"2025-09-04T04:49:42+00:00","twitter_card":"summary_large_image","twitter_site":"@Heveagenius","schema":{"@context":"https:\/\/schema.org","@graph":[{"@type":"WebPage","@id":"https:\/\/www.heveagenius.com\/de\/nachrichten\/","url":"https:\/\/www.heveagenius.com\/de\/nachrichten\/","name":"Neueste Nachrichten \u2013 HEVEA Genius Updates","isPartOf":{"@id":"https:\/\/www.heveagenius.com\/de\/#website"},"datePublished":"2025-07-29T04:43:43+00:00","dateModified":"2025-09-04T04:49:42+00:00","description":"Bleiben Sie auf dem Laufenden mit den neuesten Nachrichten von HEVEA Genius. Einblicke in alternatives Investieren, Bitcoin, Gold, Bergbau und Kapitalerhalt.","breadcrumb":{"@id":"https:\/\/www.heveagenius.com\/de\/nachrichten\/#breadcrumb"},"inLanguage":"de","potentialAction":[{"@type":"ReadAction","target":["https:\/\/www.heveagenius.com\/de\/nachrichten\/"]}]},{"@type":"BreadcrumbList","@id":"https:\/\/www.heveagenius.com\/de\/nachrichten\/#breadcrumb","itemListElement":[{"@type":"ListItem","position":1,"name":"Home","item":"https:\/\/www.heveagenius.com\/de\/startseite\/"},{"@type":"ListItem","position":2,"name":"Nachrichten"}]},{"@type":"WebSite","@id":"https:\/\/www.heveagenius.com\/de\/#website","url":"https:\/\/www.heveagenius.com\/de\/","name":"Heveagenius","description":"","publisher":{"@id":"https:\/\/www.heveagenius.com\/de\/#organization"},"potentialAction":[{"@type":"SearchAction","target":{"@type":"EntryPoint","urlTemplate":"https:\/\/www.heveagenius.com\/de\/?s={search_term_string}"},"query-input":{"@type":"PropertyValueSpecification","valueRequired":true,"valueName":"search_term_string"}}],"inLanguage":"de"},{"@type":"Organization","@id":"https:\/\/www.heveagenius.com\/de\/#organization","name":"HEVEA Genius","url":"https:\/\/www.heveagenius.com\/de\/","logo":{"@type":"ImageObject","inLanguage":"de","@id":"https:\/\/www.heveagenius.com\/de\/#\/schema\/logo\/image\/","url":"https:\/\/www.heveagenius.com\/wp-content\/uploads\/2025\/08\/e814a8629ee4-Favicon-256.png","contentUrl":"https:\/\/www.heveagenius.com\/wp-content\/uploads\/2025\/08\/e814a8629ee4-Favicon-256.png","width":256,"height":256,"caption":"HEVEA Genius"},"image":{"@id":"https:\/\/www.heveagenius.com\/de\/#\/schema\/logo\/image\/"},"sameAs":["https:\/\/x.com\/Heveagenius","https:\/\/www.instagram.com\/hevea_genius","https:\/\/www.linkedin.com\/company\/108038166\/"]}]}},"_links":{"self":[{"href":"https:\/\/www.heveagenius.com\/de\/wp-json\/wp\/v2\/pages\/1870","targetHints":{"allow":["GET"]}}],"collection":[{"href":"https:\/\/www.heveagenius.com\/de\/wp-json\/wp\/v2\/pages"}],"about":[{"href":"https:\/\/www.heveagenius.com\/de\/wp-json\/wp\/v2\/types\/page"}],"author":[{"embeddable":true,"href":"https:\/\/www.heveagenius.com\/de\/wp-json\/wp\/v2\/users\/1"}],"replies":[{"embeddable":true,"href":"https:\/\/www.heveagenius.com\/de\/wp-json\/wp\/v2\/comments?post=1870"}],"version-history":[{"count":1,"href":"https:\/\/www.heveagenius.com\/de\/wp-json\/wp\/v2\/pages\/1870\/revisions"}],"predecessor-version":[{"id":1871,"href":"https:\/\/www.heveagenius.com\/de\/wp-json\/wp\/v2\/pages\/1870\/revisions\/1871"}],"wp:attachment":[{"href":"https:\/\/www.heveagenius.com\/de\/wp-json\/wp\/v2\/media?parent=1870"}],"curies":[{"name":"wp","href":"https:\/\/api.w.org\/{rel}","templated":true}]}}