{"id":1868,"date":"2025-07-29T04:44:00","date_gmt":"2025-07-29T04:44:00","guid":{"rendered":"https:\/\/www.heveagenius.com\/rechtlicher-hinweis\/"},"modified":"2025-09-04T04:48:03","modified_gmt":"2025-09-04T04:48:03","slug":"rechtlicher-hinweis","status":"publish","type":"page","link":"https:\/\/www.heveagenius.com\/de\/rechtlicher-hinweis\/","title":{"rendered":"Rechtlicher Hinweis"},"content":{"rendered":"\t\t<div data-elementor-type=\"wp-page\" data-elementor-id=\"1868\" class=\"elementor elementor-1868 elementor-61\" data-elementor-post-type=\"page\">\n\t\t\t\t\t\t<section class=\"elementor-section elementor-top-section elementor-element elementor-element-1926f0a8 elementor-section-height-min-height elementor-section-boxed elementor-section-height-default elementor-section-items-middle\" data-id=\"1926f0a8\" data-element_type=\"section\" data-settings=\"{&quot;background_background&quot;:&quot;classic&quot;}\">\n\t\t\t\t\t\t\t<div class=\"elementor-background-overlay\"><\/div>\n\t\t\t\t\t\t\t<div class=\"elementor-container elementor-column-gap-default\">\n\t\t\t\t\t<div class=\"elementor-column elementor-col-100 elementor-top-column elementor-element elementor-element-7c0f23a2\" data-id=\"7c0f23a2\" data-element_type=\"column\">\n\t\t\t<div class=\"elementor-widget-wrap elementor-element-populated\">\n\t\t\t\t\t\t<div class=\"elementor-element elementor-element-248537ca elementor-widget elementor-widget-heading\" data-id=\"248537ca\" data-element_type=\"widget\" data-widget_type=\"heading.default\">\n\t\t\t\t\t<h2 class=\"elementor-heading-title elementor-size-default\">Rechtlicher<br><b>Hinweis<\/b><\/h2>\t\t\t\t<\/div>\n\t\t\t\t\t<\/div>\n\t\t<\/div>\n\t\t\t\t\t<\/div>\n\t\t<\/section>\n\t\t\t\t<section class=\"elementor-section elementor-top-section elementor-element elementor-element-43d755b elementor-section-boxed elementor-section-height-default elementor-section-height-default\" data-id=\"43d755b\" data-element_type=\"section\">\n\t\t\t\t\t\t<div class=\"elementor-container elementor-column-gap-default\">\n\t\t\t\t\t<div class=\"elementor-column elementor-col-100 elementor-top-column elementor-element elementor-element-2cf7dba\" data-id=\"2cf7dba\" data-element_type=\"column\">\n\t\t\t<div class=\"elementor-widget-wrap elementor-element-populated\">\n\t\t\t\t\t\t<div class=\"elementor-element elementor-element-1bd177f elementor-widget elementor-widget-text-editor\" data-id=\"1bd177f\" data-element_type=\"widget\" data-widget_type=\"text-editor.default\">\n\t\t\t\t\t\t\t\t\t<p><strong>Rechtliche Informationen zur Website<\/strong> <a href=\"http:\/\/www.heveagenius.com\"><strong>www.heveagenius.com<\/strong><\/a><\/p><h2><strong>Seitenbetreiber<\/strong><\/h2><p>Diese Website wird ver\u00f6ffentlicht von: <strong>HEVEA Genius Limited<\/strong><br>Ein Unternehmen nach den Gesetzen der Britischen Jungferninseln (BVI)<br>E-Mail: contact@heveagenius.com<\/p>\t\t\t\t\t\t\t\t<\/div>\n\t\t\t\t<div class=\"elementor-element elementor-element-2fa74dc elementor-widget elementor-widget-spacer\" data-id=\"2fa74dc\" data-element_type=\"widget\" data-widget_type=\"spacer.default\">\n\t\t\t\t\t\t\t<div class=\"elementor-spacer\">\n\t\t\t<div class=\"elementor-spacer-inner\"><\/div>\n\t\t<\/div>\n\t\t\t\t\t\t<\/div>\n\t\t\t\t<div class=\"elementor-element elementor-element-1cb0f1c elementor-widget elementor-widget-text-editor\" data-id=\"1cb0f1c\" data-element_type=\"widget\" data-widget_type=\"text-editor.default\">\n\t\t\t\t\t\t\t\t\t<h2><strong>Publikationsleiter<\/strong><\/h2><p>Die redaktionelle Verantwortung liegt bei der Gesch\u00e4ftsf\u00fchrung des Fonds.<br>E-mail: contact@heveagenius.com<\/p>\t\t\t\t\t\t\t\t<\/div>\n\t\t\t\t<div class=\"elementor-element elementor-element-b72041d elementor-widget elementor-widget-spacer\" data-id=\"b72041d\" data-element_type=\"widget\" data-widget_type=\"spacer.default\">\n\t\t\t\t\t\t\t<div class=\"elementor-spacer\">\n\t\t\t<div class=\"elementor-spacer-inner\"><\/div>\n\t\t<\/div>\n\t\t\t\t\t\t<\/div>\n\t\t\t\t<div class=\"elementor-element elementor-element-20a546e elementor-widget elementor-widget-text-editor\" data-id=\"20a546e\" data-element_type=\"widget\" data-widget_type=\"text-editor.default\">\n\t\t\t\t\t\t\t\t\t<h2><strong>Webhosting<\/strong><\/h2><p>Die Website wird gehostet von:<br><strong>Infomaniak Network SA<\/strong><br>Rue Eug\u00e8ne-Marziano 25,<br>1227 Genf, Schweiz<br>Telefon: +41 22 820 35 40<br>Website: <a href=\"http:\/\/www.infomaniak.com\">www.infomaniak.com<\/a><\/p>\t\t\t\t\t\t\t\t<\/div>\n\t\t\t\t<div class=\"elementor-element elementor-element-d4560da elementor-widget elementor-widget-spacer\" data-id=\"d4560da\" data-element_type=\"widget\" data-widget_type=\"spacer.default\">\n\t\t\t\t\t\t\t<div class=\"elementor-spacer\">\n\t\t\t<div class=\"elementor-spacer-inner\"><\/div>\n\t\t<\/div>\n\t\t\t\t\t\t<\/div>\n\t\t\t\t<div class=\"elementor-element elementor-element-aa8d698 elementor-widget elementor-widget-text-editor\" data-id=\"aa8d698\" data-element_type=\"widget\" data-widget_type=\"text-editor.default\">\n\t\t\t\t\t\t\t\t\t<h2><strong>Geistiges Eigentum<\/strong><\/h2><p>Alle Inhalte auf dieser Website (Texte, grafische Elemente, Bilder, Logos, Layout, PDF-Dokumente, Quellcode) sind das ausschlie\u00dfliche Eigentum von HEVEA Investment Limited, sofern nicht anders angegeben.<br>Jegliche Vervielf\u00e4ltigung, Verbreitung, Modifikation oder unautorisierte Nutzung, auch teilweise, ist strengstens verboten und kann rechtliche Schritte wegen Urheberrechtsverletzung nach sich ziehen.<\/p>\t\t\t\t\t\t\t\t<\/div>\n\t\t\t\t<div class=\"elementor-element elementor-element-2399a6b elementor-widget elementor-widget-spacer\" data-id=\"2399a6b\" data-element_type=\"widget\" data-widget_type=\"spacer.default\">\n\t\t\t\t\t\t\t<div class=\"elementor-spacer\">\n\t\t\t<div class=\"elementor-spacer-inner\"><\/div>\n\t\t<\/div>\n\t\t\t\t\t\t<\/div>\n\t\t\t\t<div class=\"elementor-element elementor-element-0c72193 elementor-widget elementor-widget-text-editor\" data-id=\"0c72193\" data-element_type=\"widget\" data-widget_type=\"text-editor.default\">\n\t\t\t\t\t\t\t\t\t<h2><strong>Disclaimer<\/strong><\/h2><p>Die auf dieser Website ver\u00f6ffentlichten Informationen dienen ausschlie\u00dflich Informationszwecken.<br>Sie stellt in keiner Weise ein Angebot zum Abonnieren, eine Anlage-, Steuer- oder Verm\u00f6gensverwaltungsberatung, eine \u00f6ffentliche Aufforderung zur Geldanlage oder eine Leistungszusicherung dar.<br>Der Zugang zum Fonds oder zu den dargestellten Zuweisungen ist ausschlie\u00dflich qualifizierten Investoren in einem privaten Rahmen vorbehalten, vorbehaltlich vorheriger Genehmigung und Unterzeichnung der erforderlichen rechtlichen Dokumente, wie der Satzung, des Aktion\u00e4rsvertrags oder des Private Placement Memorandums.<br>HEVEA Genius Limited lehnt jegliche Verantwortung f\u00fcr Entscheidungen ab, die auf einer ungenauen oder unvollst\u00e4ndigen Interpretation der auf dieser Website dargestellten Informationen beruhen.<\/p>\t\t\t\t\t\t\t\t<\/div>\n\t\t\t\t<div class=\"elementor-element elementor-element-f1f4f9b elementor-widget elementor-widget-spacer\" data-id=\"f1f4f9b\" data-element_type=\"widget\" data-widget_type=\"spacer.default\">\n\t\t\t\t\t\t\t<div class=\"elementor-spacer\">\n\t\t\t<div class=\"elementor-spacer-inner\"><\/div>\n\t\t<\/div>\n\t\t\t\t\t\t<\/div>\n\t\t\t\t<div class=\"elementor-element elementor-element-774151c elementor-widget elementor-widget-text-editor\" data-id=\"774151c\" data-element_type=\"widget\" data-widget_type=\"text-editor.default\">\n\t\t\t\t\t\t\t\t\t<h2><strong>Datenschutz<\/strong><\/h2><p>In \u00dcbereinstimmung mit den geltenden Vorschriften (DSGVO) verpflichtet sich Hevea Genius, die Vertraulichkeit und den Schutz personenbezogener Daten zu wahren.<br>Es werden keine personenbezogenen Daten ohne Ihre ausdr\u00fcckliche Zustimmung erhoben.<br>Die \u00fcber Formulare oder E-Mail \u00fcbermittelten Daten werden ausschlie\u00dflich im Rahmen der Kundenbeziehung oder f\u00fcr die vertrauliche Pr\u00fcfung eines Investitionsantrags verwendet.<br>Sie haben das Recht, auf Ihre Daten zuzugreifen, sie zu berichtigen oder zu l\u00f6schen, indem Sie eine einfache Anfrage an folgende Adresse richten: contact@heveagenius.com<\/p>\t\t\t\t\t\t\t\t<\/div>\n\t\t\t\t<div class=\"elementor-element elementor-element-a921a67 elementor-widget elementor-widget-spacer\" data-id=\"a921a67\" data-element_type=\"widget\" data-widget_type=\"spacer.default\">\n\t\t\t\t\t\t\t<div class=\"elementor-spacer\">\n\t\t\t<div class=\"elementor-spacer-inner\"><\/div>\n\t\t<\/div>\n\t\t\t\t\t\t<\/div>\n\t\t\t\t<div class=\"elementor-element elementor-element-496cb2c elementor-widget elementor-widget-text-editor\" data-id=\"496cb2c\" data-element_type=\"widget\" data-widget_type=\"text-editor.default\">\n\t\t\t\t\t\t\t\t\t<h2><strong>Cookies<\/strong><\/h2><p>Die Website <a href=\"http:\/\/www.heveagenius.com\">www.heveagenius.com<\/a> kann Cookies zu funktionalen, analytischen oder Sicherheitszwecken verwenden.<br>Sie k\u00f6nnen Cookies jederzeit \u00fcber die Einstellungen Ihres Browsers konfigurieren oder deaktivieren. <\/p>\t\t\t\t\t\t\t\t<\/div>\n\t\t\t\t<div class=\"elementor-element elementor-element-0eb1dd1 elementor-widget elementor-widget-spacer\" data-id=\"0eb1dd1\" data-element_type=\"widget\" data-widget_type=\"spacer.default\">\n\t\t\t\t\t\t\t<div class=\"elementor-spacer\">\n\t\t\t<div class=\"elementor-spacer-inner\"><\/div>\n\t\t<\/div>\n\t\t\t\t\t\t<\/div>\n\t\t\t\t<div class=\"elementor-element elementor-element-ff134c2 elementor-widget elementor-widget-text-editor\" data-id=\"ff134c2\" data-element_type=\"widget\" data-widget_type=\"text-editor.default\">\n\t\t\t\t\t\t\t\t\t<h2><strong>Anwendbares Recht<\/strong><\/h2><p>Die Website <a href=\"http:\/\/www.heveagenius.com\">www.heveagenius.com<\/a> unterliegt den Gesetzen der Britischen Jungferninseln (BVI).<br>Jegliche Streitigkeit oder Anspruch im Zusammenhang mit der Nutzung der Website f\u00e4llt in die ausschlie\u00dfliche Zust\u00e4ndigkeit der Gerichte am Sitz des Unternehmens.<\/p>\t\t\t\t\t\t\t\t<\/div>\n\t\t\t\t<div class=\"elementor-element elementor-element-37c775c elementor-widget elementor-widget-spacer\" data-id=\"37c775c\" data-element_type=\"widget\" data-widget_type=\"spacer.default\">\n\t\t\t\t\t\t\t<div class=\"elementor-spacer\">\n\t\t\t<div class=\"elementor-spacer-inner\"><\/div>\n\t\t<\/div>\n\t\t\t\t\t\t<\/div>\n\t\t\t\t\t<\/div>\n\t\t<\/div>\n\t\t\t\t\t<\/div>\n\t\t<\/section>\n\t\t\t\t<\/div>\n\t\t","protected":false},"excerpt":{"rendered":"<p>RechtlicherHinweis Rechtliche Informationen zur Website www.heveagenius.com Seitenbetreiber Diese Website wird ver\u00f6ffentlicht von: HEVEA Genius LimitedEin Unternehmen nach den Gesetzen der Britischen Jungferninseln (BVI)E-Mail: contact@heveagenius.com Publikationsleiter Die redaktionelle Verantwortung liegt bei der Gesch\u00e4ftsf\u00fchrung des Fonds.E-mail: contact@heveagenius.com Webhosting Die Website wird gehostet von:Infomaniak Network SARue Eug\u00e8ne-Marziano 25,1227 Genf, SchweizTelefon: +41 22 820 35 40Website: www.infomaniak.com Geistiges Eigentum [&hellip;]<\/p>\n","protected":false},"author":1,"featured_media":0,"parent":0,"menu_order":0,"comment_status":"closed","ping_status":"closed","template":"","meta":{"footnotes":""},"class_list":["post-1868","page","type-page","status-publish","hentry"],"yoast_head":"<!-- This site is optimized with the Yoast SEO plugin v26.2 - https:\/\/yoast.com\/wordpress\/plugins\/seo\/ -->\n<title>Rechtlicher Hinweis \u2013 HEVEA Genius<\/title>\n<meta name=\"description\" content=\"Lesen Sie den rechtlichen Hinweis f\u00fcr www.heveagenius.com: Eigentum der Website, Hosting, Urheberrecht, Haftungsausschl\u00fcsse, Datenschutz und anwendbares Recht (BVI).\" \/>\n<meta name=\"robots\" content=\"index, follow, max-snippet:-1, max-image-preview:large, max-video-preview:-1\" \/>\n<link rel=\"canonical\" href=\"https:\/\/www.heveagenius.com\/de\/rechtlicher-hinweis\/\" \/>\n<meta property=\"og:locale\" content=\"de_DE\" \/>\n<meta property=\"og:type\" content=\"article\" \/>\n<meta property=\"og:title\" content=\"Rechtlicher Hinweis \u2013 HEVEA Genius\" \/>\n<meta property=\"og:description\" content=\"Lesen Sie den rechtlichen Hinweis f\u00fcr www.heveagenius.com: Eigentum der Website, Hosting, Urheberrecht, Haftungsausschl\u00fcsse, Datenschutz und anwendbares Recht (BVI).\" \/>\n<meta property=\"og:url\" content=\"https:\/\/www.heveagenius.com\/de\/rechtlicher-hinweis\/\" \/>\n<meta property=\"og:site_name\" content=\"Heveagenius\" \/>\n<meta property=\"article:modified_time\" content=\"2025-09-04T04:48:03+00:00\" \/>\n<meta name=\"twitter:card\" content=\"summary_large_image\" \/>\n<meta name=\"twitter:site\" content=\"@Heveagenius\" \/>\n<meta name=\"twitter:label1\" content=\"Gesch\u00e4tzte Lesezeit\" \/>\n\t<meta name=\"twitter:data1\" content=\"2\u00a0Minuten\" \/>\n<script type=\"application\/ld+json\" class=\"yoast-schema-graph\">{\"@context\":\"https:\/\/schema.org\",\"@graph\":[{\"@type\":\"WebPage\",\"@id\":\"https:\/\/www.heveagenius.com\/de\/rechtlicher-hinweis\/\",\"url\":\"https:\/\/www.heveagenius.com\/de\/rechtlicher-hinweis\/\",\"name\":\"Rechtlicher Hinweis \u2013 HEVEA Genius\",\"isPartOf\":{\"@id\":\"https:\/\/www.heveagenius.com\/de\/#website\"},\"datePublished\":\"2025-07-29T04:44:00+00:00\",\"dateModified\":\"2025-09-04T04:48:03+00:00\",\"description\":\"Lesen Sie den rechtlichen Hinweis f\u00fcr www.heveagenius.com: Eigentum der Website, Hosting, Urheberrecht, Haftungsausschl\u00fcsse, Datenschutz und anwendbares Recht (BVI).\",\"breadcrumb\":{\"@id\":\"https:\/\/www.heveagenius.com\/de\/rechtlicher-hinweis\/#breadcrumb\"},\"inLanguage\":\"de\",\"potentialAction\":[{\"@type\":\"ReadAction\",\"target\":[\"https:\/\/www.heveagenius.com\/de\/rechtlicher-hinweis\/\"]}]},{\"@type\":\"BreadcrumbList\",\"@id\":\"https:\/\/www.heveagenius.com\/de\/rechtlicher-hinweis\/#breadcrumb\",\"itemListElement\":[{\"@type\":\"ListItem\",\"position\":1,\"name\":\"Home\",\"item\":\"https:\/\/www.heveagenius.com\/de\/startseite\/\"},{\"@type\":\"ListItem\",\"position\":2,\"name\":\"Rechtlicher Hinweis\"}]},{\"@type\":\"WebSite\",\"@id\":\"https:\/\/www.heveagenius.com\/de\/#website\",\"url\":\"https:\/\/www.heveagenius.com\/de\/\",\"name\":\"Heveagenius\",\"description\":\"\",\"publisher\":{\"@id\":\"https:\/\/www.heveagenius.com\/de\/#organization\"},\"potentialAction\":[{\"@type\":\"SearchAction\",\"target\":{\"@type\":\"EntryPoint\",\"urlTemplate\":\"https:\/\/www.heveagenius.com\/de\/?s={search_term_string}\"},\"query-input\":{\"@type\":\"PropertyValueSpecification\",\"valueRequired\":true,\"valueName\":\"search_term_string\"}}],\"inLanguage\":\"de\"},{\"@type\":\"Organization\",\"@id\":\"https:\/\/www.heveagenius.com\/de\/#organization\",\"name\":\"HEVEA Genius\",\"url\":\"https:\/\/www.heveagenius.com\/de\/\",\"logo\":{\"@type\":\"ImageObject\",\"inLanguage\":\"de\",\"@id\":\"https:\/\/www.heveagenius.com\/de\/#\/schema\/logo\/image\/\",\"url\":\"https:\/\/www.heveagenius.com\/wp-content\/uploads\/2025\/08\/e814a8629ee4-Favicon-256.png\",\"contentUrl\":\"https:\/\/www.heveagenius.com\/wp-content\/uploads\/2025\/08\/e814a8629ee4-Favicon-256.png\",\"width\":256,\"height\":256,\"caption\":\"HEVEA Genius\"},\"image\":{\"@id\":\"https:\/\/www.heveagenius.com\/de\/#\/schema\/logo\/image\/\"},\"sameAs\":[\"https:\/\/x.com\/Heveagenius\",\"https:\/\/www.instagram.com\/hevea_genius\",\"https:\/\/www.linkedin.com\/company\/108038166\/\"]}]}<\/script>\n<!-- \/ Yoast SEO plugin. -->","yoast_head_json":{"title":"Rechtlicher Hinweis \u2013 HEVEA Genius","description":"Lesen Sie den rechtlichen Hinweis f\u00fcr www.heveagenius.com: Eigentum der Website, Hosting, Urheberrecht, Haftungsausschl\u00fcsse, Datenschutz und anwendbares Recht (BVI).","robots":{"index":"index","follow":"follow","max-snippet":"max-snippet:-1","max-image-preview":"max-image-preview:large","max-video-preview":"max-video-preview:-1"},"canonical":"https:\/\/www.heveagenius.com\/de\/rechtlicher-hinweis\/","og_locale":"de_DE","og_type":"article","og_title":"Rechtlicher Hinweis \u2013 HEVEA Genius","og_description":"Lesen Sie den rechtlichen Hinweis f\u00fcr www.heveagenius.com: Eigentum der Website, Hosting, Urheberrecht, Haftungsausschl\u00fcsse, Datenschutz und anwendbares Recht (BVI).","og_url":"https:\/\/www.heveagenius.com\/de\/rechtlicher-hinweis\/","og_site_name":"Heveagenius","article_modified_time":"2025-09-04T04:48:03+00:00","twitter_card":"summary_large_image","twitter_site":"@Heveagenius","twitter_misc":{"Gesch\u00e4tzte Lesezeit":"2\u00a0Minuten"},"schema":{"@context":"https:\/\/schema.org","@graph":[{"@type":"WebPage","@id":"https:\/\/www.heveagenius.com\/de\/rechtlicher-hinweis\/","url":"https:\/\/www.heveagenius.com\/de\/rechtlicher-hinweis\/","name":"Rechtlicher Hinweis \u2013 HEVEA Genius","isPartOf":{"@id":"https:\/\/www.heveagenius.com\/de\/#website"},"datePublished":"2025-07-29T04:44:00+00:00","dateModified":"2025-09-04T04:48:03+00:00","description":"Lesen Sie den rechtlichen Hinweis f\u00fcr www.heveagenius.com: Eigentum der Website, Hosting, Urheberrecht, Haftungsausschl\u00fcsse, Datenschutz und anwendbares Recht (BVI).","breadcrumb":{"@id":"https:\/\/www.heveagenius.com\/de\/rechtlicher-hinweis\/#breadcrumb"},"inLanguage":"de","potentialAction":[{"@type":"ReadAction","target":["https:\/\/www.heveagenius.com\/de\/rechtlicher-hinweis\/"]}]},{"@type":"BreadcrumbList","@id":"https:\/\/www.heveagenius.com\/de\/rechtlicher-hinweis\/#breadcrumb","itemListElement":[{"@type":"ListItem","position":1,"name":"Home","item":"https:\/\/www.heveagenius.com\/de\/startseite\/"},{"@type":"ListItem","position":2,"name":"Rechtlicher Hinweis"}]},{"@type":"WebSite","@id":"https:\/\/www.heveagenius.com\/de\/#website","url":"https:\/\/www.heveagenius.com\/de\/","name":"Heveagenius","description":"","publisher":{"@id":"https:\/\/www.heveagenius.com\/de\/#organization"},"potentialAction":[{"@type":"SearchAction","target":{"@type":"EntryPoint","urlTemplate":"https:\/\/www.heveagenius.com\/de\/?s={search_term_string}"},"query-input":{"@type":"PropertyValueSpecification","valueRequired":true,"valueName":"search_term_string"}}],"inLanguage":"de"},{"@type":"Organization","@id":"https:\/\/www.heveagenius.com\/de\/#organization","name":"HEVEA Genius","url":"https:\/\/www.heveagenius.com\/de\/","logo":{"@type":"ImageObject","inLanguage":"de","@id":"https:\/\/www.heveagenius.com\/de\/#\/schema\/logo\/image\/","url":"https:\/\/www.heveagenius.com\/wp-content\/uploads\/2025\/08\/e814a8629ee4-Favicon-256.png","contentUrl":"https:\/\/www.heveagenius.com\/wp-content\/uploads\/2025\/08\/e814a8629ee4-Favicon-256.png","width":256,"height":256,"caption":"HEVEA Genius"},"image":{"@id":"https:\/\/www.heveagenius.com\/de\/#\/schema\/logo\/image\/"},"sameAs":["https:\/\/x.com\/Heveagenius","https:\/\/www.instagram.com\/hevea_genius","https:\/\/www.linkedin.com\/company\/108038166\/"]}]}},"_links":{"self":[{"href":"https:\/\/www.heveagenius.com\/de\/wp-json\/wp\/v2\/pages\/1868","targetHints":{"allow":["GET"]}}],"collection":[{"href":"https:\/\/www.heveagenius.com\/de\/wp-json\/wp\/v2\/pages"}],"about":[{"href":"https:\/\/www.heveagenius.com\/de\/wp-json\/wp\/v2\/types\/page"}],"author":[{"embeddable":true,"href":"https:\/\/www.heveagenius.com\/de\/wp-json\/wp\/v2\/users\/1"}],"replies":[{"embeddable":true,"href":"https:\/\/www.heveagenius.com\/de\/wp-json\/wp\/v2\/comments?post=1868"}],"version-history":[{"count":1,"href":"https:\/\/www.heveagenius.com\/de\/wp-json\/wp\/v2\/pages\/1868\/revisions"}],"predecessor-version":[{"id":1869,"href":"https:\/\/www.heveagenius.com\/de\/wp-json\/wp\/v2\/pages\/1868\/revisions\/1869"}],"wp:attachment":[{"href":"https:\/\/www.heveagenius.com\/de\/wp-json\/wp\/v2\/media?parent=1868"}],"curies":[{"name":"wp","href":"https:\/\/api.w.org\/{rel}","templated":true}]}}