{"id":1841,"date":"2025-07-29T04:43:51","date_gmt":"2025-07-29T04:43:51","guid":{"rendered":"https:\/\/www.heveagenius.com\/karriere\/"},"modified":"2025-09-02T15:30:47","modified_gmt":"2025-09-02T15:30:47","slug":"karriere","status":"publish","type":"page","link":"https:\/\/www.heveagenius.com\/de\/karriere\/","title":{"rendered":"Karriere"},"content":{"rendered":"\t\t<div data-elementor-type=\"wp-page\" data-elementor-id=\"1841\" class=\"elementor elementor-1841 elementor-59\" data-elementor-post-type=\"page\">\n\t\t\t\t\t\t<section class=\"elementor-section elementor-top-section elementor-element elementor-element-5f79e7af elementor-section-height-min-height elementor-section-boxed elementor-section-height-default elementor-section-items-middle\" data-id=\"5f79e7af\" data-element_type=\"section\" data-settings=\"{&quot;background_background&quot;:&quot;classic&quot;}\">\n\t\t\t\t\t\t\t<div class=\"elementor-background-overlay\"><\/div>\n\t\t\t\t\t\t\t<div class=\"elementor-container elementor-column-gap-default\">\n\t\t\t\t\t<div class=\"elementor-column elementor-col-100 elementor-top-column elementor-element elementor-element-2040b6cd\" data-id=\"2040b6cd\" data-element_type=\"column\">\n\t\t\t<div class=\"elementor-widget-wrap elementor-element-populated\">\n\t\t\t\t\t\t<div class=\"elementor-element elementor-element-68e69c37 elementor-widget elementor-widget-heading\" data-id=\"68e69c37\" data-element_type=\"widget\" data-widget_type=\"heading.default\">\n\t\t\t\t\t<h2 class=\"elementor-heading-title elementor-size-default\">Karriere bei<br><b>HEVEA Genius<\/b><\/h2>\t\t\t\t<\/div>\n\t\t\t\t\t<\/div>\n\t\t<\/div>\n\t\t\t\t\t<\/div>\n\t\t<\/section>\n\t\t\t\t<section class=\"elementor-section elementor-top-section elementor-element elementor-element-4714de89 elementor-section-boxed elementor-section-height-default elementor-section-height-default\" data-id=\"4714de89\" data-element_type=\"section\">\n\t\t\t\t\t\t<div class=\"elementor-container elementor-column-gap-default\">\n\t\t\t\t\t<div class=\"elementor-column elementor-col-100 elementor-top-column elementor-element elementor-element-73ceca49\" data-id=\"73ceca49\" data-element_type=\"column\">\n\t\t\t<div class=\"elementor-widget-wrap elementor-element-populated\">\n\t\t\t\t\t\t<div class=\"elementor-element elementor-element-5cda24b7 elementor-widget elementor-widget-heading\" data-id=\"5cda24b7\" data-element_type=\"widget\" data-widget_type=\"heading.default\">\n\t\t\t\t\t<h2 class=\"elementor-heading-title elementor-size-default\">Eine unternehmerische Reise im Herzen der Wohlstandsinnovation<\/h2>\t\t\t\t<\/div>\n\t\t\t\t<div class=\"elementor-element elementor-element-5165354e elementor-widget-divider--view-line elementor-widget elementor-widget-divider\" data-id=\"5165354e\" data-element_type=\"widget\" data-widget_type=\"divider.default\">\n\t\t\t\t\t\t\t<div class=\"elementor-divider\">\n\t\t\t<span class=\"elementor-divider-separator\">\n\t\t\t\t\t\t<\/span>\n\t\t<\/div>\n\t\t\t\t\t\t<\/div>\n\t\t\t\t<div class=\"elementor-element elementor-element-2ce4d640 elementor-widget elementor-widget-text-editor\" data-id=\"2ce4d640\" data-element_type=\"widget\" data-widget_type=\"text-editor.default\">\n\t\t\t\t\t\t\t\t\t<p data-start=\"103\" data-end=\"257\"><strong>HEVEA Genius<\/strong> ist keine traditionelle Finanzinstitution. Es ist ein alternativer Fonds, getrieben von <strong>starken \u00dcberzeugungen<\/strong><strong>, hohen Standards und einer langfristigen Vision.<\/strong> <\/p><p data-start=\"103\" data-end=\"257\"> <\/p><p data-start=\"259\" data-end=\"551\"><strong>Unserem Team beizutreten <\/strong>bedeutet, in ein agiles, schnell wachsendes Umfeld einzutreten, das sich auf greifbare Verm\u00f6genswerte und aufstrebende Finanztechnologien konzentriert. Mit internationalen Partnern in Dubai, der Schweiz, Thailand und Oman suchen wir disziplinierte, autonome und proaktive Profile, die bereit sind, sich dieser Herausforderung zu stellen. <\/p>\t\t\t\t\t\t\t\t<\/div>\n\t\t\t\t\t<\/div>\n\t\t<\/div>\n\t\t\t\t\t<\/div>\n\t\t<\/section>\n\t\t\t\t<section class=\"elementor-section elementor-top-section elementor-element elementor-element-7aa730e elementor-section-content-middle elementor-section-boxed elementor-section-height-default elementor-section-height-default\" data-id=\"7aa730e\" data-element_type=\"section\" data-settings=\"{&quot;background_background&quot;:&quot;classic&quot;}\">\n\t\t\t\t\t\t<div class=\"elementor-container elementor-column-gap-default\">\n\t\t\t\t\t<div class=\"elementor-column elementor-col-100 elementor-top-column elementor-element elementor-element-43b87609\" data-id=\"43b87609\" data-element_type=\"column\">\n\t\t\t<div class=\"elementor-widget-wrap elementor-element-populated\">\n\t\t\t\t\t\t<div class=\"elementor-element elementor-element-3ef9fd4e elementor-widget elementor-widget-heading\" data-id=\"3ef9fd4e\" data-element_type=\"widget\" data-widget_type=\"heading.default\">\n\t\t\t\t\t<h2 class=\"elementor-heading-title elementor-size-default\">Engagierte Talente<br><b>f\u00fcr konkrete Missionen<\/b><\/h2>\t\t\t\t<\/div>\n\t\t\t\t<div class=\"elementor-element elementor-element-67b4d2d1 elementor-widget-divider--view-line elementor-widget elementor-widget-divider\" data-id=\"67b4d2d1\" data-element_type=\"widget\" data-widget_type=\"divider.default\">\n\t\t\t\t\t\t\t<div class=\"elementor-divider\">\n\t\t\t<span class=\"elementor-divider-separator\">\n\t\t\t\t\t\t<\/span>\n\t\t<\/div>\n\t\t\t\t\t\t<\/div>\n\t\t\t\t\t<\/div>\n\t\t<\/div>\n\t\t\t\t\t<\/div>\n\t\t<\/section>\n\t\t\t\t<section class=\"elementor-section elementor-top-section elementor-element elementor-element-5b9faa32 elementor-section-content-middle elementor-reverse-mobile elementor-section-boxed elementor-section-height-default elementor-section-height-default\" data-id=\"5b9faa32\" data-element_type=\"section\" data-settings=\"{&quot;background_background&quot;:&quot;classic&quot;}\">\n\t\t\t\t\t\t<div class=\"elementor-container elementor-column-gap-default\">\n\t\t\t\t\t<div class=\"elementor-column elementor-col-50 elementor-top-column elementor-element elementor-element-5959e799\" data-id=\"5959e799\" data-element_type=\"column\">\n\t\t\t<div class=\"elementor-widget-wrap elementor-element-populated\">\n\t\t\t\t\t\t<div class=\"elementor-element elementor-element-64426f96 elementor-widget elementor-widget-text-editor\" data-id=\"64426f96\" data-element_type=\"widget\" data-widget_type=\"text-editor.default\">\n\t\t\t\t\t\t\t\t\t<p>Wir rekrutieren fortlaufend in den folgenden Bereichen:<\/p><p> <\/p><p>\u25a0 Portfoliomanagement und Finanzanalyse<\/p><p>\u25a0 Audit, Compliance und internationale Rechtsstrukturierung<\/p><p>\u25a0 Krypto-Assets, Blockchain-Sicherheit und Mining-Infrastruktur<\/p><p>\u25a0 Anlegerbeziehungen, Projektkoordination und Verm\u00f6gensstrategie<\/p><p>\u25a0 Institutionelle Kommunikation, Content-Erstellung, Branding und Digital<\/p><p> <\/p><p>Jede Mission ist an ein klares Ziel gebunden: echten Wert zu schaffen und dabei unsere Kernprinzipien \u2014 Transparenz, Unabh\u00e4ngigkeit und Exzellenz \u2014 zu wahren.<\/p>\t\t\t\t\t\t\t\t<\/div>\n\t\t\t\t\t<\/div>\n\t\t<\/div>\n\t\t\t\t<div class=\"elementor-column elementor-col-50 elementor-top-column elementor-element elementor-element-e6c2672 elementor-invisible\" data-id=\"e6c2672\" data-element_type=\"column\" data-settings=\"{&quot;animation&quot;:&quot;fadeInRight&quot;}\">\n\t\t\t<div class=\"elementor-widget-wrap elementor-element-populated\">\n\t\t\t\t\t\t<div class=\"elementor-element elementor-element-1cefa7ae animated-slow elementor-invisible elementor-widget elementor-widget-image\" data-id=\"1cefa7ae\" data-element_type=\"widget\" data-settings=\"{&quot;_animation&quot;:&quot;fadeIn&quot;}\" data-widget_type=\"image.default\">\n\t\t\t\t\t\t\t\t\t\t\t\t\t\t\t<img fetchpriority=\"high\" decoding=\"async\" width=\"800\" height=\"450\" src=\"https:\/\/www.heveagenius.com\/wp-content\/uploads\/2025\/07\/31ddb88cb1cb-relationship-private-clients-1024x576.webp\" class=\"attachment-large size-large wp-image-435\" alt=\"\" srcset=\"https:\/\/www.heveagenius.com\/wp-content\/uploads\/2025\/07\/31ddb88cb1cb-relationship-private-clients-1024x576.webp 1024w, https:\/\/www.heveagenius.com\/wp-content\/uploads\/2025\/07\/31ddb88cb1cb-relationship-private-clients-300x169.webp 300w, https:\/\/www.heveagenius.com\/wp-content\/uploads\/2025\/07\/31ddb88cb1cb-relationship-private-clients-768x432.webp 768w, https:\/\/www.heveagenius.com\/wp-content\/uploads\/2025\/07\/31ddb88cb1cb-relationship-private-clients-1536x864.webp 1536w, https:\/\/www.heveagenius.com\/wp-content\/uploads\/2025\/07\/31ddb88cb1cb-relationship-private-clients.webp 1600w\" sizes=\"(max-width: 800px) 100vw, 800px\" \/>\t\t\t\t\t\t\t\t\t\t\t\t\t\t\t<\/div>\n\t\t\t\t\t<\/div>\n\t\t<\/div>\n\t\t\t\t\t<\/div>\n\t\t<\/section>\n\t\t\t\t<section class=\"elementor-section elementor-top-section elementor-element elementor-element-2e5a5e87 elementor-section-boxed elementor-section-height-default elementor-section-height-default\" data-id=\"2e5a5e87\" data-element_type=\"section\">\n\t\t\t\t\t\t<div class=\"elementor-container elementor-column-gap-default\">\n\t\t\t\t\t<div class=\"elementor-column elementor-col-100 elementor-top-column elementor-element elementor-element-6464f43b\" data-id=\"6464f43b\" data-element_type=\"column\">\n\t\t\t<div class=\"elementor-widget-wrap elementor-element-populated\">\n\t\t\t\t\t\t<div class=\"elementor-element elementor-element-5c479b01 elementor-widget elementor-widget-heading\" data-id=\"5c479b01\" data-element_type=\"widget\" data-widget_type=\"heading.default\">\n\t\t\t\t\t<h2 class=\"elementor-heading-title elementor-size-default\">Eine anspruchsvolle, zugleich <br><b>menschliche Umgebung<\/b><\/h2>\t\t\t\t<\/div>\n\t\t\t\t<div class=\"elementor-element elementor-element-d6a8196 elementor-widget-divider--view-line elementor-widget elementor-widget-divider\" data-id=\"d6a8196\" data-element_type=\"widget\" data-widget_type=\"divider.default\">\n\t\t\t\t\t\t\t<div class=\"elementor-divider\">\n\t\t\t<span class=\"elementor-divider-separator\">\n\t\t\t\t\t\t<\/span>\n\t\t<\/div>\n\t\t\t\t\t\t<\/div>\n\t\t\t\t\t<\/div>\n\t\t<\/div>\n\t\t\t\t\t<\/div>\n\t\t<\/section>\n\t\t\t\t<section class=\"elementor-section elementor-top-section elementor-element elementor-element-6849aa2c elementor-section-content-middle elementor-reverse-tablet elementor-reverse-mobile elementor-section-boxed elementor-section-height-default elementor-section-height-default\" data-id=\"6849aa2c\" data-element_type=\"section\" data-settings=\"{&quot;background_background&quot;:&quot;classic&quot;}\">\n\t\t\t\t\t\t<div class=\"elementor-container elementor-column-gap-default\">\n\t\t\t\t\t<div class=\"elementor-column elementor-col-50 elementor-top-column elementor-element elementor-element-6336e18a elementor-invisible\" data-id=\"6336e18a\" data-element_type=\"column\" data-settings=\"{&quot;animation&quot;:&quot;fadeInLeft&quot;}\">\n\t\t\t<div class=\"elementor-widget-wrap elementor-element-populated\">\n\t\t\t\t\t\t<div class=\"elementor-element elementor-element-2c2928c animated-slow elementor-invisible elementor-widget elementor-widget-image\" data-id=\"2c2928c\" data-element_type=\"widget\" data-settings=\"{&quot;_animation&quot;:&quot;fadeIn&quot;}\" data-widget_type=\"image.default\">\n\t\t\t\t\t\t\t\t\t\t\t\t\t\t\t<img decoding=\"async\" width=\"800\" height=\"534\" src=\"https:\/\/www.heveagenius.com\/wp-content\/uploads\/2025\/07\/b2e1e18fb932-teams-hevea-1024x683.webp\" class=\"attachment-large size-large wp-image-439\" alt=\"\" srcset=\"https:\/\/www.heveagenius.com\/wp-content\/uploads\/2025\/07\/b2e1e18fb932-teams-hevea-1024x683.webp 1024w, https:\/\/www.heveagenius.com\/wp-content\/uploads\/2025\/07\/b2e1e18fb932-teams-hevea-300x200.webp 300w, https:\/\/www.heveagenius.com\/wp-content\/uploads\/2025\/07\/b2e1e18fb932-teams-hevea-768x512.webp 768w, https:\/\/www.heveagenius.com\/wp-content\/uploads\/2025\/07\/b2e1e18fb932-teams-hevea.webp 1440w\" sizes=\"(max-width: 800px) 100vw, 800px\" \/>\t\t\t\t\t\t\t\t\t\t\t\t\t\t\t<\/div>\n\t\t\t\t\t<\/div>\n\t\t<\/div>\n\t\t\t\t<div class=\"elementor-column elementor-col-50 elementor-top-column elementor-element elementor-element-5eaebd7\" data-id=\"5eaebd7\" data-element_type=\"column\">\n\t\t\t<div class=\"elementor-widget-wrap elementor-element-populated\">\n\t\t\t\t\t\t<div class=\"elementor-element elementor-element-500f2a83 elementor-widget elementor-widget-text-editor\" data-id=\"500f2a83\" data-element_type=\"widget\" data-widget_type=\"text-editor.default\">\n\t\t\t\t\t\t\t\t\t<p>Demut wird als St\u00e4rke angesehen.<\/p><p>Wir suchen autonome Pers\u00f6nlichkeiten mit starkem Verantwortungsbewusstsein, die in vertraulichen, internationalen und anspruchsvollen Umgebungen agieren k\u00f6nnen.<\/p><p>W\u00e4hrend technisches Fachwissen unerl\u00e4sslich ist, werden Zuverl\u00e4ssigkeit, Loyalit\u00e4t und eine l\u00f6sungsorientierte Denkweise gleicherma\u00dfen gesch\u00e4tzt.<\/p><p>Der Arbeitsrahmen ist sowohl flexibel als auch strukturiert und bietet echte M\u00f6glichkeiten f\u00fcr internationales Wachstum.<\/p><p>Dem Team beizutreten bedeutet, aktiv zum Wachstum eines Fonds beizutragen, der sich f\u00fcr die Zukunft strukturiert \u2014 mit einer strategischen, praxisnahen und sichtbaren Rolle.<\/p>\t\t\t\t\t\t\t\t<\/div>\n\t\t\t\t\t<\/div>\n\t\t<\/div>\n\t\t\t\t\t<\/div>\n\t\t<\/section>\n\t\t\t\t<section class=\"elementor-section elementor-top-section elementor-element elementor-element-622f6036 elementor-section-content-middle elementor-section-boxed elementor-section-height-default elementor-section-height-default\" data-id=\"622f6036\" data-element_type=\"section\" data-settings=\"{&quot;background_background&quot;:&quot;classic&quot;}\">\n\t\t\t\t\t\t\t<div class=\"elementor-background-overlay\"><\/div>\n\t\t\t\t\t\t\t<div class=\"elementor-container elementor-column-gap-default\">\n\t\t\t\t\t<div class=\"elementor-column elementor-col-100 elementor-top-column elementor-element elementor-element-68571b06\" data-id=\"68571b06\" data-element_type=\"column\">\n\t\t\t<div class=\"elementor-widget-wrap elementor-element-populated\">\n\t\t\t\t\t\t<div class=\"elementor-element elementor-element-11c58d50 elementor-widget elementor-widget-text-editor\" data-id=\"11c58d50\" data-element_type=\"widget\" data-widget_type=\"text-editor.default\">\n\t\t\t\t\t\t\t\t\t<p><strong>Sind Sie bereit, Teil eines unabh\u00e4ngigen, alternativen und nachhaltigen Projekts zu sein?<\/strong><\/p><p><strong>Bringen Sie fundierte Expertise mit und den Wunsch, sich in einem vertraulichen, anspruchsvollen und zukunftsorientierten Umfeld weiterzuentwickeln?<\/strong><\/p><p>SenSenden Sie Ihre Bewerbung (Lebenslauf und Anschreiben) an:<br><strong>contact@heveagenius.com<\/strong><\/p><p>Alle Bewerbungen werden mit strengster Vertraulichkeit behandelt.<\/p>\t\t\t\t\t\t\t\t<\/div>\n\t\t\t\t\t<\/div>\n\t\t<\/div>\n\t\t\t\t\t<\/div>\n\t\t<\/section>\n\t\t\t\t<\/div>\n\t\t","protected":false},"excerpt":{"rendered":"<p>Karriere beiHEVEA Genius Eine unternehmerische Reise im Herzen der Wohlstandsinnovation HEVEA Genius ist keine traditionelle Finanzinstitution. Es ist ein alternativer Fonds, getrieben von starken \u00dcberzeugungen, hohen Standards und einer langfristigen Vision. Unserem Team beizutreten bedeutet, in ein agiles, schnell wachsendes Umfeld einzutreten, das sich auf greifbare Verm\u00f6genswerte und aufstrebende Finanztechnologien konzentriert. Mit internationalen Partnern in [&hellip;]<\/p>\n","protected":false},"author":1,"featured_media":0,"parent":0,"menu_order":0,"comment_status":"closed","ping_status":"closed","template":"","meta":{"footnotes":""},"class_list":["post-1841","page","type-page","status-publish","hentry"],"yoast_head":"<!-- This site is optimized with the Yoast SEO plugin v26.2 - https:\/\/yoast.com\/wordpress\/plugins\/seo\/ -->\n<title>Karriere \u2013 Treten Sie HEVEA Genius bei<\/title>\n<meta name=\"description\" content=\"Entdecken Sie Karrierem\u00f6glichkeiten bei HEVEA Genius. Treten Sie einem globalen Team in den Bereichen alternative Finanzen, Krypto und Verm\u00f6gensstrategie bei.\" \/>\n<meta name=\"robots\" content=\"index, follow, max-snippet:-1, max-image-preview:large, max-video-preview:-1\" \/>\n<link rel=\"canonical\" href=\"https:\/\/www.heveagenius.com\/de\/karriere\/\" \/>\n<meta property=\"og:locale\" content=\"de_DE\" \/>\n<meta property=\"og:type\" content=\"article\" \/>\n<meta property=\"og:title\" content=\"Karriere \u2013 Treten Sie HEVEA Genius bei\" \/>\n<meta property=\"og:description\" content=\"Entdecken Sie Karrierem\u00f6glichkeiten bei HEVEA Genius. Treten Sie einem globalen Team in den Bereichen alternative Finanzen, Krypto und Verm\u00f6gensstrategie bei.\" \/>\n<meta property=\"og:url\" content=\"https:\/\/www.heveagenius.com\/de\/karriere\/\" \/>\n<meta property=\"og:site_name\" content=\"Heveagenius\" \/>\n<meta property=\"article:modified_time\" content=\"2025-09-02T15:30:47+00:00\" \/>\n<meta property=\"og:image\" content=\"https:\/\/www.heveagenius.com\/wp-content\/uploads\/2025\/07\/31ddb88cb1cb-relationship-private-clients.webp\" \/>\n\t<meta property=\"og:image:width\" content=\"1600\" \/>\n\t<meta property=\"og:image:height\" content=\"900\" \/>\n\t<meta property=\"og:image:type\" content=\"image\/webp\" \/>\n<meta name=\"twitter:card\" content=\"summary_large_image\" \/>\n<meta name=\"twitter:site\" content=\"@Heveagenius\" \/>\n<meta name=\"twitter:label1\" content=\"Gesch\u00e4tzte Lesezeit\" \/>\n\t<meta name=\"twitter:data1\" content=\"1\u00a0Minute\" \/>\n<script type=\"application\/ld+json\" class=\"yoast-schema-graph\">{\"@context\":\"https:\/\/schema.org\",\"@graph\":[{\"@type\":\"WebPage\",\"@id\":\"https:\/\/www.heveagenius.com\/de\/karriere\/\",\"url\":\"https:\/\/www.heveagenius.com\/de\/karriere\/\",\"name\":\"Karriere \u2013 Treten Sie HEVEA Genius bei\",\"isPartOf\":{\"@id\":\"https:\/\/www.heveagenius.com\/de\/#website\"},\"primaryImageOfPage\":{\"@id\":\"https:\/\/www.heveagenius.com\/de\/karriere\/#primaryimage\"},\"image\":{\"@id\":\"https:\/\/www.heveagenius.com\/de\/karriere\/#primaryimage\"},\"thumbnailUrl\":\"https:\/\/www.heveagenius.com\/wp-content\/uploads\/2025\/07\/31ddb88cb1cb-relationship-private-clients-1024x576.webp\",\"datePublished\":\"2025-07-29T04:43:51+00:00\",\"dateModified\":\"2025-09-02T15:30:47+00:00\",\"description\":\"Entdecken Sie Karrierem\u00f6glichkeiten bei HEVEA Genius. Treten Sie einem globalen Team in den Bereichen alternative Finanzen, Krypto und Verm\u00f6gensstrategie bei.\",\"breadcrumb\":{\"@id\":\"https:\/\/www.heveagenius.com\/de\/karriere\/#breadcrumb\"},\"inLanguage\":\"de\",\"potentialAction\":[{\"@type\":\"ReadAction\",\"target\":[\"https:\/\/www.heveagenius.com\/de\/karriere\/\"]}]},{\"@type\":\"ImageObject\",\"inLanguage\":\"de\",\"@id\":\"https:\/\/www.heveagenius.com\/de\/karriere\/#primaryimage\",\"url\":\"https:\/\/www.heveagenius.com\/wp-content\/uploads\/2025\/07\/31ddb88cb1cb-relationship-private-clients-1024x576.webp\",\"contentUrl\":\"https:\/\/www.heveagenius.com\/wp-content\/uploads\/2025\/07\/31ddb88cb1cb-relationship-private-clients-1024x576.webp\"},{\"@type\":\"BreadcrumbList\",\"@id\":\"https:\/\/www.heveagenius.com\/de\/karriere\/#breadcrumb\",\"itemListElement\":[{\"@type\":\"ListItem\",\"position\":1,\"name\":\"Home\",\"item\":\"https:\/\/www.heveagenius.com\/de\/startseite\/\"},{\"@type\":\"ListItem\",\"position\":2,\"name\":\"Karriere\"}]},{\"@type\":\"WebSite\",\"@id\":\"https:\/\/www.heveagenius.com\/de\/#website\",\"url\":\"https:\/\/www.heveagenius.com\/de\/\",\"name\":\"Heveagenius\",\"description\":\"\",\"publisher\":{\"@id\":\"https:\/\/www.heveagenius.com\/de\/#organization\"},\"potentialAction\":[{\"@type\":\"SearchAction\",\"target\":{\"@type\":\"EntryPoint\",\"urlTemplate\":\"https:\/\/www.heveagenius.com\/de\/?s={search_term_string}\"},\"query-input\":{\"@type\":\"PropertyValueSpecification\",\"valueRequired\":true,\"valueName\":\"search_term_string\"}}],\"inLanguage\":\"de\"},{\"@type\":\"Organization\",\"@id\":\"https:\/\/www.heveagenius.com\/de\/#organization\",\"name\":\"HEVEA Genius\",\"url\":\"https:\/\/www.heveagenius.com\/de\/\",\"logo\":{\"@type\":\"ImageObject\",\"inLanguage\":\"de\",\"@id\":\"https:\/\/www.heveagenius.com\/de\/#\/schema\/logo\/image\/\",\"url\":\"https:\/\/www.heveagenius.com\/wp-content\/uploads\/2025\/08\/e814a8629ee4-Favicon-256.png\",\"contentUrl\":\"https:\/\/www.heveagenius.com\/wp-content\/uploads\/2025\/08\/e814a8629ee4-Favicon-256.png\",\"width\":256,\"height\":256,\"caption\":\"HEVEA Genius\"},\"image\":{\"@id\":\"https:\/\/www.heveagenius.com\/de\/#\/schema\/logo\/image\/\"},\"sameAs\":[\"https:\/\/x.com\/Heveagenius\",\"https:\/\/www.instagram.com\/hevea_genius\",\"https:\/\/www.linkedin.com\/company\/108038166\/\"]}]}<\/script>\n<!-- \/ Yoast SEO plugin. -->","yoast_head_json":{"title":"Karriere \u2013 Treten Sie HEVEA Genius bei","description":"Entdecken Sie Karrierem\u00f6glichkeiten bei HEVEA Genius. Treten Sie einem globalen Team in den Bereichen alternative Finanzen, Krypto und Verm\u00f6gensstrategie bei.","robots":{"index":"index","follow":"follow","max-snippet":"max-snippet:-1","max-image-preview":"max-image-preview:large","max-video-preview":"max-video-preview:-1"},"canonical":"https:\/\/www.heveagenius.com\/de\/karriere\/","og_locale":"de_DE","og_type":"article","og_title":"Karriere \u2013 Treten Sie HEVEA Genius bei","og_description":"Entdecken Sie Karrierem\u00f6glichkeiten bei HEVEA Genius. Treten Sie einem globalen Team in den Bereichen alternative Finanzen, Krypto und Verm\u00f6gensstrategie bei.","og_url":"https:\/\/www.heveagenius.com\/de\/karriere\/","og_site_name":"Heveagenius","article_modified_time":"2025-09-02T15:30:47+00:00","og_image":[{"width":1600,"height":900,"url":"https:\/\/www.heveagenius.com\/wp-content\/uploads\/2025\/07\/31ddb88cb1cb-relationship-private-clients.webp","type":"image\/webp"}],"twitter_card":"summary_large_image","twitter_site":"@Heveagenius","twitter_misc":{"Gesch\u00e4tzte Lesezeit":"1\u00a0Minute"},"schema":{"@context":"https:\/\/schema.org","@graph":[{"@type":"WebPage","@id":"https:\/\/www.heveagenius.com\/de\/karriere\/","url":"https:\/\/www.heveagenius.com\/de\/karriere\/","name":"Karriere \u2013 Treten Sie HEVEA Genius bei","isPartOf":{"@id":"https:\/\/www.heveagenius.com\/de\/#website"},"primaryImageOfPage":{"@id":"https:\/\/www.heveagenius.com\/de\/karriere\/#primaryimage"},"image":{"@id":"https:\/\/www.heveagenius.com\/de\/karriere\/#primaryimage"},"thumbnailUrl":"https:\/\/www.heveagenius.com\/wp-content\/uploads\/2025\/07\/31ddb88cb1cb-relationship-private-clients-1024x576.webp","datePublished":"2025-07-29T04:43:51+00:00","dateModified":"2025-09-02T15:30:47+00:00","description":"Entdecken Sie Karrierem\u00f6glichkeiten bei HEVEA Genius. Treten Sie einem globalen Team in den Bereichen alternative Finanzen, Krypto und Verm\u00f6gensstrategie bei.","breadcrumb":{"@id":"https:\/\/www.heveagenius.com\/de\/karriere\/#breadcrumb"},"inLanguage":"de","potentialAction":[{"@type":"ReadAction","target":["https:\/\/www.heveagenius.com\/de\/karriere\/"]}]},{"@type":"ImageObject","inLanguage":"de","@id":"https:\/\/www.heveagenius.com\/de\/karriere\/#primaryimage","url":"https:\/\/www.heveagenius.com\/wp-content\/uploads\/2025\/07\/31ddb88cb1cb-relationship-private-clients-1024x576.webp","contentUrl":"https:\/\/www.heveagenius.com\/wp-content\/uploads\/2025\/07\/31ddb88cb1cb-relationship-private-clients-1024x576.webp"},{"@type":"BreadcrumbList","@id":"https:\/\/www.heveagenius.com\/de\/karriere\/#breadcrumb","itemListElement":[{"@type":"ListItem","position":1,"name":"Home","item":"https:\/\/www.heveagenius.com\/de\/startseite\/"},{"@type":"ListItem","position":2,"name":"Karriere"}]},{"@type":"WebSite","@id":"https:\/\/www.heveagenius.com\/de\/#website","url":"https:\/\/www.heveagenius.com\/de\/","name":"Heveagenius","description":"","publisher":{"@id":"https:\/\/www.heveagenius.com\/de\/#organization"},"potentialAction":[{"@type":"SearchAction","target":{"@type":"EntryPoint","urlTemplate":"https:\/\/www.heveagenius.com\/de\/?s={search_term_string}"},"query-input":{"@type":"PropertyValueSpecification","valueRequired":true,"valueName":"search_term_string"}}],"inLanguage":"de"},{"@type":"Organization","@id":"https:\/\/www.heveagenius.com\/de\/#organization","name":"HEVEA Genius","url":"https:\/\/www.heveagenius.com\/de\/","logo":{"@type":"ImageObject","inLanguage":"de","@id":"https:\/\/www.heveagenius.com\/de\/#\/schema\/logo\/image\/","url":"https:\/\/www.heveagenius.com\/wp-content\/uploads\/2025\/08\/e814a8629ee4-Favicon-256.png","contentUrl":"https:\/\/www.heveagenius.com\/wp-content\/uploads\/2025\/08\/e814a8629ee4-Favicon-256.png","width":256,"height":256,"caption":"HEVEA Genius"},"image":{"@id":"https:\/\/www.heveagenius.com\/de\/#\/schema\/logo\/image\/"},"sameAs":["https:\/\/x.com\/Heveagenius","https:\/\/www.instagram.com\/hevea_genius","https:\/\/www.linkedin.com\/company\/108038166\/"]}]}},"_links":{"self":[{"href":"https:\/\/www.heveagenius.com\/de\/wp-json\/wp\/v2\/pages\/1841","targetHints":{"allow":["GET"]}}],"collection":[{"href":"https:\/\/www.heveagenius.com\/de\/wp-json\/wp\/v2\/pages"}],"about":[{"href":"https:\/\/www.heveagenius.com\/de\/wp-json\/wp\/v2\/types\/page"}],"author":[{"embeddable":true,"href":"https:\/\/www.heveagenius.com\/de\/wp-json\/wp\/v2\/users\/1"}],"replies":[{"embeddable":true,"href":"https:\/\/www.heveagenius.com\/de\/wp-json\/wp\/v2\/comments?post=1841"}],"version-history":[{"count":1,"href":"https:\/\/www.heveagenius.com\/de\/wp-json\/wp\/v2\/pages\/1841\/revisions"}],"predecessor-version":[{"id":1842,"href":"https:\/\/www.heveagenius.com\/de\/wp-json\/wp\/v2\/pages\/1841\/revisions\/1842"}],"wp:attachment":[{"href":"https:\/\/www.heveagenius.com\/de\/wp-json\/wp\/v2\/media?parent=1841"}],"curies":[{"name":"wp","href":"https:\/\/api.w.org\/{rel}","templated":true}]}}